{"id":1988,"date":"2025-06-11T13:10:52","date_gmt":"2025-06-11T13:10:52","guid":{"rendered":"https:\/\/beyond-skin.ch\/?post_type=product&#038;p=1988"},"modified":"2026-02-19T16:14:12","modified_gmt":"2026-02-19T14:14:12","slug":"eye-cream-smooth-100","status":"publish","type":"product","link":"https:\/\/beyondskin.nura-kibris.com\/it\/produkt\/eye-cream-smooth-100\/","title":{"rendered":"Eye Cream Smooth 100"},"content":{"rendered":"<p>Eine feine, leichte, hochwirksame Emulsion f\u00fcr die gesamte Augenpartie. Ideal, wenn die Augenpartie bisweilen geschwollen wirkt, bei Augenringen oder sehr unelastischem, pergamentartigem Erscheinungsbild.<\/p>\n<p>&#8211; Festigt das zarte Gewebe der Augenpartie<br \/>\n&#8211; Verbessert die Mikrozirkulation<br \/>\n&#8211; L\u00e4sst die Augenpartie abschwellen<br \/>\n&#8211; Vermindert deutlich dunkle Augenringe<br \/>\n&#8211; Mindert die Muskelkontraktion, reduziert deutlich sichtbar die Mimikfalten<br \/>\n&#8211; Regt die Collagen- und Fibroblastenproduktion an<br \/>\n&#8211; Die zarte Haut der Augenpartie gewinnt sp\u00fcrbar an Elastizit\u00e4t und Geschmeidigkeit<br \/>\n&#8211; St\u00e4rkt die hauteigenen Schutzfunktionen<\/p>\n<p>Hauptwirkstoffe: Cytobiol Lumin-Eye, EverLaSkinTM, Cross Lift MBR\u00ae, Syn\u00ae-Ake, Fomblin, Coffein, hydrolysierte Hyalurons\u00e4ure, Sheabutter, Hyalurons\u00e4ure, Ceramide III, Shambrilla\u00f6l, Jojoba\u00f6l, Vitamin E-Acetat, Golden Collagenine, Ergothioneine (Thiotaine) EGT, K\u00fcstenkamille<\/p>\n<p>15 ml<\/p>\n","protected":false},"excerpt":{"rendered":"<p><strong>Der Expertentipp f\u00fcr strahlend sch\u00f6ne Augen<\/strong><\/p>\n","protected":false},"featured_media":1989,"comment_status":"open","ping_status":"closed","template":"","meta":[],"product_brand":[40],"product_cat":[120],"product_tag":[155],"class_list":{"0":"post-1988","1":"product","2":"type-product","3":"status-publish","4":"has-post-thumbnail","6":"product_brand-mbr","7":"product_cat-augenpflege","8":"product_tag-anti-aging","10":"first","11":"instock","12":"taxable","13":"shipping-taxable","14":"purchasable","15":"product-type-simple"},"_links":{"self":[{"href":"https:\/\/beyondskin.nura-kibris.com\/it\/wp-json\/wp\/v2\/product\/1988","targetHints":{"allow":["GET"]}}],"collection":[{"href":"https:\/\/beyondskin.nura-kibris.com\/it\/wp-json\/wp\/v2\/product"}],"about":[{"href":"https:\/\/beyondskin.nura-kibris.com\/it\/wp-json\/wp\/v2\/types\/product"}],"replies":[{"embeddable":true,"href":"https:\/\/beyondskin.nura-kibris.com\/it\/wp-json\/wp\/v2\/comments?post=1988"}],"wp:featuredmedia":[{"embeddable":true,"href":"https:\/\/beyondskin.nura-kibris.com\/it\/wp-json\/wp\/v2\/media\/1989"}],"wp:attachment":[{"href":"https:\/\/beyondskin.nura-kibris.com\/it\/wp-json\/wp\/v2\/media?parent=1988"}],"wp:term":[{"taxonomy":"product_brand","embeddable":true,"href":"https:\/\/beyondskin.nura-kibris.com\/it\/wp-json\/wp\/v2\/product_brand?post=1988"},{"taxonomy":"product_cat","embeddable":true,"href":"https:\/\/beyondskin.nura-kibris.com\/it\/wp-json\/wp\/v2\/product_cat?post=1988"},{"taxonomy":"product_tag","embeddable":true,"href":"https:\/\/beyondskin.nura-kibris.com\/it\/wp-json\/wp\/v2\/product_tag?post=1988"}],"curies":[{"name":"wp","href":"https:\/\/api.w.org\/{rel}","templated":true}]}}