{"id":1984,"date":"2025-06-11T13:00:51","date_gmt":"2025-06-11T13:00:51","guid":{"rendered":"https:\/\/beyond-skin.ch\/?post_type=product&#038;p=1984"},"modified":"2026-02-19T16:13:37","modified_gmt":"2026-02-19T14:13:37","slug":"magic-pigments","status":"publish","type":"product","link":"https:\/\/beyondskin.nura-kibris.com\/it\/produkt\/magic-pigments\/","title":{"rendered":"Magic Pigments"},"content":{"rendered":"<p>Luxuri\u00f6se, intensiv pflegende und get\u00f6nte Anti-Aging Creme mit UV-Schutz. F\u00fcr eine ebenm\u00e4ssig, seidig glatte Hautoberfl\u00e4che und einen nat\u00fcrlich zart gebr\u00e4unten Teint.<\/p>\n<p>&#8211; Verleiht der Haut eine ebenm\u00e4\u00dfige, seidig glatte Oberfl\u00e4che<br \/>\n&#8211; Die nat\u00fcrlich wirkenden Farbt\u00f6ne passen sich jedem Hautton perfekt an und verhindern unerw\u00fcnschten Glanz<br \/>\n&#8211; Sch\u00fctzt vor vorzeitiger Hautalterung durch freie Radikale<br \/>\n&#8211; Wirkt entz\u00fcndungshemmend und antioxidativ<br \/>\n&#8211; Gleicht den Feuchtigkeitsgehalt der Haut aus<br \/>\n&#8211; Mimikfalten werden reduziert und vorgebeugt<\/p>\n<p>Hauptwirkstoffe: MBR\u00ae FibroBoost Complex, Ectoin, Magnolienextrakt, Thalassine 2G<\/p>\n<p>30 ml<\/p>\n","protected":false},"excerpt":{"rendered":"<p><strong>LIGHT &#8211; MEDIUM\u00a0 \u2022\u00a0 MEDIUM &#8211; DARK<\/strong><\/p>\n<p><strong>Die seidigen Hautschmeichler<\/strong><\/p>\n","protected":false},"featured_media":1987,"comment_status":"open","ping_status":"closed","template":"","meta":[],"product_brand":[40],"product_cat":[119,126],"product_tag":[158,163],"class_list":{"0":"post-1984","1":"product","2":"type-product","3":"status-publish","4":"has-post-thumbnail","6":"product_brand-mbr","7":"product_cat-cremen","8":"product_cat-specials-sets","9":"product_tag-pigmentierung","10":"product_tag-spezialthemen","12":"first","13":"instock","14":"taxable","15":"shipping-taxable","16":"purchasable","17":"product-type-variable"},"_links":{"self":[{"href":"https:\/\/beyondskin.nura-kibris.com\/it\/wp-json\/wp\/v2\/product\/1984","targetHints":{"allow":["GET"]}}],"collection":[{"href":"https:\/\/beyondskin.nura-kibris.com\/it\/wp-json\/wp\/v2\/product"}],"about":[{"href":"https:\/\/beyondskin.nura-kibris.com\/it\/wp-json\/wp\/v2\/types\/product"}],"replies":[{"embeddable":true,"href":"https:\/\/beyondskin.nura-kibris.com\/it\/wp-json\/wp\/v2\/comments?post=1984"}],"wp:featuredmedia":[{"embeddable":true,"href":"https:\/\/beyondskin.nura-kibris.com\/it\/wp-json\/wp\/v2\/media\/1987"}],"wp:attachment":[{"href":"https:\/\/beyondskin.nura-kibris.com\/it\/wp-json\/wp\/v2\/media?parent=1984"}],"wp:term":[{"taxonomy":"product_brand","embeddable":true,"href":"https:\/\/beyondskin.nura-kibris.com\/it\/wp-json\/wp\/v2\/product_brand?post=1984"},{"taxonomy":"product_cat","embeddable":true,"href":"https:\/\/beyondskin.nura-kibris.com\/it\/wp-json\/wp\/v2\/product_cat?post=1984"},{"taxonomy":"product_tag","embeddable":true,"href":"https:\/\/beyondskin.nura-kibris.com\/it\/wp-json\/wp\/v2\/product_tag?post=1984"}],"curies":[{"name":"wp","href":"https:\/\/api.w.org\/{rel}","templated":true}]}}