{"id":1978,"date":"2025-06-11T12:46:35","date_gmt":"2025-06-11T12:46:35","guid":{"rendered":"https:\/\/beyond-skin.ch\/?post_type=product&#038;p=1978"},"modified":"2026-02-19T16:11:30","modified_gmt":"2026-02-19T14:11:30","slug":"face-cream-smooth-100","status":"publish","type":"product","link":"https:\/\/beyondskin.nura-kibris.com\/it\/produkt\/face-cream-smooth-100\/","title":{"rendered":"Face Cream Smooth 100"},"content":{"rendered":"<p>Eine aussergew\u00f6hnlich effiziente Anti-Aging Pflege f\u00fcr alle, die h\u00f6chste Anspr\u00fcche an ihre Hautpflege stellen. Die seidige Creme aktiviert sp\u00fcrbar alle epidermalen und dermalen Zellfunktionen, ohne die empfindliche Haut zu irritieren. Sie hinterl\u00e4sst das Gef\u00fchl absoluten Wohlbefindens.<\/p>\n<p>&#8211; Erh\u00f6ht das Wasserbindeverm\u00f6gen der Haut<br \/>\n&#8211; Sch\u00fctzt gegen \u00e4ussere Einfl\u00fcsse<br \/>\n&#8211; Sch\u00fctzt und stimuliert das hauteigene Abwehr- und Immunsystem<br \/>\n&#8211; Hat einen verj\u00fcngenden Effekt auch auf Stammzellen<br \/>\n&#8211; Sorgt f\u00fcr bessere Zellqualit\u00e4t<br \/>\n&#8211; Stimuliert die Collagenproduktion<br \/>\n&#8211; Befeuchtet bis in die Tiefe der Haut<br \/>\n&#8211; Mindert die Muskelkontraktionen und reduziert so Linien und Falten<br \/>\n&#8211; Sch\u00fctzt, befeuchtet und gl\u00e4ttet sichtbar<\/p>\n<p>Hauptwirkstoffe: Ceramide III, Shambrilla\u00f6l, Fomblin, Hyalurons\u00e4ure, Syn\u00ae-Ake, K\u00fcstenkamille, SILA Detox\u00ae, Ergothioneine (Thiotaine) EGT, Aqua Cell, EverLaSkinTM, Golden Collagenine<\/p>\n<p>50 ml<\/p>\n","protected":false},"excerpt":{"rendered":"<p><strong>Die intensive Wohlf\u00fchlpflege<\/strong><\/p>\n","protected":false},"featured_media":1979,"comment_status":"open","ping_status":"closed","template":"","meta":[],"product_brand":[40],"product_cat":[119],"product_tag":[155,160],"class_list":{"0":"post-1978","1":"product","2":"type-product","3":"status-publish","4":"has-post-thumbnail","6":"product_brand-mbr","7":"product_cat-cremen","8":"product_tag-anti-aging","9":"product_tag-trockene-haut","11":"first","12":"instock","13":"taxable","14":"shipping-taxable","15":"purchasable","16":"product-type-simple"},"_links":{"self":[{"href":"https:\/\/beyondskin.nura-kibris.com\/it\/wp-json\/wp\/v2\/product\/1978","targetHints":{"allow":["GET"]}}],"collection":[{"href":"https:\/\/beyondskin.nura-kibris.com\/it\/wp-json\/wp\/v2\/product"}],"about":[{"href":"https:\/\/beyondskin.nura-kibris.com\/it\/wp-json\/wp\/v2\/types\/product"}],"replies":[{"embeddable":true,"href":"https:\/\/beyondskin.nura-kibris.com\/it\/wp-json\/wp\/v2\/comments?post=1978"}],"wp:featuredmedia":[{"embeddable":true,"href":"https:\/\/beyondskin.nura-kibris.com\/it\/wp-json\/wp\/v2\/media\/1979"}],"wp:attachment":[{"href":"https:\/\/beyondskin.nura-kibris.com\/it\/wp-json\/wp\/v2\/media?parent=1978"}],"wp:term":[{"taxonomy":"product_brand","embeddable":true,"href":"https:\/\/beyondskin.nura-kibris.com\/it\/wp-json\/wp\/v2\/product_brand?post=1978"},{"taxonomy":"product_cat","embeddable":true,"href":"https:\/\/beyondskin.nura-kibris.com\/it\/wp-json\/wp\/v2\/product_cat?post=1978"},{"taxonomy":"product_tag","embeddable":true,"href":"https:\/\/beyondskin.nura-kibris.com\/it\/wp-json\/wp\/v2\/product_tag?post=1978"}],"curies":[{"name":"wp","href":"https:\/\/api.w.org\/{rel}","templated":true}]}}