{"id":1976,"date":"2025-06-11T12:43:35","date_gmt":"2025-06-11T12:43:35","guid":{"rendered":"https:\/\/beyond-skin.ch\/?post_type=product&#038;p=1976"},"modified":"2026-02-19T16:10:52","modified_gmt":"2026-02-19T14:10:52","slug":"hair-scalp-booster","status":"publish","type":"product","link":"https:\/\/beyondskin.nura-kibris.com\/it\/produkt\/hair-scalp-booster\/","title":{"rendered":"Hair &#038; Scalp Booster"},"content":{"rendered":"<p>Ein innovativer Hair-Booster zur Vorbeugung von Haarverlust sowie Vitalisierung und Kr\u00e4ftigung der Haarwurzel und Kopfhaut. Zur t\u00e4glichen Pflege f\u00fcr dichteres und ges\u00fcnderes Haar.<\/p>\n<p>&#8211; Verbessert die Widerstandskraft der Haare und sorgt f\u00fcr erh\u00f6hte Haarwurzelkraft<br \/>\n&#8211; Verringert Haarverlust und regt das Haarwachstum an<br \/>\n&#8211; St\u00e4rkt Haar und Kopfhaut<br \/>\n&#8211; Gibt dem Haar Glanz und Vitalit\u00e4t<br \/>\n&#8211; Befeuchtet das Haar optimal<\/p>\n<p>Hauptwirkstoffe: CapixylTM hochdosiert, Lactil\u00ae, MultiEx BSASMTM, Coffein, Inositol<\/p>\n<p>20 x 5 ml<\/p>\n","protected":false},"excerpt":{"rendered":"<p><strong>Der Extra-Boost f\u00fcr Haar und Kopfhaut<\/strong><\/p>\n","protected":false},"featured_media":1977,"comment_status":"open","ping_status":"closed","template":"","meta":[],"product_brand":[40],"product_cat":[123],"product_tag":[162],"class_list":{"0":"post-1976","1":"product","2":"type-product","3":"status-publish","4":"has-post-thumbnail","6":"product_brand-mbr","7":"product_cat-haarpflege","8":"product_tag-silhouette","10":"first","11":"instock","12":"taxable","13":"shipping-taxable","14":"purchasable","15":"product-type-simple"},"_links":{"self":[{"href":"https:\/\/beyondskin.nura-kibris.com\/it\/wp-json\/wp\/v2\/product\/1976","targetHints":{"allow":["GET"]}}],"collection":[{"href":"https:\/\/beyondskin.nura-kibris.com\/it\/wp-json\/wp\/v2\/product"}],"about":[{"href":"https:\/\/beyondskin.nura-kibris.com\/it\/wp-json\/wp\/v2\/types\/product"}],"replies":[{"embeddable":true,"href":"https:\/\/beyondskin.nura-kibris.com\/it\/wp-json\/wp\/v2\/comments?post=1976"}],"wp:featuredmedia":[{"embeddable":true,"href":"https:\/\/beyondskin.nura-kibris.com\/it\/wp-json\/wp\/v2\/media\/1977"}],"wp:attachment":[{"href":"https:\/\/beyondskin.nura-kibris.com\/it\/wp-json\/wp\/v2\/media?parent=1976"}],"wp:term":[{"taxonomy":"product_brand","embeddable":true,"href":"https:\/\/beyondskin.nura-kibris.com\/it\/wp-json\/wp\/v2\/product_brand?post=1976"},{"taxonomy":"product_cat","embeddable":true,"href":"https:\/\/beyondskin.nura-kibris.com\/it\/wp-json\/wp\/v2\/product_cat?post=1976"},{"taxonomy":"product_tag","embeddable":true,"href":"https:\/\/beyondskin.nura-kibris.com\/it\/wp-json\/wp\/v2\/product_tag?post=1976"}],"curies":[{"name":"wp","href":"https:\/\/api.w.org\/{rel}","templated":true}]}}