{"id":1974,"date":"2025-06-11T12:40:19","date_gmt":"2025-06-11T12:40:19","guid":{"rendered":"https:\/\/beyond-skin.ch\/?post_type=product&#038;p=1974"},"modified":"2026-02-19T16:10:32","modified_gmt":"2026-02-19T14:10:32","slug":"hair-scalp-conditioner","status":"publish","type":"product","link":"https:\/\/beyondskin.nura-kibris.com\/it\/produkt\/hair-scalp-conditioner\/","title":{"rendered":"Hair &#038; Scalp CONDITIONER"},"content":{"rendered":"<p>Der besonders pflegende Conditioner kr\u00e4ftigt das Haar und verleiht ihm mehr Griffigkeit und lebendigen Glanz. Die optimale Erg\u00e4nzung zum Hair &amp; Scalp SHAMPOO.<\/p>\n<p>&#8211; Gl\u00e4ttet die Haaroberfl\u00e4che und verbessert die K\u00e4mmbarkeit der Haare<br \/>\n&#8211; Verleiht dem Haar Volumen<br \/>\n&#8211; Kr\u00e4ftigt das Haar und gibt ihm einen seidigen Glanz<br \/>\n&#8211; Unterst\u00fctzt das Haarwachstum und sorgt f\u00fcr einen nat\u00fcrlichen Schutz der Kopfhaut<br \/>\n&#8211; Versorgt Haar und Kopfhaut mit Feuchtigkeit<\/p>\n<p>Hauptwirkstoffe: Keratin, Seidenprotein, Schwarzer Hafer Extrakt, Avocado\u00f6l, Rizinus\u00f6l, Sojaprotein, Dexpanthenol (Provitamin B5), Vitamin E, Lecithin, Kokos\u00f6l<\/p>\n<p>200 ml<\/p>\n","protected":false},"excerpt":{"rendered":"<p><strong>Das Pflegeextra f\u00fcr Haar und Kopfhaut<\/strong><\/p>\n","protected":false},"featured_media":1975,"comment_status":"open","ping_status":"closed","template":"","meta":[],"product_brand":[40],"product_cat":[123],"product_tag":[162],"class_list":{"0":"post-1974","1":"product","2":"type-product","3":"status-publish","4":"has-post-thumbnail","6":"product_brand-mbr","7":"product_cat-haarpflege","8":"product_tag-silhouette","10":"first","11":"instock","12":"taxable","13":"shipping-taxable","14":"purchasable","15":"product-type-simple"},"_links":{"self":[{"href":"https:\/\/beyondskin.nura-kibris.com\/it\/wp-json\/wp\/v2\/product\/1974","targetHints":{"allow":["GET"]}}],"collection":[{"href":"https:\/\/beyondskin.nura-kibris.com\/it\/wp-json\/wp\/v2\/product"}],"about":[{"href":"https:\/\/beyondskin.nura-kibris.com\/it\/wp-json\/wp\/v2\/types\/product"}],"replies":[{"embeddable":true,"href":"https:\/\/beyondskin.nura-kibris.com\/it\/wp-json\/wp\/v2\/comments?post=1974"}],"wp:featuredmedia":[{"embeddable":true,"href":"https:\/\/beyondskin.nura-kibris.com\/it\/wp-json\/wp\/v2\/media\/1975"}],"wp:attachment":[{"href":"https:\/\/beyondskin.nura-kibris.com\/it\/wp-json\/wp\/v2\/media?parent=1974"}],"wp:term":[{"taxonomy":"product_brand","embeddable":true,"href":"https:\/\/beyondskin.nura-kibris.com\/it\/wp-json\/wp\/v2\/product_brand?post=1974"},{"taxonomy":"product_cat","embeddable":true,"href":"https:\/\/beyondskin.nura-kibris.com\/it\/wp-json\/wp\/v2\/product_cat?post=1974"},{"taxonomy":"product_tag","embeddable":true,"href":"https:\/\/beyondskin.nura-kibris.com\/it\/wp-json\/wp\/v2\/product_tag?post=1974"}],"curies":[{"name":"wp","href":"https:\/\/api.w.org\/{rel}","templated":true}]}}