{"id":1958,"date":"2025-06-11T11:35:16","date_gmt":"2025-06-11T11:35:16","guid":{"rendered":"https:\/\/beyond-skin.ch\/?post_type=product&#038;p=1958"},"modified":"2026-02-19T13:05:30","modified_gmt":"2026-02-19T11:05:30","slug":"hydrating-lifting-toner","status":"publish","type":"product","link":"https:\/\/beyondskin.nura-kibris.com\/it\/produkt\/hydrating-lifting-toner\/","title":{"rendered":"Hydrating &#038; Lifting Toner"},"content":{"rendered":"<p>Aktivierender, erfrischender und straffender Toner, der den Aufbau neuer Zellen f\u00f6rdert und die jugendliche Ausstrahlung in Schwung bringt. Die Haut wird Tag f\u00fcr Tag gest\u00e4rkt. Er erg\u00e4nzt perfekt die nachfolgenden Pflegewirkstoffe.<\/p>\n<p>&#8211; Entspannt die Mikromuskulatur, Mimikfalten werden reduziert und vorgebeugt<br \/>\n&#8211; Reguliert und f\u00f6rdert den Feuchtigkeitsgehalt der Haut<br \/>\n&#8211; Erfrischt die Haut und verleiht ihr neue Energie<\/p>\n<p>Hauptwirkstoffe: MBR\u00ae FibroBoost Complex, Inositol, MSM (Methylsulfonyl Methane, schwefelhaltiger organischer Stoff), Thalassine 2G, Hyalurons\u00e4ure, HyaCare\u00ae, RosmarinylTM Glucoside, Pentavitin\u00ae, IBR Pristinizer<\/p>\n<p>150 ml<\/p>\n","protected":false},"excerpt":{"rendered":"<p><strong>Der multi-aktive Toner<\/strong><\/p>\n","protected":false},"featured_media":1959,"comment_status":"open","ping_status":"closed","template":"","meta":[],"product_brand":[40],"product_cat":[116],"product_tag":[155,160],"class_list":{"0":"post-1958","1":"product","2":"type-product","3":"status-publish","4":"has-post-thumbnail","6":"product_brand-mbr","7":"product_cat-toner","8":"product_tag-anti-aging","9":"product_tag-trockene-haut","11":"first","12":"instock","13":"taxable","14":"shipping-taxable","15":"purchasable","16":"product-type-simple"},"_links":{"self":[{"href":"https:\/\/beyondskin.nura-kibris.com\/it\/wp-json\/wp\/v2\/product\/1958","targetHints":{"allow":["GET"]}}],"collection":[{"href":"https:\/\/beyondskin.nura-kibris.com\/it\/wp-json\/wp\/v2\/product"}],"about":[{"href":"https:\/\/beyondskin.nura-kibris.com\/it\/wp-json\/wp\/v2\/types\/product"}],"replies":[{"embeddable":true,"href":"https:\/\/beyondskin.nura-kibris.com\/it\/wp-json\/wp\/v2\/comments?post=1958"}],"wp:featuredmedia":[{"embeddable":true,"href":"https:\/\/beyondskin.nura-kibris.com\/it\/wp-json\/wp\/v2\/media\/1959"}],"wp:attachment":[{"href":"https:\/\/beyondskin.nura-kibris.com\/it\/wp-json\/wp\/v2\/media?parent=1958"}],"wp:term":[{"taxonomy":"product_brand","embeddable":true,"href":"https:\/\/beyondskin.nura-kibris.com\/it\/wp-json\/wp\/v2\/product_brand?post=1958"},{"taxonomy":"product_cat","embeddable":true,"href":"https:\/\/beyondskin.nura-kibris.com\/it\/wp-json\/wp\/v2\/product_cat?post=1958"},{"taxonomy":"product_tag","embeddable":true,"href":"https:\/\/beyondskin.nura-kibris.com\/it\/wp-json\/wp\/v2\/product_tag?post=1958"}],"curies":[{"name":"wp","href":"https:\/\/api.w.org\/{rel}","templated":true}]}}