{"id":1956,"date":"2025-06-11T11:31:57","date_gmt":"2025-06-11T11:31:57","guid":{"rendered":"https:\/\/beyond-skin.ch\/?post_type=product&#038;p=1956"},"modified":"2026-02-19T13:05:15","modified_gmt":"2026-02-19T11:05:15","slug":"enzyme-cleansing-booster","status":"publish","type":"product","link":"https:\/\/beyondskin.nura-kibris.com\/it\/produkt\/enzyme-cleansing-booster\/","title":{"rendered":"Enzyme Cleansing Booster"},"content":{"rendered":"<p>Unvergleichlich sanft und dennoch porentief er\u00f6ffnen Sie mit Enzyme Cleansing Booster Ihr luxuri\u00f6ses Pure Perfection-Pflegeritual. Ihre Haut erstrahlt in Reinheit, Klarheit, wirkt erfrischt, mattiert, ebenm\u00e4\u00dfig und ist ultra-optimal auf jeden weiteren Pflegeschritt vorbereitet.<\/p>\n<p>&#8211; Luxuri\u00f6se, sanfte und dennoch porentiefe Reinigung der Hautoberfl\u00e4che<br \/>\n&#8211; L\u00f6st effizient Verhornungen, Talg- und Lipidablagerungen<br \/>\n&#8211; Mindert Unreinheiten<br \/>\n&#8211; Aktiviert die Hauterneuerung<br \/>\n&#8211; Unterst\u00fctzt den Zellstoffwechsel und f\u00f6rdert Detox-Vorg\u00e4nge<br \/>\n&#8211; Optimiert die Aufnahmef\u00e4higkeit der Haut f\u00fcr nachfolgende Produkte<br \/>\n&#8211; Beruhigt und bewahrt den Feuchtigkeitshaushalt<br \/>\n&#8211; Reguliert den pH-Wert der Haut<br \/>\n&#8211; F\u00fcr ein mattiertes und ebenm\u00e4\u00dfiges Hautbild<\/p>\n<p>Hauptwirkstoffe: Zymo Clear MD, Aminos\u00e4ure-Tensid, Natriumbikarbonat, Kaolin, Aloe Vera Gel Powder, Inositol, Coffein, Niacin, MPCTM, Allantoin, Ectoin<\/p>\n<p>80 g<\/p>\n","protected":false},"excerpt":{"rendered":"<p><strong>Die Perfektion der Reinheit<\/strong><\/p>\n","protected":false},"featured_media":1957,"comment_status":"open","ping_status":"closed","template":"","meta":[],"product_brand":[40],"product_cat":[115],"product_tag":[159,155],"class_list":{"0":"post-1956","1":"product","2":"type-product","3":"status-publish","4":"has-post-thumbnail","6":"product_brand-mbr","7":"product_cat-peelings-fruchtsaeuren","8":"product_tag-akne-unreine-haut-poren","9":"product_tag-anti-aging","11":"first","12":"instock","13":"taxable","14":"shipping-taxable","15":"purchasable","16":"product-type-simple"},"_links":{"self":[{"href":"https:\/\/beyondskin.nura-kibris.com\/it\/wp-json\/wp\/v2\/product\/1956","targetHints":{"allow":["GET"]}}],"collection":[{"href":"https:\/\/beyondskin.nura-kibris.com\/it\/wp-json\/wp\/v2\/product"}],"about":[{"href":"https:\/\/beyondskin.nura-kibris.com\/it\/wp-json\/wp\/v2\/types\/product"}],"replies":[{"embeddable":true,"href":"https:\/\/beyondskin.nura-kibris.com\/it\/wp-json\/wp\/v2\/comments?post=1956"}],"wp:featuredmedia":[{"embeddable":true,"href":"https:\/\/beyondskin.nura-kibris.com\/it\/wp-json\/wp\/v2\/media\/1957"}],"wp:attachment":[{"href":"https:\/\/beyondskin.nura-kibris.com\/it\/wp-json\/wp\/v2\/media?parent=1956"}],"wp:term":[{"taxonomy":"product_brand","embeddable":true,"href":"https:\/\/beyondskin.nura-kibris.com\/it\/wp-json\/wp\/v2\/product_brand?post=1956"},{"taxonomy":"product_cat","embeddable":true,"href":"https:\/\/beyondskin.nura-kibris.com\/it\/wp-json\/wp\/v2\/product_cat?post=1956"},{"taxonomy":"product_tag","embeddable":true,"href":"https:\/\/beyondskin.nura-kibris.com\/it\/wp-json\/wp\/v2\/product_tag?post=1956"}],"curies":[{"name":"wp","href":"https:\/\/api.w.org\/{rel}","templated":true}]}}