{"id":1948,"date":"2025-06-11T11:19:42","date_gmt":"2025-06-11T11:19:42","guid":{"rendered":"https:\/\/beyond-skin.ch\/?post_type=product&#038;p=1948"},"modified":"2026-02-19T13:03:28","modified_gmt":"2026-02-19T11:03:28","slug":"city-sky","status":"publish","type":"product","link":"https:\/\/beyondskin.nura-kibris.com\/it\/produkt\/city-sky\/","title":{"rendered":"City &#038; Sky"},"content":{"rendered":"<p>City &amp; Sky schenkt durch den einzigartigen High-Tech-Vitamincocktail der Haut die n\u00f6tige Vitalit\u00e4t und Energie, um allen negativen Einfl\u00fcssen unserer heutigen modernen Welt zu trotzen und ihre jugendliche Aura zu bewahren.<\/p>\n<p>&#8211; Wirkt antioxidativ<br \/>\n&#8211; St\u00e4rkt die Abwehrkraft der Haut<br \/>\n&#8211; Bewahrt und verleiht Ausstrahlung und Leuchtkraft<br \/>\n&#8211; Bewahrt und steigert den Feuchtigkeitshaushalt<br \/>\n&#8211; Wirkt lichtbedingten Zellsch\u00e4den entgegen<br \/>\n&#8211; Wirkt Linien- und Faltenentstehung entgegen<\/p>\n<p>Hauptwirkstoffe: Superox-C, KombuchkaTM, Vitamin C Glucosid, Vitamin E, Vitamin A, SymHelios\u00ae 1031, RosmarinylTM Glucoside, Avocado\u00f6l<\/p>\n<p>50 ml<\/p>\n","protected":false},"excerpt":{"rendered":"<p><strong>Der erfrischende \u201eFaceguard\u201c<\/strong><\/p>\n","protected":false},"featured_media":1949,"comment_status":"open","ping_status":"closed","template":"","meta":[],"product_brand":[40],"product_cat":[119],"product_tag":[158,163],"class_list":{"0":"post-1948","1":"product","2":"type-product","3":"status-publish","4":"has-post-thumbnail","6":"product_brand-mbr","7":"product_cat-cremen","8":"product_tag-pigmentierung","9":"product_tag-spezialthemen","11":"first","12":"instock","13":"taxable","14":"shipping-taxable","15":"purchasable","16":"product-type-simple"},"_links":{"self":[{"href":"https:\/\/beyondskin.nura-kibris.com\/it\/wp-json\/wp\/v2\/product\/1948","targetHints":{"allow":["GET"]}}],"collection":[{"href":"https:\/\/beyondskin.nura-kibris.com\/it\/wp-json\/wp\/v2\/product"}],"about":[{"href":"https:\/\/beyondskin.nura-kibris.com\/it\/wp-json\/wp\/v2\/types\/product"}],"replies":[{"embeddable":true,"href":"https:\/\/beyondskin.nura-kibris.com\/it\/wp-json\/wp\/v2\/comments?post=1948"}],"wp:featuredmedia":[{"embeddable":true,"href":"https:\/\/beyondskin.nura-kibris.com\/it\/wp-json\/wp\/v2\/media\/1949"}],"wp:attachment":[{"href":"https:\/\/beyondskin.nura-kibris.com\/it\/wp-json\/wp\/v2\/media?parent=1948"}],"wp:term":[{"taxonomy":"product_brand","embeddable":true,"href":"https:\/\/beyondskin.nura-kibris.com\/it\/wp-json\/wp\/v2\/product_brand?post=1948"},{"taxonomy":"product_cat","embeddable":true,"href":"https:\/\/beyondskin.nura-kibris.com\/it\/wp-json\/wp\/v2\/product_cat?post=1948"},{"taxonomy":"product_tag","embeddable":true,"href":"https:\/\/beyondskin.nura-kibris.com\/it\/wp-json\/wp\/v2\/product_tag?post=1948"}],"curies":[{"name":"wp","href":"https:\/\/api.w.org\/{rel}","templated":true}]}}