{"id":1945,"date":"2025-06-11T11:16:28","date_gmt":"2025-06-11T11:16:28","guid":{"rendered":"https:\/\/beyond-skin.ch\/?post_type=product&#038;p=1945"},"modified":"2026-02-19T13:00:22","modified_gmt":"2026-02-19T11:00:22","slug":"vitamin-c-power-cure","status":"publish","type":"product","link":"https:\/\/beyondskin.nura-kibris.com\/it\/produkt\/vitamin-c-power-cure\/","title":{"rendered":"Vitamin C Power-Cure"},"content":{"rendered":"<p>Die Vitamin C Power-Cure ist eine Anti-Aging Intensivkur mit hochkonzentriertem Vitamin C \u2212 der perfekte Schutz gegen alle Zeichen der Hautalterung. St\u00e4rkt die Haut ab der ersten Anwendung auf optimale Weise vor allen negativen Einfl\u00fcssen der heutigen Umwelt wie UV-Strahlung, Umweltbelastungen und Lebensstil.<\/p>\n<p>&#8211; Reduziert feine Linien und F\u00e4ltchen<br \/>\n&#8211; Strafft die Haut und verbessert die Hautelastizit\u00e4t<br \/>\n&#8211; Regt die Kollagensynthese an und steigert den Zellstoffwechsel<br \/>\n&#8211; F\u00f6rdert einen ebenm\u00e4\u00dfigen und strahlenden Hautton<br \/>\n&#8211; Neutralisiert freie Radikale und verhindert die Bildung neuer freier Radikale<\/p>\n<p>Hauptwirkstoffe:\u00a0<strong>High Active Vitamin C:<\/strong> Ascorbins\u00e4ure, Polyquaternium-10, Jojoba\u00f6l\u00a0<strong>Liquid Activator:<\/strong> Hydrolite\u00ae 5, Hyalurons\u00e4ure, hydrolysierte Hyalurons\u00e4ure, Urea, Acmella oleracea, Pentavitin\u00ae, MBR\u00ae Komplex mit Panthenol, K\u00fcstenkamille, Gr\u00fcner Tee, Rosmarin, Centella Asiatica, S\u00fcssholzwurzel<\/p>\n<p>21 x 50 mg\u00a0 +\u00a0 3 x 5 ml<\/p>\n","protected":false},"excerpt":{"rendered":"<p><strong>Der Power-Vitamincocktail<\/strong><\/p>\n","protected":false},"featured_media":1947,"comment_status":"open","ping_status":"closed","template":"","meta":[],"product_brand":[40],"product_cat":[118,126],"product_tag":[155,158,163],"class_list":{"0":"post-1945","1":"product","2":"type-product","3":"status-publish","4":"has-post-thumbnail","6":"product_brand-mbr","7":"product_cat-seren","8":"product_cat-specials-sets","9":"product_tag-anti-aging","10":"product_tag-pigmentierung","11":"product_tag-spezialthemen","13":"first","14":"instock","15":"taxable","16":"shipping-taxable","17":"purchasable","18":"product-type-simple"},"_links":{"self":[{"href":"https:\/\/beyondskin.nura-kibris.com\/it\/wp-json\/wp\/v2\/product\/1945","targetHints":{"allow":["GET"]}}],"collection":[{"href":"https:\/\/beyondskin.nura-kibris.com\/it\/wp-json\/wp\/v2\/product"}],"about":[{"href":"https:\/\/beyondskin.nura-kibris.com\/it\/wp-json\/wp\/v2\/types\/product"}],"replies":[{"embeddable":true,"href":"https:\/\/beyondskin.nura-kibris.com\/it\/wp-json\/wp\/v2\/comments?post=1945"}],"wp:featuredmedia":[{"embeddable":true,"href":"https:\/\/beyondskin.nura-kibris.com\/it\/wp-json\/wp\/v2\/media\/1947"}],"wp:attachment":[{"href":"https:\/\/beyondskin.nura-kibris.com\/it\/wp-json\/wp\/v2\/media?parent=1945"}],"wp:term":[{"taxonomy":"product_brand","embeddable":true,"href":"https:\/\/beyondskin.nura-kibris.com\/it\/wp-json\/wp\/v2\/product_brand?post=1945"},{"taxonomy":"product_cat","embeddable":true,"href":"https:\/\/beyondskin.nura-kibris.com\/it\/wp-json\/wp\/v2\/product_cat?post=1945"},{"taxonomy":"product_tag","embeddable":true,"href":"https:\/\/beyondskin.nura-kibris.com\/it\/wp-json\/wp\/v2\/product_tag?post=1945"}],"curies":[{"name":"wp","href":"https:\/\/api.w.org\/{rel}","templated":true}]}}