{"id":1882,"date":"2025-06-05T15:52:06","date_gmt":"2025-06-05T15:52:06","guid":{"rendered":"https:\/\/beyond-skin.ch\/?post_type=product&#038;p=1882"},"modified":"2026-03-02T17:13:23","modified_gmt":"2026-03-02T15:13:23","slug":"moisturizing-shampoo","status":"publish","type":"product","link":"https:\/\/beyondskin.nura-kibris.com\/it\/produkt\/moisturizing-shampoo\/","title":{"rendered":"Moisturizing SHAMPOO"},"content":{"rendered":"<p>Ein feuchtigkeitsspendendes Shampoo mit farbsch\u00fctzender Wirkung. Die enthaltenen nat\u00fcrlichen Inhaltsstoffe sorgen f\u00fcr wundersch\u00f6ne und gesunde Haare.<\/p>\n<p>&#8211; Reinigt besonders schonend und gr\u00fcndlich<br \/>\n&#8211; Versorgt mit wertvollen Vitaminen und Aminos\u00e4uren<br \/>\n&#8211; Pflegt und kr\u00e4ftigt das Haar<\/p>\n<p>Hauptwirkstoffe: Symbio\u00ae Quat, Panthenol, Hyalurons\u00e4ure, Vitamin E<\/p>\n<p>200 ml<\/p>\n","protected":false},"excerpt":{"rendered":"<h3>Der Feuchtigkeitskick f\u00fcr Haar und Kopfhaut<\/h3>\n","protected":false},"featured_media":1883,"comment_status":"open","ping_status":"closed","template":"","meta":[],"product_brand":[40],"product_cat":[123],"product_tag":[162],"class_list":{"0":"post-1882","1":"product","2":"type-product","3":"status-publish","4":"has-post-thumbnail","6":"product_brand-mbr","7":"product_cat-haarpflege","8":"product_tag-silhouette","10":"first","11":"instock","12":"taxable","13":"shipping-taxable","14":"purchasable","15":"product-type-simple"},"_links":{"self":[{"href":"https:\/\/beyondskin.nura-kibris.com\/it\/wp-json\/wp\/v2\/product\/1882","targetHints":{"allow":["GET"]}}],"collection":[{"href":"https:\/\/beyondskin.nura-kibris.com\/it\/wp-json\/wp\/v2\/product"}],"about":[{"href":"https:\/\/beyondskin.nura-kibris.com\/it\/wp-json\/wp\/v2\/types\/product"}],"replies":[{"embeddable":true,"href":"https:\/\/beyondskin.nura-kibris.com\/it\/wp-json\/wp\/v2\/comments?post=1882"}],"wp:featuredmedia":[{"embeddable":true,"href":"https:\/\/beyondskin.nura-kibris.com\/it\/wp-json\/wp\/v2\/media\/1883"}],"wp:attachment":[{"href":"https:\/\/beyondskin.nura-kibris.com\/it\/wp-json\/wp\/v2\/media?parent=1882"}],"wp:term":[{"taxonomy":"product_brand","embeddable":true,"href":"https:\/\/beyondskin.nura-kibris.com\/it\/wp-json\/wp\/v2\/product_brand?post=1882"},{"taxonomy":"product_cat","embeddable":true,"href":"https:\/\/beyondskin.nura-kibris.com\/it\/wp-json\/wp\/v2\/product_cat?post=1882"},{"taxonomy":"product_tag","embeddable":true,"href":"https:\/\/beyondskin.nura-kibris.com\/it\/wp-json\/wp\/v2\/product_tag?post=1882"}],"curies":[{"name":"wp","href":"https:\/\/api.w.org\/{rel}","templated":true}]}}