{"id":1878,"date":"2025-06-05T15:45:52","date_gmt":"2025-06-05T15:45:52","guid":{"rendered":"https:\/\/beyond-skin.ch\/?post_type=product&#038;p=1878"},"modified":"2026-02-18T18:23:18","modified_gmt":"2026-02-18T16:23:18","slug":"multi-performance-teint-optimizer-light","status":"publish","type":"product","link":"https:\/\/beyondskin.nura-kibris.com\/it\/produkt\/multi-performance-teint-optimizer-light\/","title":{"rendered":"Multi-Performance Teint Optimizer Light"},"content":{"rendered":"<p>Intensiv pflegende und leicht get\u00f6nte Anti-Aging Creme, die der Gesichtshaut tags\u00fcber ausreichend Schutz bietet und einen nat\u00fcrlich, zart gebr\u00e4unten Teint verleiht.<\/p>\n<p>&#8211; Die ultraleichte Textur l\u00e4sst sich leicht verteilen und verleiht der Haut eine ebenm\u00e4\u00dfige, seidig glatte Oberfl\u00e4che<br \/>\n&#8211; Die empfindliche Gesichtshaut ist weniger empfindlich gegen\u00fcber Umweltbelastungen<br \/>\n&#8211; Strafft, regeneriert, gleicht aus und kaschiert Falten und Unebenheiten<br \/>\n&#8211; Sch\u00fctzt vor vorzeitiger Hautalterung und Pigmentflecken<br \/>\n&#8211; Die nat\u00fcrlich wirkenden Farbt\u00f6ne passen sich jedem Hautton an und verhindern unerw\u00fcnschten Glanz<\/p>\n<p>Hauptwirkstoffe: K\u00fcstenkamille, nat\u00fcrlicher L\u00e4rchenextrakt, Oliven\u00f6l, Ginkgoextrakt, erdfarbene Pigmente<\/p>\n<p>30 ml<\/p>\n","protected":false},"excerpt":{"rendered":"<p>Das nat\u00fcrlich leichte Multi-Talent \u2022\u00a0Der Experte f\u00fcr einen strahlenden Teint<\/p>\n","protected":false},"featured_media":1881,"comment_status":"open","ping_status":"closed","template":"","meta":[],"product_brand":[40],"product_cat":[119,126],"product_tag":[158,163],"class_list":{"0":"post-1878","1":"product","2":"type-product","3":"status-publish","4":"has-post-thumbnail","6":"product_brand-mbr","7":"product_cat-cremen","8":"product_cat-specials-sets","9":"product_tag-pigmentierung","10":"product_tag-spezialthemen","12":"first","13":"instock","14":"taxable","15":"shipping-taxable","16":"purchasable","17":"product-type-variable"},"_links":{"self":[{"href":"https:\/\/beyondskin.nura-kibris.com\/it\/wp-json\/wp\/v2\/product\/1878","targetHints":{"allow":["GET"]}}],"collection":[{"href":"https:\/\/beyondskin.nura-kibris.com\/it\/wp-json\/wp\/v2\/product"}],"about":[{"href":"https:\/\/beyondskin.nura-kibris.com\/it\/wp-json\/wp\/v2\/types\/product"}],"replies":[{"embeddable":true,"href":"https:\/\/beyondskin.nura-kibris.com\/it\/wp-json\/wp\/v2\/comments?post=1878"}],"wp:featuredmedia":[{"embeddable":true,"href":"https:\/\/beyondskin.nura-kibris.com\/it\/wp-json\/wp\/v2\/media\/1881"}],"wp:attachment":[{"href":"https:\/\/beyondskin.nura-kibris.com\/it\/wp-json\/wp\/v2\/media?parent=1878"}],"wp:term":[{"taxonomy":"product_brand","embeddable":true,"href":"https:\/\/beyondskin.nura-kibris.com\/it\/wp-json\/wp\/v2\/product_brand?post=1878"},{"taxonomy":"product_cat","embeddable":true,"href":"https:\/\/beyondskin.nura-kibris.com\/it\/wp-json\/wp\/v2\/product_cat?post=1878"},{"taxonomy":"product_tag","embeddable":true,"href":"https:\/\/beyondskin.nura-kibris.com\/it\/wp-json\/wp\/v2\/product_tag?post=1878"}],"curies":[{"name":"wp","href":"https:\/\/api.w.org\/{rel}","templated":true}]}}