{"id":1874,"date":"2025-06-05T15:36:51","date_gmt":"2025-06-05T15:36:51","guid":{"rendered":"https:\/\/beyond-skin.ch\/?post_type=product&#038;p=1874"},"modified":"2026-02-18T18:22:45","modified_gmt":"2026-02-18T16:22:45","slug":"eyelift-cream","status":"publish","type":"product","link":"https:\/\/beyondskin.nura-kibris.com\/it\/produkt\/eyelift-cream\/","title":{"rendered":"EyeLift Cream"},"content":{"rendered":"<p>Ein kosmetisches Augen-Lifting, das die Augenpartie innerhalb k\u00fcrzester Zeit neu definiert und sichtbar glattere und straffere Konturen verleiht.<\/p>\n<p>&#8211; Wirkt aktiv gegen Kr\u00e4henf\u00fcsse<br \/>\n&#8211; Mildert Linien und F\u00e4ltchen<br \/>\n&#8211; H\u00e4lt die zarte Augenpartie geschmeidig<br \/>\n&#8211; Verleiht eine sichtbar ebenm\u00e4ssige Hautoberfl\u00e4chenstruktur<br \/>\n&#8211; Verbessert sofort das Erscheinungsbild der zarten Augenpartie<br \/>\n&#8211; Mindert dunkle Schatten unter den Augen<\/p>\n<p>Hauptwirkstoffe: BeautifeyeTM, Sheabutter, Argan\u00f6l, Vitamin E (2,0%!), Shambrilla\u00f6l, Hyalurons\u00e4ure, Coffein, Inositol, Crambe \u00d6l, Carnitin (L-Carnitin)<\/p>\n<p>30 ml<\/p>\n","protected":false},"excerpt":{"rendered":"<p><strong>Das definierte Augenlifting<\/strong><\/p>\n","protected":false},"featured_media":1875,"comment_status":"open","ping_status":"closed","template":"","meta":[],"product_brand":[40],"product_cat":[120],"product_tag":[155,158],"class_list":{"0":"post-1874","1":"product","2":"type-product","3":"status-publish","4":"has-post-thumbnail","6":"product_brand-mbr","7":"product_cat-augenpflege","8":"product_tag-anti-aging","9":"product_tag-pigmentierung","11":"first","12":"instock","13":"taxable","14":"shipping-taxable","15":"purchasable","16":"product-type-simple"},"_links":{"self":[{"href":"https:\/\/beyondskin.nura-kibris.com\/it\/wp-json\/wp\/v2\/product\/1874","targetHints":{"allow":["GET"]}}],"collection":[{"href":"https:\/\/beyondskin.nura-kibris.com\/it\/wp-json\/wp\/v2\/product"}],"about":[{"href":"https:\/\/beyondskin.nura-kibris.com\/it\/wp-json\/wp\/v2\/types\/product"}],"replies":[{"embeddable":true,"href":"https:\/\/beyondskin.nura-kibris.com\/it\/wp-json\/wp\/v2\/comments?post=1874"}],"wp:featuredmedia":[{"embeddable":true,"href":"https:\/\/beyondskin.nura-kibris.com\/it\/wp-json\/wp\/v2\/media\/1875"}],"wp:attachment":[{"href":"https:\/\/beyondskin.nura-kibris.com\/it\/wp-json\/wp\/v2\/media?parent=1874"}],"wp:term":[{"taxonomy":"product_brand","embeddable":true,"href":"https:\/\/beyondskin.nura-kibris.com\/it\/wp-json\/wp\/v2\/product_brand?post=1874"},{"taxonomy":"product_cat","embeddable":true,"href":"https:\/\/beyondskin.nura-kibris.com\/it\/wp-json\/wp\/v2\/product_cat?post=1874"},{"taxonomy":"product_tag","embeddable":true,"href":"https:\/\/beyondskin.nura-kibris.com\/it\/wp-json\/wp\/v2\/product_tag?post=1874"}],"curies":[{"name":"wp","href":"https:\/\/api.w.org\/{rel}","templated":true}]}}