{"id":1868,"date":"2025-06-05T15:27:39","date_gmt":"2025-06-05T15:27:39","guid":{"rendered":"https:\/\/beyond-skin.ch\/?post_type=product&#038;p=1868"},"modified":"2026-02-18T18:18:38","modified_gmt":"2026-02-18T16:18:38","slug":"sensitive-skin-sealer-cream","status":"publish","type":"product","link":"https:\/\/beyondskin.nura-kibris.com\/it\/produkt\/sensitive-skin-sealer-cream\/","title":{"rendered":"Sensitive Skin Sealer Cream"},"content":{"rendered":"<p>Eine intensiv pflegende Gesichtscreme f\u00fcr die zu Irritationen neigende und sehr trockene Haut. Sch\u00fctzt die Haut und macht sie geschmeidig.<\/p>\n<p>&#8211; Unterst\u00fctzt die Regeneration der Hautbarriere<br \/>\n&#8211; Verbessert die Oberfl\u00e4chenstruktur und Widerstandskraft der Haut<br \/>\n&#8211; Versorgt die Haut mit Lipiden<br \/>\n&#8211; Beruhigt, reduziert die Hautempfindlichkeit<br \/>\n&#8211; Sch\u00fctzt vor umweltbedingten Einfl\u00fcssen<br \/>\n&#8211; Durchfeuchtet die Haut langanhaltend und sch\u00fctzt vor Feuchtigkeitsverlust<\/p>\n<p>Hauptwirkstoffe: Ceramide III, Sheabutter, Avocado\u00f6l, Crambe \u00d6l, Crodamol ISIS, Shambrilla\u00f6l, Fomblin, Smoothing Komplex (Kamille, Rosmarin, Bisabolol), Pentavitin\u00ae<\/p>\n<p>50 ml<\/p>\n","protected":false},"excerpt":{"rendered":"<p><strong>Der Hautschutz mit Pflegeerlebnis<\/strong><\/p>\n","protected":false},"featured_media":1869,"comment_status":"open","ping_status":"closed","template":"","meta":[],"product_brand":[40],"product_cat":[119],"product_tag":[164],"class_list":{"0":"post-1868","1":"product","2":"type-product","3":"status-publish","4":"has-post-thumbnail","6":"product_brand-mbr","7":"product_cat-cremen","8":"product_tag-reaktive-haut","10":"first","11":"instock","12":"taxable","13":"shipping-taxable","14":"purchasable","15":"product-type-simple"},"_links":{"self":[{"href":"https:\/\/beyondskin.nura-kibris.com\/it\/wp-json\/wp\/v2\/product\/1868","targetHints":{"allow":["GET"]}}],"collection":[{"href":"https:\/\/beyondskin.nura-kibris.com\/it\/wp-json\/wp\/v2\/product"}],"about":[{"href":"https:\/\/beyondskin.nura-kibris.com\/it\/wp-json\/wp\/v2\/types\/product"}],"replies":[{"embeddable":true,"href":"https:\/\/beyondskin.nura-kibris.com\/it\/wp-json\/wp\/v2\/comments?post=1868"}],"wp:featuredmedia":[{"embeddable":true,"href":"https:\/\/beyondskin.nura-kibris.com\/it\/wp-json\/wp\/v2\/media\/1869"}],"wp:attachment":[{"href":"https:\/\/beyondskin.nura-kibris.com\/it\/wp-json\/wp\/v2\/media?parent=1868"}],"wp:term":[{"taxonomy":"product_brand","embeddable":true,"href":"https:\/\/beyondskin.nura-kibris.com\/it\/wp-json\/wp\/v2\/product_brand?post=1868"},{"taxonomy":"product_cat","embeddable":true,"href":"https:\/\/beyondskin.nura-kibris.com\/it\/wp-json\/wp\/v2\/product_cat?post=1868"},{"taxonomy":"product_tag","embeddable":true,"href":"https:\/\/beyondskin.nura-kibris.com\/it\/wp-json\/wp\/v2\/product_tag?post=1868"}],"curies":[{"name":"wp","href":"https:\/\/api.w.org\/{rel}","templated":true}]}}