{"id":1856,"date":"2025-06-05T15:13:42","date_gmt":"2025-06-05T15:13:42","guid":{"rendered":"https:\/\/beyond-skin.ch\/?post_type=product&#038;p=1856"},"modified":"2026-02-18T18:15:43","modified_gmt":"2026-02-18T16:15:43","slug":"cleansing-mask","status":"publish","type":"product","link":"https:\/\/beyondskin.nura-kibris.com\/it\/produkt\/cleansing-mask\/","title":{"rendered":"Cleansing Mask"},"content":{"rendered":"<p>Die innovative Reinigungsmaske auf Tonerdebasis speziell f\u00fcr eine tiefere Wirkung entwickelt, sorgt f\u00fcr eine intensive Verfeinerung der Poren. Kann auch als Detox-Maske angewendet werden. Wirkt k\u00fchlend und belebend.<\/p>\n<p>&#8211; Unterst\u00fctzt die Regulierung der Talgproduktion und mattiert den Teint<br \/>\n&#8211; Verfeinert die Poren und mildert die Unreinheiten<br \/>\n&#8211; Verbessert sichtbar das Hautbild<\/p>\n<p>Hauptwirkstoffe: Allantoin, Bisabolol, Vitamin E, Magnesium, Allantoin, Hydrolite\u00ae 5, Kaolin, Pflanzenextrakt, Panthenol, Bambus Powder<\/p>\n<p>100 ml<\/p>\n","protected":false},"excerpt":{"rendered":"<p><strong>Gesichtsmaske f\u00fcr strahlende und reine Haut<\/strong><\/p>\n","protected":false},"featured_media":1857,"comment_status":"open","ping_status":"closed","template":"","meta":[],"product_brand":[40],"product_cat":[117,115],"product_tag":[159,164],"class_list":{"0":"post-1856","1":"product","2":"type-product","3":"status-publish","4":"has-post-thumbnail","6":"product_brand-mbr","7":"product_cat-masken","8":"product_cat-peelings-fruchtsaeuren","9":"product_tag-akne-unreine-haut-poren","10":"product_tag-reaktive-haut","12":"first","13":"instock","14":"taxable","15":"shipping-taxable","16":"purchasable","17":"product-type-simple"},"_links":{"self":[{"href":"https:\/\/beyondskin.nura-kibris.com\/it\/wp-json\/wp\/v2\/product\/1856","targetHints":{"allow":["GET"]}}],"collection":[{"href":"https:\/\/beyondskin.nura-kibris.com\/it\/wp-json\/wp\/v2\/product"}],"about":[{"href":"https:\/\/beyondskin.nura-kibris.com\/it\/wp-json\/wp\/v2\/types\/product"}],"replies":[{"embeddable":true,"href":"https:\/\/beyondskin.nura-kibris.com\/it\/wp-json\/wp\/v2\/comments?post=1856"}],"wp:featuredmedia":[{"embeddable":true,"href":"https:\/\/beyondskin.nura-kibris.com\/it\/wp-json\/wp\/v2\/media\/1857"}],"wp:attachment":[{"href":"https:\/\/beyondskin.nura-kibris.com\/it\/wp-json\/wp\/v2\/media?parent=1856"}],"wp:term":[{"taxonomy":"product_brand","embeddable":true,"href":"https:\/\/beyondskin.nura-kibris.com\/it\/wp-json\/wp\/v2\/product_brand?post=1856"},{"taxonomy":"product_cat","embeddable":true,"href":"https:\/\/beyondskin.nura-kibris.com\/it\/wp-json\/wp\/v2\/product_cat?post=1856"},{"taxonomy":"product_tag","embeddable":true,"href":"https:\/\/beyondskin.nura-kibris.com\/it\/wp-json\/wp\/v2\/product_tag?post=1856"}],"curies":[{"name":"wp","href":"https:\/\/api.w.org\/{rel}","templated":true}]}}