{"id":1854,"date":"2025-06-05T15:00:51","date_gmt":"2025-06-05T15:00:51","guid":{"rendered":"https:\/\/beyond-skin.ch\/?post_type=product&#038;p=1854"},"modified":"2026-02-18T18:14:41","modified_gmt":"2026-02-18T16:14:41","slug":"night-oil","status":"publish","type":"product","link":"https:\/\/beyondskin.nura-kibris.com\/it\/produkt\/night-oil\/","title":{"rendered":"Night Oil"},"content":{"rendered":"<p>Das intensive, hochwertige Anti-Aging Gesichtspflege\u00f6l mit dem Hauptwirkstoff CHLORELLA EXTRAKT pflegt besonders intensiv und schenkt der Haut ein angenehmes und geschmeidiges Hautgef\u00fchl. Das Ergebnis ist eine regenerierte, glatte und ausgeglichene Haut mit einer strahlenden Leuchtkraft.<\/p>\n<p>&#8211; Wirkt der vorzeitigen Zellalterung entgegen<br \/>\n&#8211; Tr\u00e4gt zu einem verbesserten Hautgef\u00fchl bei<br \/>\n&#8211; Reduziert das Auftreten von Falten<br \/>\n&#8211; Unterst\u00fctzt die nat\u00fcrlichen Regenerationsmechanismen der Haut<br \/>\n&#8211; Sch\u00fctzt die Haut vor dem Austrocknen<br \/>\n&#8211; Versorgt die oberen Hautschichten mit ausreichend N\u00e4hrstoffen<br \/>\n&#8211; Beruhigt und sch\u00fctzt vor Irritationen<\/p>\n<p>Hauptwirkstoffe: Chlorella Extrakt, Squalan, Jojoba\u00f6l, Macadamia\u00f6l, Soja\u00f6l, Algenextrakt, Lavendel\u00f6l, Kamillenextrakt, Rosmarinextrakt<\/p>\n<p>2 x 15 ml<\/p>\n<p>&nbsp;<\/p>\n","protected":false},"excerpt":{"rendered":"<p><strong>Der besondere Sch\u00f6nmacher zur Entfaltung<\/strong><\/p>\n","protected":false},"featured_media":1855,"comment_status":"open","ping_status":"closed","template":"","meta":[],"product_brand":[40],"product_cat":[118],"product_tag":[155,160],"class_list":{"0":"post-1854","1":"product","2":"type-product","3":"status-publish","4":"has-post-thumbnail","6":"product_brand-mbr","7":"product_cat-seren","8":"product_tag-anti-aging","9":"product_tag-trockene-haut","11":"first","12":"instock","13":"taxable","14":"shipping-taxable","15":"purchasable","16":"product-type-simple"},"_links":{"self":[{"href":"https:\/\/beyondskin.nura-kibris.com\/it\/wp-json\/wp\/v2\/product\/1854","targetHints":{"allow":["GET"]}}],"collection":[{"href":"https:\/\/beyondskin.nura-kibris.com\/it\/wp-json\/wp\/v2\/product"}],"about":[{"href":"https:\/\/beyondskin.nura-kibris.com\/it\/wp-json\/wp\/v2\/types\/product"}],"replies":[{"embeddable":true,"href":"https:\/\/beyondskin.nura-kibris.com\/it\/wp-json\/wp\/v2\/comments?post=1854"}],"wp:featuredmedia":[{"embeddable":true,"href":"https:\/\/beyondskin.nura-kibris.com\/it\/wp-json\/wp\/v2\/media\/1855"}],"wp:attachment":[{"href":"https:\/\/beyondskin.nura-kibris.com\/it\/wp-json\/wp\/v2\/media?parent=1854"}],"wp:term":[{"taxonomy":"product_brand","embeddable":true,"href":"https:\/\/beyondskin.nura-kibris.com\/it\/wp-json\/wp\/v2\/product_brand?post=1854"},{"taxonomy":"product_cat","embeddable":true,"href":"https:\/\/beyondskin.nura-kibris.com\/it\/wp-json\/wp\/v2\/product_cat?post=1854"},{"taxonomy":"product_tag","embeddable":true,"href":"https:\/\/beyondskin.nura-kibris.com\/it\/wp-json\/wp\/v2\/product_tag?post=1854"}],"curies":[{"name":"wp","href":"https:\/\/api.w.org\/{rel}","templated":true}]}}