{"id":1850,"date":"2025-06-05T14:20:12","date_gmt":"2025-06-05T14:20:12","guid":{"rendered":"https:\/\/beyond-skin.ch\/?post_type=product&#038;p=1850"},"modified":"2026-02-18T18:17:08","modified_gmt":"2026-02-18T16:17:08","slug":"vital-liquid-mask","status":"publish","type":"product","link":"https:\/\/beyondskin.nura-kibris.com\/it\/produkt\/vital-liquid-mask\/","title":{"rendered":"Vital Liquid Mask"},"content":{"rendered":"<p>Eine aktive Liquid-Maske der neuen Generation, die aufgrund ihrer au\u00dfergew\u00f6hnlichen Textur jeder Haut sofortige Vitalit\u00e4t und jugendliche Ausstrahlung verleiht.<\/p>\n<p>&#8211; Minimiert schnell und zuverl\u00e4ssig unterschiedlichste Faltentypen<br \/>\n&#8211; Durchfeuchtet die Haut langanhaltend und sch\u00fctzt vor Feuchtigkeitsverlust<br \/>\n&#8211; Verleiht der Haut neue Energie, wenn sie m\u00fcde und abgespannt ist<br \/>\n&#8211; Bringt die Haut in ihr nat\u00fcrliches Gleichgewicht<\/p>\n<p>Hauptwirkstoffe: EverLaSkinTM, Hyalurons\u00e4ure, Thalassine 2G, Pentavitin\u00ae, Allantoin, MultiEx BSASMTM<\/p>\n<p>8 x 1 St\u00fcck<\/p>\n","protected":false},"excerpt":{"rendered":"<p><strong>Die energetisierende Feuchtigkeitsmaske<\/strong><\/p>\n","protected":false},"featured_media":1851,"comment_status":"open","ping_status":"closed","template":"","meta":[],"product_brand":[40],"product_cat":[117],"product_tag":[155,163],"class_list":{"0":"post-1850","1":"product","2":"type-product","3":"status-publish","4":"has-post-thumbnail","6":"product_brand-mbr","7":"product_cat-masken","8":"product_tag-anti-aging","9":"product_tag-spezialthemen","11":"first","12":"instock","13":"taxable","14":"shipping-taxable","15":"purchasable","16":"product-type-simple"},"_links":{"self":[{"href":"https:\/\/beyondskin.nura-kibris.com\/it\/wp-json\/wp\/v2\/product\/1850","targetHints":{"allow":["GET"]}}],"collection":[{"href":"https:\/\/beyondskin.nura-kibris.com\/it\/wp-json\/wp\/v2\/product"}],"about":[{"href":"https:\/\/beyondskin.nura-kibris.com\/it\/wp-json\/wp\/v2\/types\/product"}],"replies":[{"embeddable":true,"href":"https:\/\/beyondskin.nura-kibris.com\/it\/wp-json\/wp\/v2\/comments?post=1850"}],"wp:featuredmedia":[{"embeddable":true,"href":"https:\/\/beyondskin.nura-kibris.com\/it\/wp-json\/wp\/v2\/media\/1851"}],"wp:attachment":[{"href":"https:\/\/beyondskin.nura-kibris.com\/it\/wp-json\/wp\/v2\/media?parent=1850"}],"wp:term":[{"taxonomy":"product_brand","embeddable":true,"href":"https:\/\/beyondskin.nura-kibris.com\/it\/wp-json\/wp\/v2\/product_brand?post=1850"},{"taxonomy":"product_cat","embeddable":true,"href":"https:\/\/beyondskin.nura-kibris.com\/it\/wp-json\/wp\/v2\/product_cat?post=1850"},{"taxonomy":"product_tag","embeddable":true,"href":"https:\/\/beyondskin.nura-kibris.com\/it\/wp-json\/wp\/v2\/product_tag?post=1850"}],"curies":[{"name":"wp","href":"https:\/\/api.w.org\/{rel}","templated":true}]}}