{"id":1847,"date":"2025-06-05T14:13:25","date_gmt":"2025-06-05T14:13:25","guid":{"rendered":"https:\/\/beyond-skin.ch\/?post_type=product&#038;p=1847"},"modified":"2026-02-18T18:14:08","modified_gmt":"2026-02-18T16:14:08","slug":"hyaluron-mask","status":"publish","type":"product","link":"https:\/\/beyondskin.nura-kibris.com\/it\/produkt\/hyaluron-mask\/","title":{"rendered":"Hyaluron Mask"},"content":{"rendered":"<p>Intensiv feuchtigkeitsspendende, pflegende und festigende Crememaske mit Anti-Falten- Effekt. Ein effektiver Feuchtigkeitsbooster f\u00fcr einen strahlenden Teint.<\/p>\n<p>&#8211; Intensiv befeuchtend und aufpolsternd<br \/>\n&#8211; Sofort sichtbarer Anti-Falten Effekt<br \/>\n&#8211; Erzielt eine deutliche Verbesserung der Oberfl\u00e4chenstruktur<br \/>\n&#8211; Verbessert die Spannkraft der Haut<br \/>\n&#8211; Wirkt entz\u00fcndungshemmend<\/p>\n<p>Hauptwirkstoffe: Hyalurons\u00e4ure, Hyalurons\u00e4ure hochmolekular, Hyalurons\u00e4ure kleinmolekular, FILMEXEL\u00ae Lifting Faktor, Pentavitin\u00ae, Thalassine 2G, Macadamia\u00f6l, Mandel\u00f6l, Abyssinan Oil, Argan\u00f6l<\/p>\n<p>100 ml<\/p>\n","protected":false},"excerpt":{"rendered":"<p><strong>Der Sch\u00f6nheits-Booster<\/strong><\/p>\n","protected":false},"featured_media":1848,"comment_status":"open","ping_status":"closed","template":"","meta":[],"product_brand":[40],"product_cat":[117],"product_tag":[160],"class_list":{"0":"post-1847","1":"product","2":"type-product","3":"status-publish","4":"has-post-thumbnail","6":"product_brand-mbr","7":"product_cat-masken","8":"product_tag-trockene-haut","10":"first","11":"instock","12":"taxable","13":"shipping-taxable","14":"purchasable","15":"product-type-simple"},"_links":{"self":[{"href":"https:\/\/beyondskin.nura-kibris.com\/it\/wp-json\/wp\/v2\/product\/1847","targetHints":{"allow":["GET"]}}],"collection":[{"href":"https:\/\/beyondskin.nura-kibris.com\/it\/wp-json\/wp\/v2\/product"}],"about":[{"href":"https:\/\/beyondskin.nura-kibris.com\/it\/wp-json\/wp\/v2\/types\/product"}],"replies":[{"embeddable":true,"href":"https:\/\/beyondskin.nura-kibris.com\/it\/wp-json\/wp\/v2\/comments?post=1847"}],"wp:featuredmedia":[{"embeddable":true,"href":"https:\/\/beyondskin.nura-kibris.com\/it\/wp-json\/wp\/v2\/media\/1848"}],"wp:attachment":[{"href":"https:\/\/beyondskin.nura-kibris.com\/it\/wp-json\/wp\/v2\/media?parent=1847"}],"wp:term":[{"taxonomy":"product_brand","embeddable":true,"href":"https:\/\/beyondskin.nura-kibris.com\/it\/wp-json\/wp\/v2\/product_brand?post=1847"},{"taxonomy":"product_cat","embeddable":true,"href":"https:\/\/beyondskin.nura-kibris.com\/it\/wp-json\/wp\/v2\/product_cat?post=1847"},{"taxonomy":"product_tag","embeddable":true,"href":"https:\/\/beyondskin.nura-kibris.com\/it\/wp-json\/wp\/v2\/product_tag?post=1847"}],"curies":[{"name":"wp","href":"https:\/\/api.w.org\/{rel}","templated":true}]}}