{"id":1840,"date":"2025-06-05T13:58:48","date_gmt":"2025-06-05T13:58:48","guid":{"rendered":"https:\/\/beyond-skin.ch\/?post_type=product&#038;p=1840"},"modified":"2026-02-12T17:28:12","modified_gmt":"2026-02-12T15:28:12","slug":"gentle-moisturizing-gel","status":"publish","type":"product","link":"https:\/\/beyondskin.nura-kibris.com\/it\/produkt\/gentle-moisturizing-gel\/","title":{"rendered":"Gentle Moisturizing Gel"},"content":{"rendered":"<p>Vitalisierendes und intensiv befeuchtendes Gesichtsgel f\u00fcr eine angenehm nachhaltige Befeuchtung der Haut. Eine Kombination aus Hyaluron und Collagen sorgen zudem f\u00fcr Schutz vor negativen Umwelteinfl\u00fcssen.<\/p>\n<p>&#8211; Gibt der Haut maximale Feuchtigkeit<br \/>\n&#8211; Erh\u00f6ht Spannkraft und Elastizit\u00e4t<br \/>\n&#8211; L\u00e4sst die Haut ausgeglichen, glatt und frisch erscheinen<\/p>\n<p>Hauptwirkstoffe: Inositol, Hyalurons\u00e4ure, Glycerin, Vitamin E, Pentavitin\u00ae<\/p>\n<p>30 ml<\/p>\n","protected":false},"excerpt":{"rendered":"<p>Der sanfte Durstl\u00f6scher<\/p>\n","protected":false},"featured_media":1842,"comment_status":"open","ping_status":"closed","template":"","meta":[],"product_brand":[40],"product_cat":[118],"product_tag":[],"class_list":{"0":"post-1840","1":"product","2":"type-product","3":"status-publish","4":"has-post-thumbnail","6":"product_brand-mbr","7":"product_cat-seren","9":"first","10":"instock","11":"taxable","12":"shipping-taxable","13":"purchasable","14":"product-type-simple"},"_links":{"self":[{"href":"https:\/\/beyondskin.nura-kibris.com\/it\/wp-json\/wp\/v2\/product\/1840","targetHints":{"allow":["GET"]}}],"collection":[{"href":"https:\/\/beyondskin.nura-kibris.com\/it\/wp-json\/wp\/v2\/product"}],"about":[{"href":"https:\/\/beyondskin.nura-kibris.com\/it\/wp-json\/wp\/v2\/types\/product"}],"replies":[{"embeddable":true,"href":"https:\/\/beyondskin.nura-kibris.com\/it\/wp-json\/wp\/v2\/comments?post=1840"}],"wp:featuredmedia":[{"embeddable":true,"href":"https:\/\/beyondskin.nura-kibris.com\/it\/wp-json\/wp\/v2\/media\/1842"}],"wp:attachment":[{"href":"https:\/\/beyondskin.nura-kibris.com\/it\/wp-json\/wp\/v2\/media?parent=1840"}],"wp:term":[{"taxonomy":"product_brand","embeddable":true,"href":"https:\/\/beyondskin.nura-kibris.com\/it\/wp-json\/wp\/v2\/product_brand?post=1840"},{"taxonomy":"product_cat","embeddable":true,"href":"https:\/\/beyondskin.nura-kibris.com\/it\/wp-json\/wp\/v2\/product_cat?post=1840"},{"taxonomy":"product_tag","embeddable":true,"href":"https:\/\/beyondskin.nura-kibris.com\/it\/wp-json\/wp\/v2\/product_tag?post=1840"}],"curies":[{"name":"wp","href":"https:\/\/api.w.org\/{rel}","templated":true}]}}