{"id":1725,"date":"2025-06-02T15:28:37","date_gmt":"2025-06-02T15:28:37","guid":{"rendered":"https:\/\/beyond-skin.ch\/?post_type=product&#038;p=1725"},"modified":"2026-02-18T15:54:22","modified_gmt":"2026-02-18T13:54:22","slug":"foam-cleanser","status":"publish","type":"product","link":"https:\/\/beyondskin.nura-kibris.com\/it\/produkt\/foam-cleanser\/","title":{"rendered":"Foam Cleanser"},"content":{"rendered":"<p>Sanft prickelnder Reinigungsschaum f\u00fcr eine gr\u00fcndliche Tiefenreinigung der Haut. Eine Kombination aus Aminos\u00e4uren und dem Provitamin B5 unterst\u00fctzt die Zellneubildung und somit den Gewebeaufbau.<\/p>\n<p>&#8211; Intensiv reinigend<br \/>\n&#8211; Vermittelt ein angenehmes Frischegef\u00fchl<br \/>\n&#8211; Unterst\u00fctzt aktiv die Zellregeneration<br \/>\n&#8211; Verfeinert die Oberfl\u00e4chenstruktur<br \/>\n&#8211; Bereitet die Haut auf eine Rasur vor<\/p>\n<p>Hauptwirkstoffe: Foam-Complex mit Skin Conditioner, Inositol, Pentavitin\u00ae, Arginin, Allantoin, Dexpanthenol (Provitamin B5)<\/p>\n<p>100 ml<\/p>\n<p>&nbsp;<\/p>\n","protected":false},"excerpt":{"rendered":"<p><strong>Die prickelnde Tiefenreinigung<\/strong><\/p>\n","protected":false},"featured_media":1726,"comment_status":"open","ping_status":"closed","template":"","meta":[],"product_brand":[40],"product_cat":[115,114],"product_tag":[159,155,158,160],"class_list":{"0":"post-1725","1":"product","2":"type-product","3":"status-publish","4":"has-post-thumbnail","6":"product_brand-mbr","7":"product_cat-peelings-fruchtsaeuren","8":"product_cat-reinigungen","9":"product_tag-akne-unreine-haut-poren","10":"product_tag-anti-aging","11":"product_tag-pigmentierung","12":"product_tag-trockene-haut","14":"first","15":"instock","16":"taxable","17":"shipping-taxable","18":"purchasable","19":"product-type-simple"},"_links":{"self":[{"href":"https:\/\/beyondskin.nura-kibris.com\/it\/wp-json\/wp\/v2\/product\/1725","targetHints":{"allow":["GET"]}}],"collection":[{"href":"https:\/\/beyondskin.nura-kibris.com\/it\/wp-json\/wp\/v2\/product"}],"about":[{"href":"https:\/\/beyondskin.nura-kibris.com\/it\/wp-json\/wp\/v2\/types\/product"}],"replies":[{"embeddable":true,"href":"https:\/\/beyondskin.nura-kibris.com\/it\/wp-json\/wp\/v2\/comments?post=1725"}],"wp:featuredmedia":[{"embeddable":true,"href":"https:\/\/beyondskin.nura-kibris.com\/it\/wp-json\/wp\/v2\/media\/1726"}],"wp:attachment":[{"href":"https:\/\/beyondskin.nura-kibris.com\/it\/wp-json\/wp\/v2\/media?parent=1725"}],"wp:term":[{"taxonomy":"product_brand","embeddable":true,"href":"https:\/\/beyondskin.nura-kibris.com\/it\/wp-json\/wp\/v2\/product_brand?post=1725"},{"taxonomy":"product_cat","embeddable":true,"href":"https:\/\/beyondskin.nura-kibris.com\/it\/wp-json\/wp\/v2\/product_cat?post=1725"},{"taxonomy":"product_tag","embeddable":true,"href":"https:\/\/beyondskin.nura-kibris.com\/it\/wp-json\/wp\/v2\/product_tag?post=1725"}],"curies":[{"name":"wp","href":"https:\/\/api.w.org\/{rel}","templated":true}]}}