{"id":1706,"date":"2025-06-02T13:16:02","date_gmt":"2025-06-02T13:16:02","guid":{"rendered":"https:\/\/beyond-skin.ch\/?post_type=product&#038;p=1706"},"modified":"2026-02-18T15:51:43","modified_gmt":"2026-02-18T13:51:43","slug":"two-in-one-cleanser","status":"publish","type":"product","link":"https:\/\/beyondskin.nura-kibris.com\/it\/produkt\/two-in-one-cleanser\/","title":{"rendered":"Two in One Cleanser"},"content":{"rendered":"<p>Eine innovative, milde Gesichtsreinigung aus hautfreundlichen Emulgatoren und waschaktiven Substanzen auf der Basis von Aminos\u00e4uren. Gleichzeitig werden der Haut r\u00fcckfettende Lipide und Pflegekomponenten zugef\u00fchrt.<\/p>\n<p>&#8211; Verleiht m\u00fcder Haut ein frisches und gesundes Aussehen<br \/>\n&#8211; Verbessert die Hautoberfl\u00e4chenstruktur<br \/>\n&#8211; Unterst\u00fctzt das Feuchthalteverm\u00f6gen der Haut<br \/>\n&#8211; Unterst\u00fctzt den Hauterneuerungsprozess<br \/>\n&#8211; Vermittelt ein weiches, entspanntes Hautgef\u00fchl<\/p>\n<p>Hauptwirkstoffe: Allantoin, Aprilose, Limnanthes Alba (Meadowfoam Seed Oil), Abyssinian Oil, K\u00fcstenkamille, milde Reinigungssubstanz auf Aminos\u00e4urebasis<\/p>\n<p>150 ml<\/p>\n","protected":false},"excerpt":{"rendered":"<p>Die milde Intensivreinigung<\/p>\n","protected":false},"featured_media":1708,"comment_status":"open","ping_status":"closed","template":"","meta":[],"product_brand":[40],"product_cat":[114],"product_tag":[159,155,158],"class_list":{"0":"post-1706","1":"product","2":"type-product","3":"status-publish","4":"has-post-thumbnail","6":"product_brand-mbr","7":"product_cat-reinigungen","8":"product_tag-akne-unreine-haut-poren","9":"product_tag-anti-aging","10":"product_tag-pigmentierung","12":"first","13":"instock","14":"taxable","15":"shipping-taxable","16":"purchasable","17":"product-type-simple"},"_links":{"self":[{"href":"https:\/\/beyondskin.nura-kibris.com\/it\/wp-json\/wp\/v2\/product\/1706","targetHints":{"allow":["GET"]}}],"collection":[{"href":"https:\/\/beyondskin.nura-kibris.com\/it\/wp-json\/wp\/v2\/product"}],"about":[{"href":"https:\/\/beyondskin.nura-kibris.com\/it\/wp-json\/wp\/v2\/types\/product"}],"replies":[{"embeddable":true,"href":"https:\/\/beyondskin.nura-kibris.com\/it\/wp-json\/wp\/v2\/comments?post=1706"}],"wp:featuredmedia":[{"embeddable":true,"href":"https:\/\/beyondskin.nura-kibris.com\/it\/wp-json\/wp\/v2\/media\/1708"}],"wp:attachment":[{"href":"https:\/\/beyondskin.nura-kibris.com\/it\/wp-json\/wp\/v2\/media?parent=1706"}],"wp:term":[{"taxonomy":"product_brand","embeddable":true,"href":"https:\/\/beyondskin.nura-kibris.com\/it\/wp-json\/wp\/v2\/product_brand?post=1706"},{"taxonomy":"product_cat","embeddable":true,"href":"https:\/\/beyondskin.nura-kibris.com\/it\/wp-json\/wp\/v2\/product_cat?post=1706"},{"taxonomy":"product_tag","embeddable":true,"href":"https:\/\/beyondskin.nura-kibris.com\/it\/wp-json\/wp\/v2\/product_tag?post=1706"}],"curies":[{"name":"wp","href":"https:\/\/api.w.org\/{rel}","templated":true}]}}