{"id":5430,"date":"2026-01-28T12:43:21","date_gmt":"2026-01-28T10:43:21","guid":{"rendered":"https:\/\/beyond-skin.ch\/?post_type=product&#038;p=5430"},"modified":"2026-01-30T17:10:57","modified_gmt":"2026-01-30T15:10:57","slug":"k02-immune","status":"publish","type":"product","link":"https:\/\/beyondskin.nura-kibris.com\/fr\/produkt\/k02-immune\/","title":{"rendered":"K+02 IMMUNE"},"content":{"rendered":"<p>Speziell entwickelt f\u00fcr all jene, die ihr Wohlbefinden durch Zellschutz und pr\u00e4ventive Investition in ihre Gesundheit auf das h\u00f6chste Level heben wollen. Im Kern dieses innovativen Blends liegt eine Mischung aus antioxidativen Vitaminen und N\u00e4hrstoffen mit wissenschaftlich nachgewiesenem Mehrwert. Wir haben sie sorgf\u00e4ltig anhand ihres Potenzials ausgew\u00e4hlt, Ihre Abwehrmechanismen zu st\u00e4rken. Die Synergie aus diesen Inhaltsstoffen f\u00f6rdert die Zellerneuerung und bek\u00e4mpft Viren und Zellverfall.<\/p>\n<p>&nbsp;<\/p>\n<p><strong>Inhalt:<\/strong> Jedes Sachet enth\u00e4lt 15 ml der Formel.<\/p>\n<p><strong>Geschmack:<\/strong> Cremige Mango &amp; Vanille. Wir verwenden nat\u00fcrliche Geschmacksstoffe, um die Nahrungserg\u00e4nzung zum genussvollen Teil Ihrer t\u00e4glichen Routine zu machen.<\/p>\n<p><strong>Resultate:<\/strong> Um sp\u00fcrbare Ergebnisse zu erzielen, empfehlen wir eine kontinuierliche t\u00e4gliche Anwendung w\u00e4hrend mindestens drei Monaten. Erste Vorteile k\u00f6nnen Sie aber bereits nach 14 Tagen sehen oder f\u00fchlen.<\/p>\n","protected":false},"excerpt":{"rendered":"<p><strong>Fl\u00fcssige Nahrungserg\u00e4nzung<\/strong><\/p>\n<p>1 Sachet pro Tag<\/p>\n<p>15 Sachets<\/p>\n","protected":false},"featured_media":5428,"comment_status":"open","ping_status":"closed","template":"","meta":[],"product_brand":[151],"product_cat":[152],"product_tag":[],"class_list":{"0":"post-5430","1":"product","2":"type-product","3":"status-publish","4":"has-post-thumbnail","6":"product_brand-swisskern","7":"product_cat-supplements","9":"first","10":"instock","11":"taxable","12":"shipping-taxable","13":"purchasable","14":"product-type-simple"},"_links":{"self":[{"href":"https:\/\/beyondskin.nura-kibris.com\/fr\/wp-json\/wp\/v2\/product\/5430","targetHints":{"allow":["GET"]}}],"collection":[{"href":"https:\/\/beyondskin.nura-kibris.com\/fr\/wp-json\/wp\/v2\/product"}],"about":[{"href":"https:\/\/beyondskin.nura-kibris.com\/fr\/wp-json\/wp\/v2\/types\/product"}],"replies":[{"embeddable":true,"href":"https:\/\/beyondskin.nura-kibris.com\/fr\/wp-json\/wp\/v2\/comments?post=5430"}],"wp:featuredmedia":[{"embeddable":true,"href":"https:\/\/beyondskin.nura-kibris.com\/fr\/wp-json\/wp\/v2\/media\/5428"}],"wp:attachment":[{"href":"https:\/\/beyondskin.nura-kibris.com\/fr\/wp-json\/wp\/v2\/media?parent=5430"}],"wp:term":[{"taxonomy":"product_brand","embeddable":true,"href":"https:\/\/beyondskin.nura-kibris.com\/fr\/wp-json\/wp\/v2\/product_brand?post=5430"},{"taxonomy":"product_cat","embeddable":true,"href":"https:\/\/beyondskin.nura-kibris.com\/fr\/wp-json\/wp\/v2\/product_cat?post=5430"},{"taxonomy":"product_tag","embeddable":true,"href":"https:\/\/beyondskin.nura-kibris.com\/fr\/wp-json\/wp\/v2\/product_tag?post=5430"}],"curies":[{"name":"wp","href":"https:\/\/api.w.org\/{rel}","templated":true}]}}