{"id":5419,"date":"2026-01-28T12:14:31","date_gmt":"2026-01-28T10:14:31","guid":{"rendered":"https:\/\/beyond-skin.ch\/?post_type=product&#038;p=5419"},"modified":"2026-01-30T17:10:34","modified_gmt":"2026-01-30T15:10:34","slug":"k01-life","status":"publish","type":"product","link":"https:\/\/beyondskin.nura-kibris.com\/fr\/produkt\/k01-life\/","title":{"rendered":"K+01 LIFE"},"content":{"rendered":"<p>Life setzt neue Standards f\u00fcr Nahrungserg\u00e4nzung: Es ist unser ikonischer Blend, der Wohlbefinden und Langlebigkeit f\u00f6rdert. Seine \u00fcberlegene Formel vereint erstklassige patentierte Inhaltsstoffe wie Pr\u00e4biotika, essenzielle Vitamine und Mineralien sowie nat\u00fcrliche Adaptogene. Gemeinsam wirken sie harmonisch auf Herz, Darm und Geist und leben den Grundstein f\u00fcr optimales Wohlbefinden und Gleichgewicht.<\/p>\n<p>&nbsp;<\/p>\n<p><strong>Inhalt:<\/strong> Jedes Sachet enth\u00e4lt 15 ml der Formel.<\/p>\n<p><strong>Geschmack:<\/strong> Walderdbeeren und Sahne. Wir verwenden nat\u00fcrliche Geschmacksstoffe, um die Nahrungserg\u00e4nzung zum genussvollen Teil Ihrer t\u00e4glichen Routine zu machen.<\/p>\n<p><strong>Resultate:<\/strong> Um sp\u00fcrbare Ergebnisse zu erzielen, empfehlen wir eine kontinuierliche t\u00e4gliche Anwendung w\u00e4hrend mindestens drei Monaten. Erste Vorteile k\u00f6nnen Sie aber bereits nach 14 Tagen sehen oder f\u00fchlen.<\/p>\n","protected":false},"excerpt":{"rendered":"<p><strong>Fl\u00fcssige Nahrungserg\u00e4nzung<\/strong><\/p>\n<p>1 Sachet pro Tag<\/p>\n<p>15 Sachets<\/p>\n","protected":false},"featured_media":5423,"comment_status":"open","ping_status":"closed","template":"","meta":[],"product_brand":[151],"product_cat":[152],"product_tag":[],"class_list":{"0":"post-5419","1":"product","2":"type-product","3":"status-publish","4":"has-post-thumbnail","6":"product_brand-swisskern","7":"product_cat-supplements","9":"first","10":"instock","11":"taxable","12":"shipping-taxable","13":"purchasable","14":"product-type-simple"},"_links":{"self":[{"href":"https:\/\/beyondskin.nura-kibris.com\/fr\/wp-json\/wp\/v2\/product\/5419","targetHints":{"allow":["GET"]}}],"collection":[{"href":"https:\/\/beyondskin.nura-kibris.com\/fr\/wp-json\/wp\/v2\/product"}],"about":[{"href":"https:\/\/beyondskin.nura-kibris.com\/fr\/wp-json\/wp\/v2\/types\/product"}],"replies":[{"embeddable":true,"href":"https:\/\/beyondskin.nura-kibris.com\/fr\/wp-json\/wp\/v2\/comments?post=5419"}],"wp:featuredmedia":[{"embeddable":true,"href":"https:\/\/beyondskin.nura-kibris.com\/fr\/wp-json\/wp\/v2\/media\/5423"}],"wp:attachment":[{"href":"https:\/\/beyondskin.nura-kibris.com\/fr\/wp-json\/wp\/v2\/media?parent=5419"}],"wp:term":[{"taxonomy":"product_brand","embeddable":true,"href":"https:\/\/beyondskin.nura-kibris.com\/fr\/wp-json\/wp\/v2\/product_brand?post=5419"},{"taxonomy":"product_cat","embeddable":true,"href":"https:\/\/beyondskin.nura-kibris.com\/fr\/wp-json\/wp\/v2\/product_cat?post=5419"},{"taxonomy":"product_tag","embeddable":true,"href":"https:\/\/beyondskin.nura-kibris.com\/fr\/wp-json\/wp\/v2\/product_tag?post=5419"}],"curies":[{"name":"wp","href":"https:\/\/api.w.org\/{rel}","templated":true}]}}