{"id":4626,"date":"2025-06-03T14:03:23","date_gmt":"2025-06-03T12:03:23","guid":{"rendered":"https:\/\/beyond-skin.ch\/produkt\/lip-perfecting-overnight-mask\/"},"modified":"2025-11-07T16:55:56","modified_gmt":"2025-11-07T14:55:56","slug":"lip-perfecting-overnight-mask","status":"publish","type":"product","link":"https:\/\/beyondskin.nura-kibris.com\/fr\/produkt\/lip-perfecting-overnight-mask\/","title":{"rendered":"Lip Perfecting Overnight Mask"},"content":{"rendered":"<p>D\u00e9couvrez le secret d&rsquo;une perfection labiale non invasive gr\u00e2ce \u00e0 notre masque de nuit r\u00e9volutionnaire Lip Perfecting Overnight Mask, une solution unique d\u00e9velopp\u00e9e par des experts pour ralentir et inverser le processus de vieillissement. Profitez de la puissance de notre technologie avanc\u00e9e \u00e0 base de cellules souches, enrichie en peptides et en extraits naturels s\u00e9lectionn\u00e9s pour red\u00e9finir le contour de vos l\u00e8vres. <\/p>\n<p>Les ridules et les rides sont att\u00e9nu\u00e9es, tandis que le processus de r\u00e9g\u00e9n\u00e9ration de votre peau est stimul\u00e9. R\u00e9veillez-vous avec des l\u00e8vres non seulement lisses et rajeunies, mais aussi plus pulpeuses. <\/p>\n<p>Ce masque transformateur ne fait pas seulement partie de votre rituel de soins nocturne, mais aussi de votre routine quotidienne. Associ\u00e9 \u00e0 l&rsquo;Elixir de Volume, ce soin pour les l\u00e8vres est un incontournable pour toutes celles qui souhaitent avoir des l\u00e8vres jeunes, pulpeuses et sans rides. <\/p>\n<p>Principaux ingr\u00e9dients actifs : SWT-7TM, TECHNOHYAL HYAPEARL\u2122, LIPEX L SENSE\u2122, PLUMP Ol\u00e9oactif\u00ae, LIPerfection\u2122, Neossance\u00ae, VITASKIN\u00ae<\/p>\n<p>10 ml<\/p>\n","protected":false},"excerpt":{"rendered":"<p><strong>Lip Perfecting Overnight Mask:<\/strong><\/p>\n<p>Anti-\u00e2ge pour les l\u00e8vres : corrige les signes visibles du vieillissement cutan\u00e9 au niveau des l\u00e8vres.<\/p>\n<p>D\u00e9finition des l\u00e8vres : d\u00e9finit et redessine le contour de vos l\u00e8vres et souligne leur forme naturelle pour un aspect plus plastique.<\/p>\n<p>Volume des l\u00e8vres : donne aux l\u00e8vres un aspect visiblement plus pulpeux et une forme plus ronde.<\/p>\n<p>Confort des l\u00e8vres : hydrate parfaitement, apaise et lisse les l\u00e8vres pendant la nuit.<\/p>\n<p>Anti-migration du rouge \u00e0 l\u00e8vres : renforce la structure des l\u00e8vres et emp\u00eache le rouge \u00e0 l\u00e8vres de d\u00e9teindre.<\/p>\n","protected":false},"featured_media":4628,"comment_status":"open","ping_status":"closed","template":"","meta":[],"product_brand":[146],"product_cat":[85],"product_tag":[],"class_list":{"0":"post-4626","1":"product","2":"type-product","3":"status-publish","4":"has-post-thumbnail","6":"product_brand-monika-heiligmann-paris","7":"product_cat-nicht-kategorisiert","8":"product_shipping_class-expedition-uniquement-en-suisse-et-au-liechtenstein","10":"first","11":"instock","12":"taxable","13":"shipping-taxable","14":"purchasable","15":"product-type-simple"},"_links":{"self":[{"href":"https:\/\/beyondskin.nura-kibris.com\/fr\/wp-json\/wp\/v2\/product\/4626","targetHints":{"allow":["GET"]}}],"collection":[{"href":"https:\/\/beyondskin.nura-kibris.com\/fr\/wp-json\/wp\/v2\/product"}],"about":[{"href":"https:\/\/beyondskin.nura-kibris.com\/fr\/wp-json\/wp\/v2\/types\/product"}],"replies":[{"embeddable":true,"href":"https:\/\/beyondskin.nura-kibris.com\/fr\/wp-json\/wp\/v2\/comments?post=4626"}],"wp:featuredmedia":[{"embeddable":true,"href":"https:\/\/beyondskin.nura-kibris.com\/fr\/wp-json\/wp\/v2\/media\/4628"}],"wp:attachment":[{"href":"https:\/\/beyondskin.nura-kibris.com\/fr\/wp-json\/wp\/v2\/media?parent=4626"}],"wp:term":[{"taxonomy":"product_brand","embeddable":true,"href":"https:\/\/beyondskin.nura-kibris.com\/fr\/wp-json\/wp\/v2\/product_brand?post=4626"},{"taxonomy":"product_cat","embeddable":true,"href":"https:\/\/beyondskin.nura-kibris.com\/fr\/wp-json\/wp\/v2\/product_cat?post=4626"},{"taxonomy":"product_tag","embeddable":true,"href":"https:\/\/beyondskin.nura-kibris.com\/fr\/wp-json\/wp\/v2\/product_tag?post=4626"}],"curies":[{"name":"wp","href":"https:\/\/api.w.org\/{rel}","templated":true}]}}