{"id":4584,"date":"2025-06-03T12:58:36","date_gmt":"2025-06-03T10:58:36","guid":{"rendered":"https:\/\/beyond-skin.ch\/produkt\/elixir-de-volume\/"},"modified":"2025-06-03T12:58:36","modified_gmt":"2025-06-03T10:58:36","slug":"elixir-de-volume","status":"publish","type":"product","link":"https:\/\/beyondskin.nura-kibris.com\/fr\/produkt\/elixir-de-volume\/","title":{"rendered":"Elixir de Volume"},"content":{"rendered":"<p>Une nouvelle \u00e8re pour le volume et le soin des l\u00e8vres. Elixir de Volume est compos\u00e9 d&rsquo;une formule unique qui revitalise la couleur naturelle des l\u00e8vres. Il s&rsquo;applique comme un gloss et augmente cliniquement le volume des l\u00e8vres.  <\/p>\n<p>Con\u00e7u pour atteindre l&rsquo;\u00e9quilibre parfait entre un effet volumateur imm\u00e9diat et des r\u00e9sultats durables, il red\u00e9finit les possibilit\u00e9s offertes par les soins non invasifs pour les l\u00e8vres.<\/p>\n<p>Cette formule avanc\u00e9e a \u00e9t\u00e9 d\u00e9velopp\u00e9e avec notre complexe exclusif Volumnizing Peptide Complex (complexe VPC) et agit sur plusieurs couches de la peau. Elle procure un effet repulpant imm\u00e9diat tout en activant les processus naturels de renouvellement afin d&rsquo;augmenter le volume des l\u00e8vres au fil du temps. Apr\u00e8s 21 jours d&rsquo;utilisation continue, les l\u00e8vres apparaissent visiblement plus pulpeuses et plus rondes, mieux model\u00e9es et plus belles.  <\/p>\n<p>Fabriqu\u00e9e avec pr\u00e9cision et savoir-faire, cette formule sans microplastiques associe des beurres nourrissants, des huiles v\u00e9g\u00e9tales et des actifs scientifiquement s\u00e9lectionn\u00e9s pour hydrater, adoucir et affiner les l\u00e8vres tout en soulignant leur forme naturelle.<\/p>\n<p>Une exp\u00e9rience couleur unique.<br \/>\nChaque teinte refl\u00e8te une beaut\u00e9 intemporelle : une palette exquise inspir\u00e9e par l&rsquo;\u00e9l\u00e9gance douce de la C\u00f4te d&rsquo;Azur et la modernit\u00e9 de l&rsquo;esth\u00e9tique parisienne. Chaque variante est soigneusement \u00e9labor\u00e9e dans notre atelier d\u00e9di\u00e9 aux soins des l\u00e8vres, o\u00f9 science et savoir-faire se marient pour cr\u00e9er une exp\u00e9rience vraiment unique. <\/p>\n<p>Principaux ingr\u00e9dients actifs : Medilan Ultra\u2122, Propolis Oleoactif\u2122, Cerafluid, Panth\u00e9nol, Vitamine B5, SQUALANE, Huile d&rsquo;arnica, Beurre de moringa, Candeia-Bisabolol encapsul\u00e9, Huile de p\u00e9pins de framboise<\/p>\n<p>6 ml<\/p>\n<p>&nbsp;<\/p>\n","protected":false},"excerpt":{"rendered":"<p><strong>Elixir de Volume &#8211; S\u00e9rum volumateur pour les l\u00e8vres<\/strong><\/p>\n<p>Volume des l\u00e8vres : donne imm\u00e9diatement aux l\u00e8vres un aspect plus pulpeux et une forme arrondie. Assure une augmentation durable du volume des l\u00e8vres. <\/p>\n<p>Hydratation des l\u00e8vres : hydratation imm\u00e9diate et durable qui rend les l\u00e8vres douces et souples.<\/p>\n<p>D\u00e9finition des l\u00e8vres : les l\u00e8vres semblent plus fermes et leurs contours naturels sont mieux d\u00e9finis.<\/p>\n<p>Rehaussement de la couleur : perfectionne et rehausse la couleur naturelle de vos l\u00e8vres.<\/p>\n<p>&nbsp;<\/p>\n<p><strong>Cet article est uniquement disponible pour une livraison en Suisse ou au Liechtenstein.<\/strong><br \/>\n<strong>Cet article est uniquement disponible pour une livraison en Suisse ou au Liechtenstein.<\/strong><\/p>\n","protected":false},"featured_media":4585,"comment_status":"open","ping_status":"closed","template":"","meta":[],"product_brand":[146],"product_cat":[85],"product_tag":[],"class_list":{"0":"post-4584","1":"product","2":"type-product","3":"status-publish","4":"has-post-thumbnail","6":"product_brand-monika-heiligmann-paris","7":"product_cat-nicht-kategorisiert","8":"product_shipping_class-expedition-uniquement-en-suisse-et-au-liechtenstein","10":"first","11":"instock","12":"taxable","13":"shipping-taxable","14":"purchasable","15":"product-type-variable"},"_links":{"self":[{"href":"https:\/\/beyondskin.nura-kibris.com\/fr\/wp-json\/wp\/v2\/product\/4584","targetHints":{"allow":["GET"]}}],"collection":[{"href":"https:\/\/beyondskin.nura-kibris.com\/fr\/wp-json\/wp\/v2\/product"}],"about":[{"href":"https:\/\/beyondskin.nura-kibris.com\/fr\/wp-json\/wp\/v2\/types\/product"}],"replies":[{"embeddable":true,"href":"https:\/\/beyondskin.nura-kibris.com\/fr\/wp-json\/wp\/v2\/comments?post=4584"}],"wp:featuredmedia":[{"embeddable":true,"href":"https:\/\/beyondskin.nura-kibris.com\/fr\/wp-json\/wp\/v2\/media\/4585"}],"wp:attachment":[{"href":"https:\/\/beyondskin.nura-kibris.com\/fr\/wp-json\/wp\/v2\/media?parent=4584"}],"wp:term":[{"taxonomy":"product_brand","embeddable":true,"href":"https:\/\/beyondskin.nura-kibris.com\/fr\/wp-json\/wp\/v2\/product_brand?post=4584"},{"taxonomy":"product_cat","embeddable":true,"href":"https:\/\/beyondskin.nura-kibris.com\/fr\/wp-json\/wp\/v2\/product_cat?post=4584"},{"taxonomy":"product_tag","embeddable":true,"href":"https:\/\/beyondskin.nura-kibris.com\/fr\/wp-json\/wp\/v2\/product_tag?post=4584"}],"curies":[{"name":"wp","href":"https:\/\/api.w.org\/{rel}","templated":true}]}}