{"id":4558,"date":"2025-06-25T14:06:19","date_gmt":"2025-06-25T12:06:19","guid":{"rendered":"https:\/\/beyond-skin.ch\/produkt\/alpha-trophox112-set\/"},"modified":"2025-06-25T14:06:19","modified_gmt":"2025-06-25T12:06:19","slug":"alpha-trophox112-set","status":"publish","type":"product","link":"https:\/\/beyondskin.nura-kibris.com\/fr\/produkt\/alpha-trophox112-set\/","title":{"rendered":"Alpha-Trophox112\u00ae Set"},"content":{"rendered":"<p>Le kit anti-\u00e2ge ALPHA-TROPHOX112\u00ae \u00e0 l&rsquo;effet Botox pour une peau soign\u00e9e et lisse. Il contient trois produits de soin qui agissent efficacement contre les signes visibles du vieillissement cutan\u00e9 : <\/p>\n<ul>\n<li>Natural Peel med<\/li>\n<li>Alpha-Trophox112\u00ae Serum<\/li>\n<li>Alpha-Trophox112\u00ae Face Cream<\/li>\n<\/ul>\n<p>Principaux ingr\u00e9dients actifs :<\/p>\n<p>Natural Peel med : fruit de la passion, citron, ananas, raisin, D-panth\u00e9nol, Hydrolite\u00ae5<br \/>\nALPHA-TROPHOX112\u00ae SERUM : complexe r\u00e9parateur ALPHA AC3, acide hyaluronique, HyanifyTM, TrylagenTM, ergothion\u00e9ine (thiot\u00e9ine) EGT ALPHA-TROPHOX112\u00ae FACE CREAM : complexe r\u00e9parateur ALPHA AC3, vitamine E, beurre de karit\u00e9<\/p>\n<p>3 x 30 ml<\/p>\n","protected":false},"excerpt":{"rendered":"<p>L&rsquo;anti-\u00e2ge \u00e0 la perfection. Kit de soins hautement efficace pour activer le renouvellement cellulaire et r\u00e9duire la profondeur des rides. <\/p>\n","protected":false},"featured_media":4559,"comment_status":"open","ping_status":"closed","template":"","meta":[],"product_brand":[149],"product_cat":[85],"product_tag":[],"class_list":{"0":"post-4558","1":"product","2":"type-product","3":"status-publish","4":"has-post-thumbnail","6":"product_brand-msb","7":"product_cat-nicht-kategorisiert","9":"first","10":"instock","11":"taxable","12":"shipping-taxable","13":"purchasable","14":"product-type-simple"},"_links":{"self":[{"href":"https:\/\/beyondskin.nura-kibris.com\/fr\/wp-json\/wp\/v2\/product\/4558","targetHints":{"allow":["GET"]}}],"collection":[{"href":"https:\/\/beyondskin.nura-kibris.com\/fr\/wp-json\/wp\/v2\/product"}],"about":[{"href":"https:\/\/beyondskin.nura-kibris.com\/fr\/wp-json\/wp\/v2\/types\/product"}],"replies":[{"embeddable":true,"href":"https:\/\/beyondskin.nura-kibris.com\/fr\/wp-json\/wp\/v2\/comments?post=4558"}],"wp:featuredmedia":[{"embeddable":true,"href":"https:\/\/beyondskin.nura-kibris.com\/fr\/wp-json\/wp\/v2\/media\/4559"}],"wp:attachment":[{"href":"https:\/\/beyondskin.nura-kibris.com\/fr\/wp-json\/wp\/v2\/media?parent=4558"}],"wp:term":[{"taxonomy":"product_brand","embeddable":true,"href":"https:\/\/beyondskin.nura-kibris.com\/fr\/wp-json\/wp\/v2\/product_brand?post=4558"},{"taxonomy":"product_cat","embeddable":true,"href":"https:\/\/beyondskin.nura-kibris.com\/fr\/wp-json\/wp\/v2\/product_cat?post=4558"},{"taxonomy":"product_tag","embeddable":true,"href":"https:\/\/beyondskin.nura-kibris.com\/fr\/wp-json\/wp\/v2\/product_tag?post=4558"}],"curies":[{"name":"wp","href":"https:\/\/api.w.org\/{rel}","templated":true}]}}