{"id":2716,"date":"2025-06-25T14:00:17","date_gmt":"2025-06-25T14:00:17","guid":{"rendered":"https:\/\/beyond-skin.ch\/?post_type=product&#038;p=2716"},"modified":"2026-03-02T17:03:22","modified_gmt":"2026-03-02T15:03:22","slug":"basic-line-set-iii","status":"publish","type":"product","link":"https:\/\/beyondskin.nura-kibris.com\/fr\/produkt\/basic-line-set-iii\/","title":{"rendered":"Basic Line Set III"},"content":{"rendered":"<p>Das BASIC LINE SET III wurde speziell f\u00fcr reife und pflegebed\u00fcrftige Haut zusammengestellt und versorgt sie intensiv mit N\u00e4hrstoffen und Feuchtigkeit. Die drei optimal aufeinander abgestimmten Pflegeprodukte sorgen f\u00fcr ein vollkommenes Pflegeerlebnis und ein frisches strahlendes Hautbild mit sichtbar reduzierter Faltentiefe.<\/p>\n<p>Das Set beinhaltet:<\/p>\n<ul>\n<li>Glyco Peel med<\/li>\n<li>Collagen Extreme<\/li>\n<li>Face Cream<\/li>\n<\/ul>\n<p>Hauptwirkstoffe<\/p>\n<p>Glyco Peel med: Hochreine Glycols\u00e4ure, D-Panthenol, Hydrolite\u00ae5<br \/>\nCollagen EXTREME: Collagen, Golden Collagenine (Collagen-Booster), Betain, RosmarinylTM Glucoside, Hyalurons\u00e4ure (mikronisiert), Pentavitin\u00ae, Hydrolite\u00ae5, Vitamin E<br \/>\nFace Cream: Jojoba\u00f6l, Vitamin E, Hyalurons\u00e4ure, CrodamolTM ISIS, MultiEx BSASMTM, K\u00fcstenkamille, Pentavitin\u00ae<\/p>\n<p>3 x 30 ml<\/p>\n","protected":false},"excerpt":{"rendered":"<p>Intensive Wirkstoffkosmetik f\u00fcr ein vollkommenes Pflegeerlebnis und ein strahlendes und gegl\u00e4ttetes Hautbild.<\/p>\n","protected":false},"featured_media":2717,"comment_status":"open","ping_status":"closed","template":"","meta":[],"product_brand":[51],"product_cat":[126],"product_tag":[155],"class_list":{"0":"post-2716","1":"product","2":"type-product","3":"status-publish","4":"has-post-thumbnail","6":"product_brand-msb","7":"product_cat-specials-sets","8":"product_tag-anti-aging","10":"first","11":"instock","12":"taxable","13":"shipping-taxable","14":"purchasable","15":"product-type-simple"},"_links":{"self":[{"href":"https:\/\/beyondskin.nura-kibris.com\/fr\/wp-json\/wp\/v2\/product\/2716","targetHints":{"allow":["GET"]}}],"collection":[{"href":"https:\/\/beyondskin.nura-kibris.com\/fr\/wp-json\/wp\/v2\/product"}],"about":[{"href":"https:\/\/beyondskin.nura-kibris.com\/fr\/wp-json\/wp\/v2\/types\/product"}],"replies":[{"embeddable":true,"href":"https:\/\/beyondskin.nura-kibris.com\/fr\/wp-json\/wp\/v2\/comments?post=2716"}],"wp:featuredmedia":[{"embeddable":true,"href":"https:\/\/beyondskin.nura-kibris.com\/fr\/wp-json\/wp\/v2\/media\/2717"}],"wp:attachment":[{"href":"https:\/\/beyondskin.nura-kibris.com\/fr\/wp-json\/wp\/v2\/media?parent=2716"}],"wp:term":[{"taxonomy":"product_brand","embeddable":true,"href":"https:\/\/beyondskin.nura-kibris.com\/fr\/wp-json\/wp\/v2\/product_brand?post=2716"},{"taxonomy":"product_cat","embeddable":true,"href":"https:\/\/beyondskin.nura-kibris.com\/fr\/wp-json\/wp\/v2\/product_cat?post=2716"},{"taxonomy":"product_tag","embeddable":true,"href":"https:\/\/beyondskin.nura-kibris.com\/fr\/wp-json\/wp\/v2\/product_tag?post=2716"}],"curies":[{"name":"wp","href":"https:\/\/api.w.org\/{rel}","templated":true}]}}