{"id":2714,"date":"2025-06-25T13:56:32","date_gmt":"2025-06-25T13:56:32","guid":{"rendered":"https:\/\/beyond-skin.ch\/?post_type=product&#038;p=2714"},"modified":"2026-03-02T16:58:32","modified_gmt":"2026-03-02T14:58:32","slug":"basic-line-set-ii","status":"publish","type":"product","link":"https:\/\/beyondskin.nura-kibris.com\/fr\/produkt\/basic-line-set-ii\/","title":{"rendered":"Basic Line Set II"},"content":{"rendered":"<p>Mit dem praktischen, tiefenwirksamen BASIC LINE SET II wird die feuchtigkeitsarme und m\u00fcde Haut in drei Pflegeschritten stimuliert, hydratisiert und aufgepolstert. F\u00fcr einen strahlenden Blick und sichtbar gegl\u00e4ttete Haut.<\/p>\n<p>Das Set beinhaltet:<\/p>\n<ul>\n<li>Glyco Peel med<\/li>\n<li>Night &amp; Day Collagen<\/li>\n<li>Face Cream<\/li>\n<\/ul>\n<p>Hauptwirkstoffe:<\/p>\n<p>Glyco Peel med: Hochreine Glycols\u00e4ure, D-Panthenol, Hydrolite\u00ae5<br \/>\nNight &amp; Day Collagen: Natives, l\u00f6sliches Collagen, Arginin, Hydrolite\u00ae5<br \/>\nFace Cream: Jojoba\u00f6l, Vitamin E, Hyalurons\u00e4ure, CrodamolTM ISIS, MultiEx BSASMTM, K\u00fcstenkamille, Pentavitin\u00ae<\/p>\n<p>3 x 30 ml<\/p>\n","protected":false},"excerpt":{"rendered":"<p>Tiefenwirksame Anti-Aging Pflege in drei Schritten.<\/p>\n","protected":false},"featured_media":2715,"comment_status":"open","ping_status":"closed","template":"","meta":[],"product_brand":[51],"product_cat":[126],"product_tag":[155],"class_list":{"0":"post-2714","1":"product","2":"type-product","3":"status-publish","4":"has-post-thumbnail","6":"product_brand-msb","7":"product_cat-specials-sets","8":"product_tag-anti-aging","10":"first","11":"instock","12":"taxable","13":"shipping-taxable","14":"purchasable","15":"product-type-simple"},"_links":{"self":[{"href":"https:\/\/beyondskin.nura-kibris.com\/fr\/wp-json\/wp\/v2\/product\/2714","targetHints":{"allow":["GET"]}}],"collection":[{"href":"https:\/\/beyondskin.nura-kibris.com\/fr\/wp-json\/wp\/v2\/product"}],"about":[{"href":"https:\/\/beyondskin.nura-kibris.com\/fr\/wp-json\/wp\/v2\/types\/product"}],"replies":[{"embeddable":true,"href":"https:\/\/beyondskin.nura-kibris.com\/fr\/wp-json\/wp\/v2\/comments?post=2714"}],"wp:featuredmedia":[{"embeddable":true,"href":"https:\/\/beyondskin.nura-kibris.com\/fr\/wp-json\/wp\/v2\/media\/2715"}],"wp:attachment":[{"href":"https:\/\/beyondskin.nura-kibris.com\/fr\/wp-json\/wp\/v2\/media?parent=2714"}],"wp:term":[{"taxonomy":"product_brand","embeddable":true,"href":"https:\/\/beyondskin.nura-kibris.com\/fr\/wp-json\/wp\/v2\/product_brand?post=2714"},{"taxonomy":"product_cat","embeddable":true,"href":"https:\/\/beyondskin.nura-kibris.com\/fr\/wp-json\/wp\/v2\/product_cat?post=2714"},{"taxonomy":"product_tag","embeddable":true,"href":"https:\/\/beyondskin.nura-kibris.com\/fr\/wp-json\/wp\/v2\/product_tag?post=2714"}],"curies":[{"name":"wp","href":"https:\/\/api.w.org\/{rel}","templated":true}]}}