{"id":2711,"date":"2025-06-25T13:51:52","date_gmt":"2025-06-25T13:51:52","guid":{"rendered":"https:\/\/beyond-skin.ch\/?post_type=product&#038;p=2711"},"modified":"2026-03-02T16:58:12","modified_gmt":"2026-03-02T14:58:12","slug":"basic-line-set-i","status":"publish","type":"product","link":"https:\/\/beyondskin.nura-kibris.com\/fr\/produkt\/basic-line-set-i\/","title":{"rendered":"Basic Line Set I"},"content":{"rendered":"<p>BASIC LINE SET I ist der ideale Begleiter, um ersten F\u00e4ltchen aktiv entgegenzuwirken und beinhaltet drei perfekt aufeinander abgestimmte Pflegeprodukte f\u00fcr das t\u00e4gliche Pflegeritual.<\/p>\n<p>Das Set beinhaltet:<\/p>\n<ul>\n<li>Natural Peel med<\/li>\n<li>Night &amp; Day Collagen<\/li>\n<li>Face Cream<\/li>\n<\/ul>\n<p>Natural Peel med, die nat\u00fcrliche Fruchts\u00e4urekombination, \u00f6ffnet und reinigt die Haut, spendet Feuchtigkeit und bereitet sie auf die nachfolgenden Pflegeprodukte vor. Das multiaktive Pflege- und Aufbauserum Night &amp; Day Collagen verbessert das Feuchthalteverm\u00f6gen der Haut, polstert F\u00e4ltchen auf und entspannt die Gesichtsz\u00fcge. Die Haut erscheint zarter, elastischer und praller. Mit der samtig-weichen und intensiv pflegenden Face Cream wird das Pflegeritual abgeschlossen und gleichzeitig die Widerstandskraft der Haut gest\u00e4rkt.<\/p>\n<p>Hauptwirkstoffe:<\/p>\n<p>Natural Peel med: Maracuja, Zitrone, Ananas, Traube, D-Panthenol, Hydrolite\u00ae5<br \/>\nNight &amp; Day Collagen: Collagen, Arginin, Hydrolite\u00ae5<br \/>\nFace Cream: Jojoba\u00f6l, Vitamin E, Hyalurons\u00e4ure, CrodamolTM ISIS, MultiEx BSASMTM, K\u00fcstenkamille, Pentavitin\u00ae<\/p>\n<p>3 x 30 ml<\/p>\n","protected":false},"excerpt":{"rendered":"<p>Pflegeset f\u00fcr eine gesunde und strahlend sch\u00f6ne Haut.<\/p>\n","protected":false},"featured_media":2713,"comment_status":"open","ping_status":"closed","template":"","meta":[],"product_brand":[51],"product_cat":[126],"product_tag":[155],"class_list":{"0":"post-2711","1":"product","2":"type-product","3":"status-publish","4":"has-post-thumbnail","6":"product_brand-msb","7":"product_cat-specials-sets","8":"product_tag-anti-aging","10":"first","11":"instock","12":"taxable","13":"shipping-taxable","14":"purchasable","15":"product-type-simple"},"_links":{"self":[{"href":"https:\/\/beyondskin.nura-kibris.com\/fr\/wp-json\/wp\/v2\/product\/2711","targetHints":{"allow":["GET"]}}],"collection":[{"href":"https:\/\/beyondskin.nura-kibris.com\/fr\/wp-json\/wp\/v2\/product"}],"about":[{"href":"https:\/\/beyondskin.nura-kibris.com\/fr\/wp-json\/wp\/v2\/types\/product"}],"replies":[{"embeddable":true,"href":"https:\/\/beyondskin.nura-kibris.com\/fr\/wp-json\/wp\/v2\/comments?post=2711"}],"wp:featuredmedia":[{"embeddable":true,"href":"https:\/\/beyondskin.nura-kibris.com\/fr\/wp-json\/wp\/v2\/media\/2713"}],"wp:attachment":[{"href":"https:\/\/beyondskin.nura-kibris.com\/fr\/wp-json\/wp\/v2\/media?parent=2711"}],"wp:term":[{"taxonomy":"product_brand","embeddable":true,"href":"https:\/\/beyondskin.nura-kibris.com\/fr\/wp-json\/wp\/v2\/product_brand?post=2711"},{"taxonomy":"product_cat","embeddable":true,"href":"https:\/\/beyondskin.nura-kibris.com\/fr\/wp-json\/wp\/v2\/product_cat?post=2711"},{"taxonomy":"product_tag","embeddable":true,"href":"https:\/\/beyondskin.nura-kibris.com\/fr\/wp-json\/wp\/v2\/product_tag?post=2711"}],"curies":[{"name":"wp","href":"https:\/\/api.w.org\/{rel}","templated":true}]}}