{"id":2705,"date":"2025-06-25T12:53:21","date_gmt":"2025-06-25T12:53:21","guid":{"rendered":"https:\/\/beyond-skin.ch\/?post_type=product&#038;p=2705"},"modified":"2026-03-02T16:57:36","modified_gmt":"2026-03-02T14:57:36","slug":"alpha-trophox112-hand-cream","status":"publish","type":"product","link":"https:\/\/beyondskin.nura-kibris.com\/fr\/produkt\/alpha-trophox112-hand-cream\/","title":{"rendered":"Alpha-Trophox112\u00ae Hand Cream"},"content":{"rendered":"<p>Die H\u00e4nde sind eines der ersten Merkmale, die dem Gegen\u00fcber auffallen. Deswegen sollten sie immer sch\u00f6n gepflegt sein, denn gerade H\u00e4nde verraten schamlos das Alter! Damit diese trotz der t\u00e4glichen Beanspruchung sch\u00f6n und gepflegt aussehen, ist die richtige Handpflege besonders wichtig.<\/p>\n<p>\u00b7 Verfeinert die Hautstruktur<br \/>\n\u00b7 Beugt vorzeitiger Hautalterung vor<br \/>\n\u00b7 Sch\u00fctzt intensiv vor Feuchtigkeitsverlust<br \/>\n\u00b7 Macht die Haut ebenm\u00e4ssig, weich und geschmeidig<\/p>\n<p>Hauptwirkstoffe: ALPHA AC3 Repair-Complex, Gatuline\u00ae Skin Repair Bio, Panthenol<\/p>\n<p>100 ml<\/p>\n","protected":false},"excerpt":{"rendered":"<p>Hochkonzentrierte, sch\u00fctzende und intensivpflegende Anti-Aging Handcreme mit dem von MSB\u00ae Cosmeceuticals entwickelten ALPHA AC3 Repair-Complex.<\/p>\n","protected":false},"featured_media":2706,"comment_status":"open","ping_status":"closed","template":"","meta":[],"product_brand":[51],"product_cat":[122],"product_tag":[162],"class_list":{"0":"post-2705","1":"product","2":"type-product","3":"status-publish","4":"has-post-thumbnail","6":"product_brand-msb","7":"product_cat-koerperpflege","8":"product_tag-silhouette","10":"first","11":"instock","12":"taxable","13":"shipping-taxable","14":"purchasable","15":"product-type-simple"},"_links":{"self":[{"href":"https:\/\/beyondskin.nura-kibris.com\/fr\/wp-json\/wp\/v2\/product\/2705","targetHints":{"allow":["GET"]}}],"collection":[{"href":"https:\/\/beyondskin.nura-kibris.com\/fr\/wp-json\/wp\/v2\/product"}],"about":[{"href":"https:\/\/beyondskin.nura-kibris.com\/fr\/wp-json\/wp\/v2\/types\/product"}],"replies":[{"embeddable":true,"href":"https:\/\/beyondskin.nura-kibris.com\/fr\/wp-json\/wp\/v2\/comments?post=2705"}],"wp:featuredmedia":[{"embeddable":true,"href":"https:\/\/beyondskin.nura-kibris.com\/fr\/wp-json\/wp\/v2\/media\/2706"}],"wp:attachment":[{"href":"https:\/\/beyondskin.nura-kibris.com\/fr\/wp-json\/wp\/v2\/media?parent=2705"}],"wp:term":[{"taxonomy":"product_brand","embeddable":true,"href":"https:\/\/beyondskin.nura-kibris.com\/fr\/wp-json\/wp\/v2\/product_brand?post=2705"},{"taxonomy":"product_cat","embeddable":true,"href":"https:\/\/beyondskin.nura-kibris.com\/fr\/wp-json\/wp\/v2\/product_cat?post=2705"},{"taxonomy":"product_tag","embeddable":true,"href":"https:\/\/beyondskin.nura-kibris.com\/fr\/wp-json\/wp\/v2\/product_tag?post=2705"}],"curies":[{"name":"wp","href":"https:\/\/api.w.org\/{rel}","templated":true}]}}