{"id":2701,"date":"2025-06-25T12:43:47","date_gmt":"2025-06-25T12:43:47","guid":{"rendered":"https:\/\/beyond-skin.ch\/?post_type=product&#038;p=2701"},"modified":"2026-03-02T16:57:03","modified_gmt":"2026-03-02T14:57:03","slug":"alpha-trophox112-bust-up-cream","status":"publish","type":"product","link":"https:\/\/beyondskin.nura-kibris.com\/fr\/produkt\/alpha-trophox112-bust-up-cream\/","title":{"rendered":"Alpha-Trophox112\u00ae Bust up Cream"},"content":{"rendered":"<p>Mit den Jahren wird das Bindegewebe in der Brust schw\u00e4cher, die Spannkraft l\u00e4sst nach und es zeigen sich erste Knitterf\u00e4ltchen. Die d\u00fcnne und empfindliche Haut des Busens braucht mit der Zeit eine intensive Anti-Aging Pflege, \u00e4hnlich wie die des Gesichtes.<\/p>\n<p>\u00b7 Beugt vorzeitiger Hauterschlaffung vor<br \/>\n\u00b7 Steigert die Hautelastizit\u00e4t<br \/>\n\u00b7 Festigt, strafft und gl\u00e4ttet das Hautgewebe<br \/>\n\u00b7 Verbessert die Mikrozirkulation der Haut<\/p>\n<p>Hauptwirkstoffe: ALPHA AC3 Repair-Complex, MATRIBUST\u00ae, Niacin<\/p>\n<p>100 ml<\/p>\n","protected":false},"excerpt":{"rendered":"<p>Hochkonzentrierte, straffende Anti-Aging Brustpflege f\u00fcr einen gefestigten sch\u00f6nen Busen mit dem von MSB\u00ae Cosmeceuticals entwickelten ALPHA AC3 Repair-Complex.<\/p>\n","protected":false},"featured_media":2702,"comment_status":"open","ping_status":"closed","template":"","meta":[],"product_brand":[51],"product_cat":[122],"product_tag":[162,163],"class_list":{"0":"post-2701","1":"product","2":"type-product","3":"status-publish","4":"has-post-thumbnail","6":"product_brand-msb","7":"product_cat-koerperpflege","8":"product_tag-silhouette","9":"product_tag-spezialthemen","11":"first","12":"instock","13":"taxable","14":"shipping-taxable","15":"purchasable","16":"product-type-simple"},"_links":{"self":[{"href":"https:\/\/beyondskin.nura-kibris.com\/fr\/wp-json\/wp\/v2\/product\/2701","targetHints":{"allow":["GET"]}}],"collection":[{"href":"https:\/\/beyondskin.nura-kibris.com\/fr\/wp-json\/wp\/v2\/product"}],"about":[{"href":"https:\/\/beyondskin.nura-kibris.com\/fr\/wp-json\/wp\/v2\/types\/product"}],"replies":[{"embeddable":true,"href":"https:\/\/beyondskin.nura-kibris.com\/fr\/wp-json\/wp\/v2\/comments?post=2701"}],"wp:featuredmedia":[{"embeddable":true,"href":"https:\/\/beyondskin.nura-kibris.com\/fr\/wp-json\/wp\/v2\/media\/2702"}],"wp:attachment":[{"href":"https:\/\/beyondskin.nura-kibris.com\/fr\/wp-json\/wp\/v2\/media?parent=2701"}],"wp:term":[{"taxonomy":"product_brand","embeddable":true,"href":"https:\/\/beyondskin.nura-kibris.com\/fr\/wp-json\/wp\/v2\/product_brand?post=2701"},{"taxonomy":"product_cat","embeddable":true,"href":"https:\/\/beyondskin.nura-kibris.com\/fr\/wp-json\/wp\/v2\/product_cat?post=2701"},{"taxonomy":"product_tag","embeddable":true,"href":"https:\/\/beyondskin.nura-kibris.com\/fr\/wp-json\/wp\/v2\/product_tag?post=2701"}],"curies":[{"name":"wp","href":"https:\/\/api.w.org\/{rel}","templated":true}]}}