{"id":2699,"date":"2025-06-25T12:35:37","date_gmt":"2025-06-25T12:35:37","guid":{"rendered":"https:\/\/beyond-skin.ch\/?post_type=product&#038;p=2699"},"modified":"2026-03-02T16:56:24","modified_gmt":"2026-03-02T14:56:24","slug":"alpha-trophox112-neck-cream","status":"publish","type":"product","link":"https:\/\/beyondskin.nura-kibris.com\/fr\/produkt\/alpha-trophox112-neck-cream\/","title":{"rendered":"Alpha-Trophox112\u00ae Neck Cream"},"content":{"rendered":"<p>Die Haut um die Brust hat \u00e4hnlich hohe Pflegeanspr\u00fcche wie das Gesicht. Sie ist der Umwelt stark ausgesetzt und unterscheidet sich von anderen Hautpartien. Sie verliert deutlich schneller Fl\u00fcssigkeit und auch die Kollagenfasern sind nicht so dicht. Aufgrund dieser Beschaffenheit ist sie viel weniger vor \u00e4usseren Einfl\u00fcssen gesch\u00fctzt. Eine konsequente t\u00e4gliche Pflege ist das A und O f\u00fcr ein sch\u00f6nes Dekolletee.<\/p>\n<p>\u00b7 Verbessert die Mikrozirkulation der Haut<br \/>\n\u00b7 Reduziert Linien und Faltentiefe<br \/>\n\u00b7 Strafft und festigt sichtbar die Haut<br \/>\n\u00b7 Sch\u00fctzt vor Feuchtigkeitsverlust und f\u00f6rdert ein klares Hautbild<\/p>\n<p>Hauptwirkstoffe: ALPHA AC3 Repair-Complex, Panthenol, Pentavitin\u00ae<\/p>\n<p>100 ml<\/p>\n","protected":false},"excerpt":{"rendered":"<p>Hochkonzentrierte Anti-Aging Spezialpflege f\u00fcr den Hals und das Dekollet\u00e9 mit dem von MSB\u00ae Cosmeceuticals entwickelten ALPHA AC3 Repair-Complex.<\/p>\n","protected":false},"featured_media":2700,"comment_status":"open","ping_status":"closed","template":"","meta":[],"product_brand":[51],"product_cat":[122],"product_tag":[162,160],"class_list":{"0":"post-2699","1":"product","2":"type-product","3":"status-publish","4":"has-post-thumbnail","6":"product_brand-msb","7":"product_cat-koerperpflege","8":"product_tag-silhouette","9":"product_tag-trockene-haut","11":"first","12":"instock","13":"taxable","14":"shipping-taxable","15":"purchasable","16":"product-type-simple"},"_links":{"self":[{"href":"https:\/\/beyondskin.nura-kibris.com\/fr\/wp-json\/wp\/v2\/product\/2699","targetHints":{"allow":["GET"]}}],"collection":[{"href":"https:\/\/beyondskin.nura-kibris.com\/fr\/wp-json\/wp\/v2\/product"}],"about":[{"href":"https:\/\/beyondskin.nura-kibris.com\/fr\/wp-json\/wp\/v2\/types\/product"}],"replies":[{"embeddable":true,"href":"https:\/\/beyondskin.nura-kibris.com\/fr\/wp-json\/wp\/v2\/comments?post=2699"}],"wp:featuredmedia":[{"embeddable":true,"href":"https:\/\/beyondskin.nura-kibris.com\/fr\/wp-json\/wp\/v2\/media\/2700"}],"wp:attachment":[{"href":"https:\/\/beyondskin.nura-kibris.com\/fr\/wp-json\/wp\/v2\/media?parent=2699"}],"wp:term":[{"taxonomy":"product_brand","embeddable":true,"href":"https:\/\/beyondskin.nura-kibris.com\/fr\/wp-json\/wp\/v2\/product_brand?post=2699"},{"taxonomy":"product_cat","embeddable":true,"href":"https:\/\/beyondskin.nura-kibris.com\/fr\/wp-json\/wp\/v2\/product_cat?post=2699"},{"taxonomy":"product_tag","embeddable":true,"href":"https:\/\/beyondskin.nura-kibris.com\/fr\/wp-json\/wp\/v2\/product_tag?post=2699"}],"curies":[{"name":"wp","href":"https:\/\/api.w.org\/{rel}","templated":true}]}}