{"id":2697,"date":"2025-06-25T12:28:04","date_gmt":"2025-06-25T12:28:04","guid":{"rendered":"https:\/\/beyond-skin.ch\/?post_type=product&#038;p=2697"},"modified":"2026-03-02T16:55:53","modified_gmt":"2026-03-02T14:55:53","slug":"alpha-trophox112-eye-cream","status":"publish","type":"product","link":"https:\/\/beyondskin.nura-kibris.com\/fr\/produkt\/alpha-trophox112-eye-cream\/","title":{"rendered":"Alpha-Trophox112\u00ae Eye Cream"},"content":{"rendered":"<p>Die Haut der Augenpartie ist besonders d\u00fcnn und daher empfindlicher. Daraus ergeben sich die h\u00e4ufigsten Probleme, mit denen man zu k\u00e4mpfen hat: Linien und Falten, Augenringe und Tr\u00e4nens\u00e4cke. Aufgrund dessen ben\u00f6tigt unsere Augenpartie einen besonders effektiven und massgeschneiderten Anti-Aging Schutz.<\/p>\n<p>\u00b7 Aktiviert die hauteigenen Reparaturmechanismen<br \/>\n\u00b7 Mildert und reduziert Linien und F\u00e4ltchen<br \/>\n\u00b7 L\u00e4sst die zarte Augenpartie frischer, vitaler und glatter erscheinen<br \/>\n\u00b7 Mindert Augenringe und dunkle Schatten<\/p>\n<p>Hauptwirkstoffe: Alpha AC3 Repair- Complex, Cytobiol Lumin Eye, BeautyfeyeTM<\/p>\n<p>30 ml<\/p>\n","protected":false},"excerpt":{"rendered":"<p>Hochkonzentriertes, umfassend wirkendes Anti-Aging Straffungsserum f\u00fcr die empfindliche Augenpartie mit dem von MSB\u00ae Cosmeceuticals entwickelten ALPHA AC3 Repair-Complex.<\/p>\n","protected":false},"featured_media":2698,"comment_status":"open","ping_status":"closed","template":"","meta":[],"product_brand":[51],"product_cat":[120],"product_tag":[155,163],"class_list":{"0":"post-2697","1":"product","2":"type-product","3":"status-publish","4":"has-post-thumbnail","6":"product_brand-msb","7":"product_cat-augenpflege","8":"product_tag-anti-aging","9":"product_tag-spezialthemen","11":"first","12":"instock","13":"taxable","14":"shipping-taxable","15":"purchasable","16":"product-type-simple"},"_links":{"self":[{"href":"https:\/\/beyondskin.nura-kibris.com\/fr\/wp-json\/wp\/v2\/product\/2697","targetHints":{"allow":["GET"]}}],"collection":[{"href":"https:\/\/beyondskin.nura-kibris.com\/fr\/wp-json\/wp\/v2\/product"}],"about":[{"href":"https:\/\/beyondskin.nura-kibris.com\/fr\/wp-json\/wp\/v2\/types\/product"}],"replies":[{"embeddable":true,"href":"https:\/\/beyondskin.nura-kibris.com\/fr\/wp-json\/wp\/v2\/comments?post=2697"}],"wp:featuredmedia":[{"embeddable":true,"href":"https:\/\/beyondskin.nura-kibris.com\/fr\/wp-json\/wp\/v2\/media\/2698"}],"wp:attachment":[{"href":"https:\/\/beyondskin.nura-kibris.com\/fr\/wp-json\/wp\/v2\/media?parent=2697"}],"wp:term":[{"taxonomy":"product_brand","embeddable":true,"href":"https:\/\/beyondskin.nura-kibris.com\/fr\/wp-json\/wp\/v2\/product_brand?post=2697"},{"taxonomy":"product_cat","embeddable":true,"href":"https:\/\/beyondskin.nura-kibris.com\/fr\/wp-json\/wp\/v2\/product_cat?post=2697"},{"taxonomy":"product_tag","embeddable":true,"href":"https:\/\/beyondskin.nura-kibris.com\/fr\/wp-json\/wp\/v2\/product_tag?post=2697"}],"curies":[{"name":"wp","href":"https:\/\/api.w.org\/{rel}","templated":true}]}}