{"id":2689,"date":"2025-06-25T12:15:41","date_gmt":"2025-06-25T12:15:41","guid":{"rendered":"https:\/\/beyond-skin.ch\/?post_type=product&#038;p=2689"},"modified":"2026-03-02T16:54:33","modified_gmt":"2026-03-02T14:54:33","slug":"alpha-trophox112-concentrate","status":"publish","type":"product","link":"https:\/\/beyondskin.nura-kibris.com\/fr\/produkt\/alpha-trophox112-concentrate\/","title":{"rendered":"Alpha-Trophox112\u00ae Concentrate"},"content":{"rendered":"<p>Konzentrate sind Wirkstoffpr\u00e4parate mit h\u00f6chstm\u00f6glichen Konzentrationen eines Wirkstoffs. Sie helfen schnell und sind \u00e4usserst wirkungsvoll: Konzentrate pflegen die Haut intensiv und ihre positiven Effekte werden sofort sichtbar. Dank der geballten Kraft der Wirkstoffe kommt es sofort nach Anwendung eines Konzentrates zu sichtbaren Verbesserungen.<\/p>\n<p>\u00b7 Verbessert die Spannkraft und Elastizit\u00e4t der Haut<br \/>\n\u00b7 Boostet die hauteigene Produktion von Hyaluron<br \/>\n\u00b7 Versorgt die Haut optimal mit N\u00e4hrstoffen und Feuchtigkeit<\/p>\n<p>Hauptwirkstoffe: ALPHA AC3 Repair-Complex, HyaCare\u00ae, Syn\u00ae-Hycan<\/p>\n<p>30 ml \u2022 50 ml<\/p>\n","protected":false},"excerpt":{"rendered":"<p>Hochkonzentriertes Anti-Aging Wirkstoffkonzentrat f\u00fcr einen einzigartigen, sofort sichtbaren Lifting- und Boostingeffekt mit dem von MSB\u00ae Cosmeceuticals entwickelten ALPHA AC3 Repair-Complex.<\/p>\n","protected":false},"featured_media":2692,"comment_status":"open","ping_status":"closed","template":"","meta":[],"product_brand":[51],"product_cat":[118],"product_tag":[155,163],"class_list":{"0":"post-2689","1":"product","2":"type-product","3":"status-publish","4":"has-post-thumbnail","6":"product_brand-msb","7":"product_cat-seren","8":"product_tag-anti-aging","9":"product_tag-spezialthemen","11":"first","12":"instock","13":"taxable","14":"shipping-taxable","15":"purchasable","16":"product-type-variable"},"_links":{"self":[{"href":"https:\/\/beyondskin.nura-kibris.com\/fr\/wp-json\/wp\/v2\/product\/2689","targetHints":{"allow":["GET"]}}],"collection":[{"href":"https:\/\/beyondskin.nura-kibris.com\/fr\/wp-json\/wp\/v2\/product"}],"about":[{"href":"https:\/\/beyondskin.nura-kibris.com\/fr\/wp-json\/wp\/v2\/types\/product"}],"replies":[{"embeddable":true,"href":"https:\/\/beyondskin.nura-kibris.com\/fr\/wp-json\/wp\/v2\/comments?post=2689"}],"wp:featuredmedia":[{"embeddable":true,"href":"https:\/\/beyondskin.nura-kibris.com\/fr\/wp-json\/wp\/v2\/media\/2692"}],"wp:attachment":[{"href":"https:\/\/beyondskin.nura-kibris.com\/fr\/wp-json\/wp\/v2\/media?parent=2689"}],"wp:term":[{"taxonomy":"product_brand","embeddable":true,"href":"https:\/\/beyondskin.nura-kibris.com\/fr\/wp-json\/wp\/v2\/product_brand?post=2689"},{"taxonomy":"product_cat","embeddable":true,"href":"https:\/\/beyondskin.nura-kibris.com\/fr\/wp-json\/wp\/v2\/product_cat?post=2689"},{"taxonomy":"product_tag","embeddable":true,"href":"https:\/\/beyondskin.nura-kibris.com\/fr\/wp-json\/wp\/v2\/product_tag?post=2689"}],"curies":[{"name":"wp","href":"https:\/\/api.w.org\/{rel}","templated":true}]}}