{"id":2683,"date":"2025-06-25T11:10:34","date_gmt":"2025-06-25T11:10:34","guid":{"rendered":"https:\/\/beyond-skin.ch\/?post_type=product&#038;p=2683"},"modified":"2026-03-02T16:48:21","modified_gmt":"2026-03-02T14:48:21","slug":"hydro-repair-liquid-mask-set","status":"publish","type":"product","link":"https:\/\/beyondskin.nura-kibris.com\/fr\/produkt\/hydro-repair-liquid-mask-set\/","title":{"rendered":"Hydro Repair Liquid Mask Set"},"content":{"rendered":"<p>Vliesmasken \u2013 der ganzj\u00e4hrige Beauty-Trend. Vliesmasken (Sheet Masks) sorgen in k\u00fcrzester Zeit f\u00fcr einen makellosen Teint. Kleine F\u00e4ltchen werden reduziert und Feuchtigkeit wird der Haut zugef\u00fchrt. Die Augenpartie wird belebt, Augenringe gemildert und ein fahler Teint geh\u00f6rt der Vergangenheit an.<\/p>\n<p>\u2022 Lindert alle Arten von R\u00f6tungen<br \/>\n\u2022 Versorgt die Haut intensiv mit Feuchtigkeit ab der ersten Anwendung<br \/>\n\u2022 Bietet m\u00fcden Gesichtsz\u00fcgen Tiefenentspannung<br \/>\n\u2022 Linien und F\u00e4ltchen werden reduziert<br \/>\n\u2022 Wirkt ausgleichend und antibakteriell<\/p>\n<p>Hauptwirkstoffe: Hyalurons\u00e4ure-Komplex (HMW, MMW, LMW), D-Panthenol, MultiMoist CLRTM, Thalassine 2G, Allantoin<\/p>\n<p>6 x 20 ml<\/p>\n","protected":false},"excerpt":{"rendered":"<p>Eine feuchtigkeitsspendende Liquid-Maske zur intensiven Beruhigung und optimalen Versorgung der Haut.<\/p>\n","protected":false},"featured_media":2684,"comment_status":"open","ping_status":"closed","template":"","meta":[],"product_brand":[51],"product_cat":[117],"product_tag":[164,160],"class_list":{"0":"post-2683","1":"product","2":"type-product","3":"status-publish","4":"has-post-thumbnail","6":"product_brand-msb","7":"product_cat-masken","8":"product_tag-reaktive-haut","9":"product_tag-trockene-haut","11":"first","12":"instock","13":"taxable","14":"shipping-taxable","15":"purchasable","16":"product-type-simple"},"_links":{"self":[{"href":"https:\/\/beyondskin.nura-kibris.com\/fr\/wp-json\/wp\/v2\/product\/2683","targetHints":{"allow":["GET"]}}],"collection":[{"href":"https:\/\/beyondskin.nura-kibris.com\/fr\/wp-json\/wp\/v2\/product"}],"about":[{"href":"https:\/\/beyondskin.nura-kibris.com\/fr\/wp-json\/wp\/v2\/types\/product"}],"replies":[{"embeddable":true,"href":"https:\/\/beyondskin.nura-kibris.com\/fr\/wp-json\/wp\/v2\/comments?post=2683"}],"wp:featuredmedia":[{"embeddable":true,"href":"https:\/\/beyondskin.nura-kibris.com\/fr\/wp-json\/wp\/v2\/media\/2684"}],"wp:attachment":[{"href":"https:\/\/beyondskin.nura-kibris.com\/fr\/wp-json\/wp\/v2\/media?parent=2683"}],"wp:term":[{"taxonomy":"product_brand","embeddable":true,"href":"https:\/\/beyondskin.nura-kibris.com\/fr\/wp-json\/wp\/v2\/product_brand?post=2683"},{"taxonomy":"product_cat","embeddable":true,"href":"https:\/\/beyondskin.nura-kibris.com\/fr\/wp-json\/wp\/v2\/product_cat?post=2683"},{"taxonomy":"product_tag","embeddable":true,"href":"https:\/\/beyondskin.nura-kibris.com\/fr\/wp-json\/wp\/v2\/product_tag?post=2683"}],"curies":[{"name":"wp","href":"https:\/\/api.w.org\/{rel}","templated":true}]}}