{"id":2677,"date":"2025-06-25T11:00:12","date_gmt":"2025-06-25T11:00:12","guid":{"rendered":"https:\/\/beyond-skin.ch\/?post_type=product&#038;p=2677"},"modified":"2026-02-27T17:10:18","modified_gmt":"2026-02-27T15:10:18","slug":"lifting-eye-patches","status":"publish","type":"product","link":"https:\/\/beyondskin.nura-kibris.com\/fr\/produkt\/lifting-eye-patches\/","title":{"rendered":"Lifting Eye Patches"},"content":{"rendered":"<p>M\u00fcdigkeitserscheinungen und Stress zeigen sich als erstes rund um die Augen. Rund 40 Mal blinzeln wir pro Minute \u2012 kein Wunder, dass unsere empfindliche Augenpartie Falten bekommt und m\u00fcde aussehen kann. Wenns mal schnell gehen soll, sind Augenpads die idealen Beautyhelfer.<\/p>\n<p>\u00b7 Spendet Feuchtigkeit bis in die Tiefe<br \/>\n\u00b7 L\u00e4sst die Zellen mit neuer Energie auf<br \/>\n\u00b7 Reduziert Schwellungen und M\u00fcdigkeitserscheinungen<br \/>\n\u00b7 Hat eine sofortige hautgl\u00e4ttende und straffende Wirkung<br \/>\n\u00b7 Die Haut erscheint beruhigt, ausgeglichen und erfrischt<br \/>\n\u00b7 Verz\u00f6gert die Hautalterung<\/p>\n<p>Hauptwirkstoffe: Cytobiol Lumin-Eye, Thalassine 2G, TrylagenTM, Coffein, Hyalurons\u00e4ure, D-Panthenol, Allantoin<\/p>\n<p>12 St\u00fcck \u00e1 3 ml<\/p>\n","protected":false},"excerpt":{"rendered":"<p>In k\u00fcrzester Zeit und angenehm wohltuend gleichen die \u00e4u\u00dferst effektiven Lifting Eye Patches auf der Basis modernster Wirkstoffe in Verbindung mit einem hochwertigen Collagen-Vlies M\u00fcdigkeitserscheinungen und alle Zeichen der Hautalterung aus. Ihre Augenpartie wirkt gegl\u00e4ttet, gefestigt und sichtbar erholt.<\/p>\n","protected":false},"featured_media":2678,"comment_status":"open","ping_status":"closed","template":"","meta":[],"product_brand":[51],"product_cat":[120],"product_tag":[163],"class_list":{"0":"post-2677","1":"product","2":"type-product","3":"status-publish","4":"has-post-thumbnail","6":"product_brand-msb","7":"product_cat-augenpflege","8":"product_tag-spezialthemen","10":"first","11":"instock","12":"taxable","13":"shipping-taxable","14":"purchasable","15":"product-type-simple"},"_links":{"self":[{"href":"https:\/\/beyondskin.nura-kibris.com\/fr\/wp-json\/wp\/v2\/product\/2677","targetHints":{"allow":["GET"]}}],"collection":[{"href":"https:\/\/beyondskin.nura-kibris.com\/fr\/wp-json\/wp\/v2\/product"}],"about":[{"href":"https:\/\/beyondskin.nura-kibris.com\/fr\/wp-json\/wp\/v2\/types\/product"}],"replies":[{"embeddable":true,"href":"https:\/\/beyondskin.nura-kibris.com\/fr\/wp-json\/wp\/v2\/comments?post=2677"}],"wp:featuredmedia":[{"embeddable":true,"href":"https:\/\/beyondskin.nura-kibris.com\/fr\/wp-json\/wp\/v2\/media\/2678"}],"wp:attachment":[{"href":"https:\/\/beyondskin.nura-kibris.com\/fr\/wp-json\/wp\/v2\/media?parent=2677"}],"wp:term":[{"taxonomy":"product_brand","embeddable":true,"href":"https:\/\/beyondskin.nura-kibris.com\/fr\/wp-json\/wp\/v2\/product_brand?post=2677"},{"taxonomy":"product_cat","embeddable":true,"href":"https:\/\/beyondskin.nura-kibris.com\/fr\/wp-json\/wp\/v2\/product_cat?post=2677"},{"taxonomy":"product_tag","embeddable":true,"href":"https:\/\/beyondskin.nura-kibris.com\/fr\/wp-json\/wp\/v2\/product_tag?post=2677"}],"curies":[{"name":"wp","href":"https:\/\/api.w.org\/{rel}","templated":true}]}}