{"id":2667,"date":"2025-06-25T10:30:04","date_gmt":"2025-06-25T10:30:04","guid":{"rendered":"https:\/\/beyond-skin.ch\/?post_type=product&#038;p=2667"},"modified":"2026-02-27T17:07:35","modified_gmt":"2026-02-27T15:07:35","slug":"sun-protection-cream-spf-50-face","status":"publish","type":"product","link":"https:\/\/beyondskin.nura-kibris.com\/fr\/produkt\/sun-protection-cream-spf-50-face\/","title":{"rendered":"Sun Protection Cream SPF 50 Face"},"content":{"rendered":"<p>Ein sorgf\u00e4ltiger Sonnenschutz ist wichtig, um vorzeitiger Hautalterung, Pigmentflecken und Hautkrebs vorzubeugen. Aber auch das Thema Anti-Ageing spielt hierbei eine grosse Rolle.<\/p>\n<p>\u00b7 Perfektioniert das Feuchtigkeitslevel der Haut<br \/>\n\u00b7 Mindert den UV-Stress der Haut und st\u00e4rkt die Schutzfunktionen<br \/>\n\u00b7 Intensiver Zellschutz und verbesserte Regeneration der Haut<br \/>\n\u00b7 Verhindert unerw\u00fcnschte und unregelm\u00e4ssige Pigmentierungen<\/p>\n<p>Hauptwirkstoffe: Tinosorb\u00ae M, Parsol, Uvinul, Aloe Vera Blattsaft Pulver, Ectoin, Allantoin, D-Panthenol, Vitamin E, Jojoba\u00f6l, Cocos\u00f6l, Sojasamen\u00f6l<\/p>\n<p>50 ml<\/p>\n","protected":false},"excerpt":{"rendered":"<p>Weiche und geschmeidige Pflegecreme f\u00fcr ungebr\u00e4unte, sonnenempfindliche Haut. Durch innovative UVA\/UVB Filter wird die Haut vor lichtbedingter Hautalterung optimal gesch\u00fctzt.<\/p>\n","protected":false},"featured_media":2668,"comment_status":"open","ping_status":"closed","template":"","meta":[],"product_brand":[51],"product_cat":[125],"product_tag":[170],"class_list":{"0":"post-2667","1":"product","2":"type-product","3":"status-publish","4":"has-post-thumbnail","6":"product_brand-msb","7":"product_cat-sonnenschutz","8":"product_tag-sichere-sonnengekuesste-haut","10":"first","11":"instock","12":"taxable","13":"shipping-taxable","14":"purchasable","15":"product-type-simple"},"_links":{"self":[{"href":"https:\/\/beyondskin.nura-kibris.com\/fr\/wp-json\/wp\/v2\/product\/2667","targetHints":{"allow":["GET"]}}],"collection":[{"href":"https:\/\/beyondskin.nura-kibris.com\/fr\/wp-json\/wp\/v2\/product"}],"about":[{"href":"https:\/\/beyondskin.nura-kibris.com\/fr\/wp-json\/wp\/v2\/types\/product"}],"replies":[{"embeddable":true,"href":"https:\/\/beyondskin.nura-kibris.com\/fr\/wp-json\/wp\/v2\/comments?post=2667"}],"wp:featuredmedia":[{"embeddable":true,"href":"https:\/\/beyondskin.nura-kibris.com\/fr\/wp-json\/wp\/v2\/media\/2668"}],"wp:attachment":[{"href":"https:\/\/beyondskin.nura-kibris.com\/fr\/wp-json\/wp\/v2\/media?parent=2667"}],"wp:term":[{"taxonomy":"product_brand","embeddable":true,"href":"https:\/\/beyondskin.nura-kibris.com\/fr\/wp-json\/wp\/v2\/product_brand?post=2667"},{"taxonomy":"product_cat","embeddable":true,"href":"https:\/\/beyondskin.nura-kibris.com\/fr\/wp-json\/wp\/v2\/product_cat?post=2667"},{"taxonomy":"product_tag","embeddable":true,"href":"https:\/\/beyondskin.nura-kibris.com\/fr\/wp-json\/wp\/v2\/product_tag?post=2667"}],"curies":[{"name":"wp","href":"https:\/\/api.w.org\/{rel}","templated":true}]}}