{"id":2659,"date":"2025-06-25T10:16:25","date_gmt":"2025-06-25T10:16:25","guid":{"rendered":"https:\/\/beyond-skin.ch\/?post_type=product&#038;p=2659"},"modified":"2026-02-27T17:06:24","modified_gmt":"2026-02-27T15:06:24","slug":"sensitive-cream","status":"publish","type":"product","link":"https:\/\/beyondskin.nura-kibris.com\/fr\/produkt\/sensitive-cream\/","title":{"rendered":"Sensitive Cream"},"content":{"rendered":"<p>Sensible und empfindliche Haut reagiert besonders gegen\u00fcber \u00e4usseren Reizen und neigt zu R\u00f6tungen, Reizungen und Unreinheiten. Die Wahl der richtigen Pflegeprodukte ist essentiell und kann der Haut helfen ihre nat\u00fcrliche Widerstandskraft zu verbessern.<\/p>\n<p>\u00b7 F\u00fchrt Feuchtigkeit zu und bewahrt vor Feuchtigkeitsverlust<br \/>\n\u00b7 Wirkt beruhigend, entspannend<br \/>\n\u00b7 Versorgt die Haut mit notwendigen Lipiden<br \/>\n\u00b7 Bringt die Haut ins Gleichgewicht<br \/>\n\u00b7 L\u00e4sst die Haut frischer, strahlender und geschmeidiger aussehen<\/p>\n<p>Hauptwirkstoffe: Gatuline\u00ae Skin Repair Bio, Avocado\u00f6l, Sheabutter, Kamille-Bisabolol Komplex, Allantoin, D-Panthenol<\/p>\n<p>50 ml<\/p>\n","protected":false},"excerpt":{"rendered":"<p>Regenerative, ausgleichende Pflege zur Harmonisierung sensibler und zu Allergien neigender Haut.<\/p>\n","protected":false},"featured_media":2660,"comment_status":"open","ping_status":"closed","template":"","meta":[],"product_brand":[51],"product_cat":[119],"product_tag":[164,163,160],"class_list":{"0":"post-2659","1":"product","2":"type-product","3":"status-publish","4":"has-post-thumbnail","6":"product_brand-msb","7":"product_cat-cremen","8":"product_tag-reaktive-haut","9":"product_tag-spezialthemen","10":"product_tag-trockene-haut","12":"first","13":"instock","14":"taxable","15":"shipping-taxable","16":"purchasable","17":"product-type-simple"},"_links":{"self":[{"href":"https:\/\/beyondskin.nura-kibris.com\/fr\/wp-json\/wp\/v2\/product\/2659","targetHints":{"allow":["GET"]}}],"collection":[{"href":"https:\/\/beyondskin.nura-kibris.com\/fr\/wp-json\/wp\/v2\/product"}],"about":[{"href":"https:\/\/beyondskin.nura-kibris.com\/fr\/wp-json\/wp\/v2\/types\/product"}],"replies":[{"embeddable":true,"href":"https:\/\/beyondskin.nura-kibris.com\/fr\/wp-json\/wp\/v2\/comments?post=2659"}],"wp:featuredmedia":[{"embeddable":true,"href":"https:\/\/beyondskin.nura-kibris.com\/fr\/wp-json\/wp\/v2\/media\/2660"}],"wp:attachment":[{"href":"https:\/\/beyondskin.nura-kibris.com\/fr\/wp-json\/wp\/v2\/media?parent=2659"}],"wp:term":[{"taxonomy":"product_brand","embeddable":true,"href":"https:\/\/beyondskin.nura-kibris.com\/fr\/wp-json\/wp\/v2\/product_brand?post=2659"},{"taxonomy":"product_cat","embeddable":true,"href":"https:\/\/beyondskin.nura-kibris.com\/fr\/wp-json\/wp\/v2\/product_cat?post=2659"},{"taxonomy":"product_tag","embeddable":true,"href":"https:\/\/beyondskin.nura-kibris.com\/fr\/wp-json\/wp\/v2\/product_tag?post=2659"}],"curies":[{"name":"wp","href":"https:\/\/api.w.org\/{rel}","templated":true}]}}