{"id":2655,"date":"2025-06-25T10:11:41","date_gmt":"2025-06-25T10:11:41","guid":{"rendered":"https:\/\/beyond-skin.ch\/?post_type=product&#038;p=2655"},"modified":"2026-02-27T17:05:06","modified_gmt":"2026-02-27T15:05:06","slug":"face-cream","status":"publish","type":"product","link":"https:\/\/beyondskin.nura-kibris.com\/fr\/produkt\/face-cream\/","title":{"rendered":"Face Cream"},"content":{"rendered":"<p>Das Ziel einer guten Gesichtscreme ist es, den guten Hautzustand zu bewahren und zu sch\u00fctzen. Denn eine unproblematische Haut ist nicht zwangsl\u00e4ufig resistent gegen innere und \u00e4ussere Faktoren.<\/p>\n<p>\u00b7 Wirkt intensiv pflegend, ausgleichend und entspannend<br \/>\n\u00b7 Macht die Haut zart und geschmeidig, wirkt beruhigend<br \/>\n\u00b7 Versorgt die Haut mit Feuchtigkeit, sch\u00fctzt vor Feuchtigkeitsverlust<br \/>\n\u00b7 Gl\u00e4ttet, strafft und festigt die Haut<br \/>\n\u00b7 St\u00e4rkt die Widerstandskraft der Haut<\/p>\n<p>Hauptwirkstoffe: Jojoba\u00f6l, Vitamin E, Hyalurons\u00e4ure, CrodamolTM ISIS, MultiEx BSASMTM, K\u00fcstenkamille, Pentavitin\u00ae<\/p>\n<p>50 ml<\/p>\n","protected":false},"excerpt":{"rendered":"<p>Samtig weiche Pflegecreme, die der Haut ein entspanntes und glattes Aussehen verleiht.<\/p>\n","protected":false},"featured_media":2656,"comment_status":"open","ping_status":"closed","template":"","meta":[],"product_brand":[51],"product_cat":[119],"product_tag":[155,160],"class_list":{"0":"post-2655","1":"product","2":"type-product","3":"status-publish","4":"has-post-thumbnail","6":"product_brand-msb","7":"product_cat-cremen","8":"product_tag-anti-aging","9":"product_tag-trockene-haut","11":"first","12":"instock","13":"taxable","14":"shipping-taxable","15":"purchasable","16":"product-type-simple"},"_links":{"self":[{"href":"https:\/\/beyondskin.nura-kibris.com\/fr\/wp-json\/wp\/v2\/product\/2655","targetHints":{"allow":["GET"]}}],"collection":[{"href":"https:\/\/beyondskin.nura-kibris.com\/fr\/wp-json\/wp\/v2\/product"}],"about":[{"href":"https:\/\/beyondskin.nura-kibris.com\/fr\/wp-json\/wp\/v2\/types\/product"}],"replies":[{"embeddable":true,"href":"https:\/\/beyondskin.nura-kibris.com\/fr\/wp-json\/wp\/v2\/comments?post=2655"}],"wp:featuredmedia":[{"embeddable":true,"href":"https:\/\/beyondskin.nura-kibris.com\/fr\/wp-json\/wp\/v2\/media\/2656"}],"wp:attachment":[{"href":"https:\/\/beyondskin.nura-kibris.com\/fr\/wp-json\/wp\/v2\/media?parent=2655"}],"wp:term":[{"taxonomy":"product_brand","embeddable":true,"href":"https:\/\/beyondskin.nura-kibris.com\/fr\/wp-json\/wp\/v2\/product_brand?post=2655"},{"taxonomy":"product_cat","embeddable":true,"href":"https:\/\/beyondskin.nura-kibris.com\/fr\/wp-json\/wp\/v2\/product_cat?post=2655"},{"taxonomy":"product_tag","embeddable":true,"href":"https:\/\/beyondskin.nura-kibris.com\/fr\/wp-json\/wp\/v2\/product_tag?post=2655"}],"curies":[{"name":"wp","href":"https:\/\/api.w.org\/{rel}","templated":true}]}}