{"id":2653,"date":"2025-06-25T10:08:20","date_gmt":"2025-06-25T10:08:20","guid":{"rendered":"https:\/\/beyond-skin.ch\/?post_type=product&#038;p=2653"},"modified":"2026-02-27T17:02:08","modified_gmt":"2026-02-27T15:02:08","slug":"mask-cream","status":"publish","type":"product","link":"https:\/\/beyondskin.nura-kibris.com\/fr\/produkt\/mask-cream\/","title":{"rendered":"Mask Cream"},"content":{"rendered":"<p>Die Geheimwaffe gegen m\u00fcde und gestresste Haut sind Crememasken. Mit ihren konzentrierten Inhaltsstoffen dringen sie tief in die Haut ein. Die Allrounder k\u00f6nnen wirklich fast alles: Feuchtigkeit spenden, gl\u00e4tten oder einfach mal eine bewusste Auszeit mit einer Extraportion Pflege bieten.<\/p>\n<p>\u00b7 L\u00e4sst die Haut erholt und entspannt aussehen<br \/>\n\u00b7 Das Hautbild wirkt feiner, vitaler und frischer<br \/>\n\u00b7 Gl\u00e4ttet Linien und F\u00e4ltchen<br \/>\n\u00b7 Wirkt feuchtigkeitsausgleichend<br \/>\n\u00b7 Die Haut erscheint glatter, elastischer<\/p>\n<p>Hauptwirkstoffe: Syn\u00ae-Ake, Vitamin E, Jojoba\u00f6l, D-Panthenol<\/p>\n<p>50 ml<\/p>\n","protected":false},"excerpt":{"rendered":"<p>Angenehm frische und effektive Crememaske als sinnvolle Erg\u00e4nzung zum t\u00e4glichen Pflegeprogramm. Regelm\u00e4\u00dfig angewandt verleiht die Maske der Haut Geschmeidigkeit und Ausstrahlung.<\/p>\n","protected":false},"featured_media":2654,"comment_status":"open","ping_status":"closed","template":"","meta":[],"product_brand":[51],"product_cat":[117],"product_tag":[155,158,163],"class_list":{"0":"post-2653","1":"product","2":"type-product","3":"status-publish","4":"has-post-thumbnail","6":"product_brand-msb","7":"product_cat-masken","8":"product_tag-anti-aging","9":"product_tag-pigmentierung","10":"product_tag-spezialthemen","12":"first","13":"instock","14":"taxable","15":"shipping-taxable","16":"purchasable","17":"product-type-simple"},"_links":{"self":[{"href":"https:\/\/beyondskin.nura-kibris.com\/fr\/wp-json\/wp\/v2\/product\/2653","targetHints":{"allow":["GET"]}}],"collection":[{"href":"https:\/\/beyondskin.nura-kibris.com\/fr\/wp-json\/wp\/v2\/product"}],"about":[{"href":"https:\/\/beyondskin.nura-kibris.com\/fr\/wp-json\/wp\/v2\/types\/product"}],"replies":[{"embeddable":true,"href":"https:\/\/beyondskin.nura-kibris.com\/fr\/wp-json\/wp\/v2\/comments?post=2653"}],"wp:featuredmedia":[{"embeddable":true,"href":"https:\/\/beyondskin.nura-kibris.com\/fr\/wp-json\/wp\/v2\/media\/2654"}],"wp:attachment":[{"href":"https:\/\/beyondskin.nura-kibris.com\/fr\/wp-json\/wp\/v2\/media?parent=2653"}],"wp:term":[{"taxonomy":"product_brand","embeddable":true,"href":"https:\/\/beyondskin.nura-kibris.com\/fr\/wp-json\/wp\/v2\/product_brand?post=2653"},{"taxonomy":"product_cat","embeddable":true,"href":"https:\/\/beyondskin.nura-kibris.com\/fr\/wp-json\/wp\/v2\/product_cat?post=2653"},{"taxonomy":"product_tag","embeddable":true,"href":"https:\/\/beyondskin.nura-kibris.com\/fr\/wp-json\/wp\/v2\/product_tag?post=2653"}],"curies":[{"name":"wp","href":"https:\/\/api.w.org\/{rel}","templated":true}]}}