{"id":2637,"date":"2025-06-25T09:49:13","date_gmt":"2025-06-25T09:49:13","guid":{"rendered":"https:\/\/beyond-skin.ch\/?post_type=product&#038;p=2637"},"modified":"2026-02-27T16:59:35","modified_gmt":"2026-02-27T14:59:35","slug":"night-day-collagen","status":"publish","type":"product","link":"https:\/\/beyondskin.nura-kibris.com\/fr\/produkt\/night-day-collagen\/","title":{"rendered":"Night &#038; Day Collagen"},"content":{"rendered":"<p>Collagen ist essentiell f\u00fcr den Aufbau und die St\u00fctzfunktion des Gewebes, es sorgt f\u00fcr ein pralles und glattes Hautbild.<\/p>\n<p>\u00b7 Verbessert das Feuchthalteverm\u00f6gen der Haut<br \/>\n\u00b7 Polstert F\u00e4ltchen auf<br \/>\n\u00b7 F\u00f6rdert die Zellregeneration<br \/>\n\u00b7 Verbessert Elastizit\u00e4t und Spannkraft der Haut<br \/>\n\u00b7 Entspannt die Gesichtsz\u00fcge<br \/>\n\u00b7 L\u00e4sst die Haut zarter, elastischer und praller erscheinen<\/p>\n<p>Hauptwirkstoffe: Natives, l\u00f6sliches Collagen, Arginin, Hydrolite\u00ae5<\/p>\n<p>30 ml \u2022 50 ml<\/p>\n","protected":false},"excerpt":{"rendered":"<p>Multiaktives Pflege- und Aufbauserum auf Basis von l\u00f6slichem Collagen f\u00fcr schon bestehende Falten.<\/p>\n","protected":false},"featured_media":2640,"comment_status":"open","ping_status":"closed","template":"","meta":[],"product_brand":[51],"product_cat":[118],"product_tag":[155],"class_list":{"0":"post-2637","1":"product","2":"type-product","3":"status-publish","4":"has-post-thumbnail","6":"product_brand-msb","7":"product_cat-seren","8":"product_tag-anti-aging","10":"first","11":"instock","12":"taxable","13":"shipping-taxable","14":"purchasable","15":"product-type-variable"},"_links":{"self":[{"href":"https:\/\/beyondskin.nura-kibris.com\/fr\/wp-json\/wp\/v2\/product\/2637","targetHints":{"allow":["GET"]}}],"collection":[{"href":"https:\/\/beyondskin.nura-kibris.com\/fr\/wp-json\/wp\/v2\/product"}],"about":[{"href":"https:\/\/beyondskin.nura-kibris.com\/fr\/wp-json\/wp\/v2\/types\/product"}],"replies":[{"embeddable":true,"href":"https:\/\/beyondskin.nura-kibris.com\/fr\/wp-json\/wp\/v2\/comments?post=2637"}],"wp:featuredmedia":[{"embeddable":true,"href":"https:\/\/beyondskin.nura-kibris.com\/fr\/wp-json\/wp\/v2\/media\/2640"}],"wp:attachment":[{"href":"https:\/\/beyondskin.nura-kibris.com\/fr\/wp-json\/wp\/v2\/media?parent=2637"}],"wp:term":[{"taxonomy":"product_brand","embeddable":true,"href":"https:\/\/beyondskin.nura-kibris.com\/fr\/wp-json\/wp\/v2\/product_brand?post=2637"},{"taxonomy":"product_cat","embeddable":true,"href":"https:\/\/beyondskin.nura-kibris.com\/fr\/wp-json\/wp\/v2\/product_cat?post=2637"},{"taxonomy":"product_tag","embeddable":true,"href":"https:\/\/beyondskin.nura-kibris.com\/fr\/wp-json\/wp\/v2\/product_tag?post=2637"}],"curies":[{"name":"wp","href":"https:\/\/api.w.org\/{rel}","templated":true}]}}