{"id":2630,"date":"2025-06-25T09:11:18","date_gmt":"2025-06-25T09:11:18","guid":{"rendered":"https:\/\/beyond-skin.ch\/?post_type=product&#038;p=2630"},"modified":"2026-02-27T16:58:58","modified_gmt":"2026-02-27T14:58:58","slug":"sensitive-hydro-gel-serum","status":"publish","type":"product","link":"https:\/\/beyondskin.nura-kibris.com\/fr\/produkt\/sensitive-hydro-gel-serum\/","title":{"rendered":"Sensitive Hydro Gel Serum"},"content":{"rendered":"<p>Eine wichtige Aufgabe der Haut ist ihre Funktion als Feuchthalteorgan und Feuchtigkeitsspeicher. Eine gut durchfeuchtete Haut sieht gesund, strahlend und glatt aus. Sie l\u00e4sst sich nicht so leicht aus dem Gleichgewicht bringen und ist widerstandsf\u00e4higer gegen\u00fcber Umweltfaktoren und weiteren sch\u00e4digenden Einfl\u00fcssen.<\/p>\n<p>\u00b7 Stellt das physiologische Gleichgewicht der Haut wieder her<br \/>\n\u00b7 Verleiht sofort ein entspanntes Hautgef\u00fchl<br \/>\n\u00b7 Versorgt die Haut nachhaltig mit Feuchtigkeit<br \/>\n\u00b7 Festigt die Haut und minimiert Linien und Falten<\/p>\n<p>Hauptwirkstoffe: Hyalurons\u00e4ure, Inositol, D-Panthenol, NMF (nat\u00fcrliche Feuchtigkeitsfaktoren = Lactil\u00ae), Pentavitin\u00ae, Glyzerin, Vitamin E<\/p>\n<p>30 ml \u2022 50 ml<\/p>\n","protected":false},"excerpt":{"rendered":"<p>Intensiv befeuchtendes Gel auf Hyalurons\u00e4urebasis zur optimalen Feuchtigkeitsversorgung von empfindlicher und insbesondere trockener, reifer Haut.<\/p>\n","protected":false},"featured_media":2633,"comment_status":"open","ping_status":"closed","template":"","meta":[],"product_brand":[51],"product_cat":[118],"product_tag":[160],"class_list":{"0":"post-2630","1":"product","2":"type-product","3":"status-publish","4":"has-post-thumbnail","6":"product_brand-msb","7":"product_cat-seren","8":"product_tag-trockene-haut","10":"first","11":"instock","12":"taxable","13":"shipping-taxable","14":"purchasable","15":"product-type-variable"},"_links":{"self":[{"href":"https:\/\/beyondskin.nura-kibris.com\/fr\/wp-json\/wp\/v2\/product\/2630","targetHints":{"allow":["GET"]}}],"collection":[{"href":"https:\/\/beyondskin.nura-kibris.com\/fr\/wp-json\/wp\/v2\/product"}],"about":[{"href":"https:\/\/beyondskin.nura-kibris.com\/fr\/wp-json\/wp\/v2\/types\/product"}],"replies":[{"embeddable":true,"href":"https:\/\/beyondskin.nura-kibris.com\/fr\/wp-json\/wp\/v2\/comments?post=2630"}],"wp:featuredmedia":[{"embeddable":true,"href":"https:\/\/beyondskin.nura-kibris.com\/fr\/wp-json\/wp\/v2\/media\/2633"}],"wp:attachment":[{"href":"https:\/\/beyondskin.nura-kibris.com\/fr\/wp-json\/wp\/v2\/media?parent=2630"}],"wp:term":[{"taxonomy":"product_brand","embeddable":true,"href":"https:\/\/beyondskin.nura-kibris.com\/fr\/wp-json\/wp\/v2\/product_brand?post=2630"},{"taxonomy":"product_cat","embeddable":true,"href":"https:\/\/beyondskin.nura-kibris.com\/fr\/wp-json\/wp\/v2\/product_cat?post=2630"},{"taxonomy":"product_tag","embeddable":true,"href":"https:\/\/beyondskin.nura-kibris.com\/fr\/wp-json\/wp\/v2\/product_tag?post=2630"}],"curies":[{"name":"wp","href":"https:\/\/api.w.org\/{rel}","templated":true}]}}