{"id":2620,"date":"2025-06-25T08:52:19","date_gmt":"2025-06-25T08:52:19","guid":{"rendered":"https:\/\/beyond-skin.ch\/?post_type=product&#038;p=2620"},"modified":"2026-02-27T16:57:05","modified_gmt":"2026-02-27T14:57:05","slug":"quick-clean-eye-make-up-remover","status":"publish","type":"product","link":"https:\/\/beyondskin.nura-kibris.com\/fr\/produkt\/quick-clean-eye-make-up-remover\/","title":{"rendered":"Quick &#038; Clean Eye Make-up Remover"},"content":{"rendered":"<p>Auch das sch\u00f6nste Augen Make-up muss einmal runter, doch beim aufwendigen Abschminken am Abend sind Panda-Augen meist vorprogrammiert. Farbreste im Augenwinkel, verschmierter Kajal, Mascara-Kr\u00fcmel in den Wimpern \u2013 mit der richtigen Technik und einem guten Produkt geh\u00f6ren diese unsch\u00f6nen Spuren jetzt der Vergangenheit an.<\/p>\n<p>\u00b7 Reinigt schonend und zuverl\u00e4ssig<br \/>\n\u00b7 Pflegt und bes\u00e4nftigt die empfindliche Haut der Augenpartie<br \/>\n\u00b7 Wirkt feuchtigkeitsspendend und verleiht den Wimpern eine seidige Ausstrahlung<br \/>\n\u00b7 Verhindert Schwellungen und R\u00f6tungen durch Reibung<br \/>\n\u00b7 F\u00fcr Kontaktlinsentr\u00e4ger geeignet<\/p>\n<p>Hauptwirkstoffe: Omega 3\/6\/9-haltiges Pflanzen\u00f6l, Argan\u00f6l, Shambrilla\u00f6l, K\u00fcstenkamille<\/p>\n<p>150 ml<\/p>\n","protected":false},"excerpt":{"rendered":"<p>Ultra sanftes 2-Phasen Liquid zur gr\u00fcndlichen Entfernung von Augen-Make-up und Lippenstift.<\/p>\n","protected":false},"featured_media":2621,"comment_status":"open","ping_status":"closed","template":"","meta":[],"product_brand":[51],"product_cat":[114],"product_tag":[159],"class_list":{"0":"post-2620","1":"product","2":"type-product","3":"status-publish","4":"has-post-thumbnail","6":"product_brand-msb","7":"product_cat-reinigungen","8":"product_tag-akne-unreine-haut-poren","10":"first","11":"instock","12":"taxable","13":"shipping-taxable","14":"purchasable","15":"product-type-simple"},"_links":{"self":[{"href":"https:\/\/beyondskin.nura-kibris.com\/fr\/wp-json\/wp\/v2\/product\/2620","targetHints":{"allow":["GET"]}}],"collection":[{"href":"https:\/\/beyondskin.nura-kibris.com\/fr\/wp-json\/wp\/v2\/product"}],"about":[{"href":"https:\/\/beyondskin.nura-kibris.com\/fr\/wp-json\/wp\/v2\/types\/product"}],"replies":[{"embeddable":true,"href":"https:\/\/beyondskin.nura-kibris.com\/fr\/wp-json\/wp\/v2\/comments?post=2620"}],"wp:featuredmedia":[{"embeddable":true,"href":"https:\/\/beyondskin.nura-kibris.com\/fr\/wp-json\/wp\/v2\/media\/2621"}],"wp:attachment":[{"href":"https:\/\/beyondskin.nura-kibris.com\/fr\/wp-json\/wp\/v2\/media?parent=2620"}],"wp:term":[{"taxonomy":"product_brand","embeddable":true,"href":"https:\/\/beyondskin.nura-kibris.com\/fr\/wp-json\/wp\/v2\/product_brand?post=2620"},{"taxonomy":"product_cat","embeddable":true,"href":"https:\/\/beyondskin.nura-kibris.com\/fr\/wp-json\/wp\/v2\/product_cat?post=2620"},{"taxonomy":"product_tag","embeddable":true,"href":"https:\/\/beyondskin.nura-kibris.com\/fr\/wp-json\/wp\/v2\/product_tag?post=2620"}],"curies":[{"name":"wp","href":"https:\/\/api.w.org\/{rel}","templated":true}]}}