{"id":2618,"date":"2025-06-25T07:59:25","date_gmt":"2025-06-25T07:59:25","guid":{"rendered":"https:\/\/beyond-skin.ch\/?post_type=product&#038;p=2618"},"modified":"2026-02-27T16:56:50","modified_gmt":"2026-02-27T14:56:50","slug":"day-by-day-enzyme-powder","status":"publish","type":"product","link":"https:\/\/beyondskin.nura-kibris.com\/fr\/produkt\/day-by-day-enzyme-powder\/","title":{"rendered":"Day by Day Enzyme Powder"},"content":{"rendered":"<p>Sch\u00f6ne Haut spielt in jedem Lebensalter eine wichtige Rolle. Um die nat\u00fcrliche Regeneration der Haut zu optimieren und zu beschleunigen, bilden Peelings eine sinnvolle Erg\u00e4nzung zur Basisreinigung. Das Enzym-Peeling hat sich daf\u00fcr besonders bew\u00e4hrt, denn es bietet schnelle Hilfe und ist dabei besonders sanft zur Haut.<\/p>\n<p>\u00b7 L\u00f6st effizient Verhornungen, Talg- und Lipidablagerungen<br \/>\n\u00b7 Mindert Unreinheiten sanft und dennoch porentief<br \/>\n\u00b7 Aktiviert die Hauterneuerung<br \/>\n\u00b7 Beruhigt und bewahrt vor Feuchtigkeitsverlust<\/p>\n<p>Hauptwirkstoffe: Zymo Clear MD, Aminos\u00e4ure-Tensid, Natriumbikarbonat, Kaolin, Aloe Vera Gel Powder, Inositol, Coffein, Niacin, MPCTM, Allantoin, Ectoin<\/p>\n<p>30 x 1 g<\/p>\n","protected":false},"excerpt":{"rendered":"<p>Sanftes Enzym-Peeling, das effizient Verhornungen, Talg- und Lipidablagerungen l\u00f6st. Die Haut wirkt erfrischt, mattiert und ebenm\u00e4\u00dfig und ist optimal auf jeden weiteren Pflegeschritt vorbereitet.<\/p>\n","protected":false},"featured_media":2619,"comment_status":"open","ping_status":"closed","template":"","meta":[],"product_brand":[51],"product_cat":[115],"product_tag":[159],"class_list":{"0":"post-2618","1":"product","2":"type-product","3":"status-publish","4":"has-post-thumbnail","6":"product_brand-msb","7":"product_cat-peelings-fruchtsaeuren","8":"product_tag-akne-unreine-haut-poren","10":"first","11":"instock","12":"taxable","13":"shipping-taxable","14":"purchasable","15":"product-type-simple"},"_links":{"self":[{"href":"https:\/\/beyondskin.nura-kibris.com\/fr\/wp-json\/wp\/v2\/product\/2618","targetHints":{"allow":["GET"]}}],"collection":[{"href":"https:\/\/beyondskin.nura-kibris.com\/fr\/wp-json\/wp\/v2\/product"}],"about":[{"href":"https:\/\/beyondskin.nura-kibris.com\/fr\/wp-json\/wp\/v2\/types\/product"}],"replies":[{"embeddable":true,"href":"https:\/\/beyondskin.nura-kibris.com\/fr\/wp-json\/wp\/v2\/comments?post=2618"}],"wp:featuredmedia":[{"embeddable":true,"href":"https:\/\/beyondskin.nura-kibris.com\/fr\/wp-json\/wp\/v2\/media\/2619"}],"wp:attachment":[{"href":"https:\/\/beyondskin.nura-kibris.com\/fr\/wp-json\/wp\/v2\/media?parent=2618"}],"wp:term":[{"taxonomy":"product_brand","embeddable":true,"href":"https:\/\/beyondskin.nura-kibris.com\/fr\/wp-json\/wp\/v2\/product_brand?post=2618"},{"taxonomy":"product_cat","embeddable":true,"href":"https:\/\/beyondskin.nura-kibris.com\/fr\/wp-json\/wp\/v2\/product_cat?post=2618"},{"taxonomy":"product_tag","embeddable":true,"href":"https:\/\/beyondskin.nura-kibris.com\/fr\/wp-json\/wp\/v2\/product_tag?post=2618"}],"curies":[{"name":"wp","href":"https:\/\/api.w.org\/{rel}","templated":true}]}}