{"id":2615,"date":"2025-06-25T07:48:17","date_gmt":"2025-06-25T07:48:17","guid":{"rendered":"https:\/\/beyond-skin.ch\/?post_type=product&#038;p=2615"},"modified":"2026-02-27T16:56:10","modified_gmt":"2026-02-27T14:56:10","slug":"tonic-1","status":"publish","type":"product","link":"https:\/\/beyondskin.nura-kibris.com\/fr\/produkt\/tonic-1\/","title":{"rendered":"Tonic 1+"},"content":{"rendered":"<p>Die richtige Gesichtsreinigung setzt den Grundstein f\u00fcr ein dauerhaft sch\u00f6nes und gepflegtes Hautbild. Hautreinigungsmittel z\u00e4hlen nicht umsonst zu den wichtigsten Artikeln in der Hautpflege und sind die Voraussetzung f\u00fcr weitere Pflegema\u00dfnahmen.<\/p>\n<p>\u00b7 Neutralisiert die Auswirkungen harten Wassers<br \/>\n\u00b7 Schenkt der Haut Frische und Wohlgef\u00fchl<br \/>\n\u00b7 Gibt auch zwischendurch m\u00fcder Haut neue Energie<br \/>\n\u00b7 Kann \u00fcber Make-up gepattert werden<br \/>\n\u00b7 Idealer \u201eFrischekick\u201c unterwegs auf Reisen<br \/>\n\u00b7 Wirkt entz\u00fcndungshemmend und antibakteriell<\/p>\n<p>Hauptwirkstoffe: Hyalurons\u00e4ure, Hydrolite\u00ae5, Urea, D-Panthenol, Ginkgo Biloba, Seetang, K\u00fcstenkamille<\/p>\n<p>150 ml<\/p>\n<p>&nbsp;<\/p>\n<p>&nbsp;<\/p>\n","protected":false},"excerpt":{"rendered":"<p>Stimulierende und erfrischende Lotion, die den Feuchtigkeitsgehalt der Haut f\u00f6rdert und reguliert.<\/p>\n","protected":false},"featured_media":2616,"comment_status":"open","ping_status":"closed","template":"","meta":[],"product_brand":[51],"product_cat":[116],"product_tag":[160],"class_list":{"0":"post-2615","1":"product","2":"type-product","3":"status-publish","4":"has-post-thumbnail","6":"product_brand-msb","7":"product_cat-toner","8":"product_tag-trockene-haut","10":"first","11":"instock","12":"taxable","13":"shipping-taxable","14":"purchasable","15":"product-type-simple"},"_links":{"self":[{"href":"https:\/\/beyondskin.nura-kibris.com\/fr\/wp-json\/wp\/v2\/product\/2615","targetHints":{"allow":["GET"]}}],"collection":[{"href":"https:\/\/beyondskin.nura-kibris.com\/fr\/wp-json\/wp\/v2\/product"}],"about":[{"href":"https:\/\/beyondskin.nura-kibris.com\/fr\/wp-json\/wp\/v2\/types\/product"}],"replies":[{"embeddable":true,"href":"https:\/\/beyondskin.nura-kibris.com\/fr\/wp-json\/wp\/v2\/comments?post=2615"}],"wp:featuredmedia":[{"embeddable":true,"href":"https:\/\/beyondskin.nura-kibris.com\/fr\/wp-json\/wp\/v2\/media\/2616"}],"wp:attachment":[{"href":"https:\/\/beyondskin.nura-kibris.com\/fr\/wp-json\/wp\/v2\/media?parent=2615"}],"wp:term":[{"taxonomy":"product_brand","embeddable":true,"href":"https:\/\/beyondskin.nura-kibris.com\/fr\/wp-json\/wp\/v2\/product_brand?post=2615"},{"taxonomy":"product_cat","embeddable":true,"href":"https:\/\/beyondskin.nura-kibris.com\/fr\/wp-json\/wp\/v2\/product_cat?post=2615"},{"taxonomy":"product_tag","embeddable":true,"href":"https:\/\/beyondskin.nura-kibris.com\/fr\/wp-json\/wp\/v2\/product_tag?post=2615"}],"curies":[{"name":"wp","href":"https:\/\/api.w.org\/{rel}","templated":true}]}}