{"id":2208,"date":"2025-06-16T13:02:07","date_gmt":"2025-06-16T13:02:07","guid":{"rendered":"https:\/\/beyond-skin.ch\/?post_type=product&#038;p=2208"},"modified":"2026-02-27T16:55:52","modified_gmt":"2026-02-27T14:55:52","slug":"the-vip-set","status":"publish","type":"product","link":"https:\/\/beyondskin.nura-kibris.com\/fr\/produkt\/the-vip-set\/","title":{"rendered":"The VIP Set"},"content":{"rendered":"<p>Enth\u00e4lt:<\/p>\n<p>8x Elixir de Volume 6 ml<br \/>\n1x Lip Perfection Overnight Mask 10 ml<br \/>\n1x Deep Regenerating Lip Balm 2 ml<\/p>\n<p>&nbsp;<\/p>\n<p>Erleben Sie die Kunst der Lippenperfektion mit dem exklusiven Set von Monika Heiligmann!<\/p>\n<p>Dieses limitierte Set enth\u00e4lt drei unverzichtbare Produkte, die mit den besten Inhaltsstoffen sorgf\u00e4ltig zusammengestellt wurden. Das Monika Heiligmann Lip Care Atelier hat sich der Exzellenz und den innovativen Formeln verschrieben, um eine umfassende und transformative Lippenpflege zu gew\u00e4hrleisten.<\/p>\n<p>Avant-Garde Lip Collection:<\/p>\n<p><strong>Elixir de Volume:<\/strong><br \/>\nEntwickelt, um Ihr t\u00e4gliches Sch\u00f6nheitsritual zu Hause mit einer harmonischen Verschmelzung von Make-up und Hautpflege zu bereichern. Dieses einzigartige Serum sorgt sowohl f\u00fcr sofortige als auch f\u00fcr langfristige F\u00fclle. Die wissenschaftlich erprobte Formel dringt bis in die tiefsten Schichten Ihrer Lippen ein und sorgt f\u00fcr eine dauerhafte und sichtbare Ver\u00e4nderung. Das Serum spendet Feuchtigkeit, verbessert die Mikrozirkulation des Blutes, stimuliert die Kollagenproduktion und unterst\u00fctzt die Reparatur der Hautbarriere f\u00fcr transformative Ergebnisse.<\/p>\n<p><strong>Lip Perfecting Overnight Mask:<\/strong><br \/>\nLassen Sie die Magie der Nacht auf sich wirken, mit unserer nicht-invasiven Lip Perfecting Overnight Mask. Sie spendet Feuchtigkeit, polstert auf und reduziert feine Linien, w\u00e4hrend sie den Regenerationsprozess der Haut f\u00f6rdert und intensiv das Lippenvolumen aufbaut. Wachen Sie mit verj\u00fcngten und glatten Lippen auf, bereit zu strahlen.<\/p>\n<p><strong>Deep Regenerating Lip Balm:<\/strong><br \/>\nBeleben Sie Ihre ausgetrockneten Lippen mit unserem Tiefenregenerierenden Lippenbalsam, Ihrem unverzichtbaren Begleiter f\u00fcr jeden Tag. Dieser Balsam bietet sofortige Linderung von Trockenheit und Irritationen und spendet nicht nur Feuchtigkeit, sondern hilft auch bei der Regeneration von rissigen Lippen.<\/p>\n","protected":false},"excerpt":{"rendered":"<p><strong>Avant-Garde Lip Care Collection<\/strong><\/p>\n<p>Ob als Geschenk f\u00fcr sich selbst oder eine besondere Person, in diesem exklusivem Coffret befinden sich unsere einzigartigen Lippenk\u00fcnstler.<\/p>\n<p>Erh\u00f6hen Sie die Attraktivit\u00e4t Ihrer Lippen mit unserer besonderen Auswahl an Elixir de Volume, das sowohl f\u00fcr sofortige als auch f\u00fcr langfristige F\u00fclle sorgt.<\/p>\n<p>Lassen Sie die Nacht auf sich wirken mit unserer nicht-invasiven Lip Perfecting Overnight Mask, welche Feuchtigkeit spendet und die Lippen maximal aufpolstert &#8211; f\u00fcr einen definierten und volumin\u00f6sen Look am Morgen.<\/p>\n<p>Perfekt mit Feuchtigkeit versorgte, beruhigte und erholte Lippen mit unserem Tiefenregenerierenden Lippenbalsam.<\/p>\n","protected":false},"featured_media":2211,"comment_status":"open","ping_status":"closed","template":"","meta":[],"product_brand":[46],"product_cat":[121,126],"product_tag":[161,163],"class_list":{"0":"post-2208","1":"product","2":"type-product","3":"status-publish","4":"has-post-thumbnail","6":"product_brand-monika-heiligmann-paris","7":"product_cat-lippenpflege","8":"product_cat-specials-sets","9":"product_tag-lippen","10":"product_tag-spezialthemen","11":"product_shipping_class-nur-ch-li","13":"first","14":"instock","15":"taxable","16":"shipping-taxable","17":"purchasable","18":"product-type-simple"},"_links":{"self":[{"href":"https:\/\/beyondskin.nura-kibris.com\/fr\/wp-json\/wp\/v2\/product\/2208","targetHints":{"allow":["GET"]}}],"collection":[{"href":"https:\/\/beyondskin.nura-kibris.com\/fr\/wp-json\/wp\/v2\/product"}],"about":[{"href":"https:\/\/beyondskin.nura-kibris.com\/fr\/wp-json\/wp\/v2\/types\/product"}],"replies":[{"embeddable":true,"href":"https:\/\/beyondskin.nura-kibris.com\/fr\/wp-json\/wp\/v2\/comments?post=2208"}],"wp:featuredmedia":[{"embeddable":true,"href":"https:\/\/beyondskin.nura-kibris.com\/fr\/wp-json\/wp\/v2\/media\/2211"}],"wp:attachment":[{"href":"https:\/\/beyondskin.nura-kibris.com\/fr\/wp-json\/wp\/v2\/media?parent=2208"}],"wp:term":[{"taxonomy":"product_brand","embeddable":true,"href":"https:\/\/beyondskin.nura-kibris.com\/fr\/wp-json\/wp\/v2\/product_brand?post=2208"},{"taxonomy":"product_cat","embeddable":true,"href":"https:\/\/beyondskin.nura-kibris.com\/fr\/wp-json\/wp\/v2\/product_cat?post=2208"},{"taxonomy":"product_tag","embeddable":true,"href":"https:\/\/beyondskin.nura-kibris.com\/fr\/wp-json\/wp\/v2\/product_tag?post=2208"}],"curies":[{"name":"wp","href":"https:\/\/api.w.org\/{rel}","templated":true}]}}