{"id":2196,"date":"2025-06-12T13:52:51","date_gmt":"2025-06-12T13:52:51","guid":{"rendered":"https:\/\/beyond-skin.ch\/?post_type=product&#038;p=2196"},"modified":"2026-02-27T16:55:14","modified_gmt":"2026-02-27T14:55:14","slug":"travel-set-over-night-peeling-face-concentrate-rich-cream","status":"publish","type":"product","link":"https:\/\/beyondskin.nura-kibris.com\/fr\/produkt\/travel-set-over-night-peeling-face-concentrate-rich-cream\/","title":{"rendered":"Travel Set \u2022 Over Night Peeling &#8211; Face Concentrate &#8211; Rich Cream"},"content":{"rendered":"<p>Die optimale Verpackungsgr\u00f6\u00dfe f\u00fcr M\u00e4nner, die viel unterwegs sind. Das komplette MBR\u00ae Pflegeprogramm in einer handlichen und robusten Verpackung erm\u00f6glicht eine unkomplizierte und praktische Hautpflege f\u00fcr anspruchsvolle M\u00e4nnerhaut auch im Urlaub und auf Reisen.<\/p>\n<p><strong>Over Night Peeling<\/strong><br \/>\n&#8211; Unterst\u00fctzt die nat\u00fcrlichen Hautfunktionen<br \/>\n&#8211; Entfernt abgestorbene Hautzellen und Talgablagerungen<br \/>\n&#8211; Optimiert die hauteigene Barrierefunktion und erh\u00f6ht so die Widerstandskraft der Haut<br \/>\n&#8211; Regt die Mikrozirkulation an und wirkt zellstimulierend\/-verj\u00fcngend auf die Zellen<br \/>\n&#8211; Wirkt antioxidativ<br \/>\n&#8211; Pflegt die Haut optimal, verleiht ihr Geschmeidigkeit und ein angenehm weiches Hautgef\u00fchl<\/p>\n<p><strong>Face Concentrate<\/strong><br \/>\n&#8211; Entspannt gezielt die Gesichtsz\u00fcge dank schneller Minderung der Mikrokontraktionen der Gesichtsmuskulatur<br \/>\n&#8211; Gl\u00e4ttet und reduziert Linien und F\u00e4ltchen<br \/>\n&#8211; Aktiviert die Hautelastizit\u00e4t und verbessert die Hautfestigkeit<br \/>\n&#8211; Wirkt beruhigend und ausgleichend<br \/>\n&#8211; Erh\u00f6ht das Feuchthalteverm\u00f6gen der Haut<\/p>\n<p><strong>Rich Cream<\/strong><br \/>\n&#8211; Versorgt die Haut mit Lipiden und wirkt dem Austrocknen entgegen<br \/>\n&#8211; Stimuliert die Collagensynthese und sorgt so f\u00fcr Gewebefestigkeit und Elastizit\u00e4t der Haut<br \/>\n&#8211; Wirkt beruhigend, entz\u00fcndungshemmend<br \/>\n&#8211; Verbessert sichtbar die Oberfl\u00e4chenstruktur der Haut<\/p>\n","protected":false},"excerpt":{"rendered":"<p><strong>Die praktischen Reisebegleiter<\/strong><\/p>\n<p>Over Night Peeling &#8211; 50 ml<\/p>\n<p>Face Concentrate &#8211; 50 ml<\/p>\n<p>Rich Cream &#8211; 50 ml<\/p>\n","protected":false},"featured_media":2197,"comment_status":"open","ping_status":"closed","template":"","meta":[],"product_brand":[40],"product_cat":[124,126],"product_tag":[155,163],"class_list":{"0":"post-2196","1":"product","2":"type-product","3":"status-publish","4":"has-post-thumbnail","6":"product_brand-mbr","7":"product_cat-maennerpflege","8":"product_cat-specials-sets","9":"product_tag-anti-aging","10":"product_tag-spezialthemen","12":"first","13":"instock","14":"taxable","15":"shipping-taxable","16":"purchasable","17":"product-type-simple"},"_links":{"self":[{"href":"https:\/\/beyondskin.nura-kibris.com\/fr\/wp-json\/wp\/v2\/product\/2196","targetHints":{"allow":["GET"]}}],"collection":[{"href":"https:\/\/beyondskin.nura-kibris.com\/fr\/wp-json\/wp\/v2\/product"}],"about":[{"href":"https:\/\/beyondskin.nura-kibris.com\/fr\/wp-json\/wp\/v2\/types\/product"}],"replies":[{"embeddable":true,"href":"https:\/\/beyondskin.nura-kibris.com\/fr\/wp-json\/wp\/v2\/comments?post=2196"}],"wp:featuredmedia":[{"embeddable":true,"href":"https:\/\/beyondskin.nura-kibris.com\/fr\/wp-json\/wp\/v2\/media\/2197"}],"wp:attachment":[{"href":"https:\/\/beyondskin.nura-kibris.com\/fr\/wp-json\/wp\/v2\/media?parent=2196"}],"wp:term":[{"taxonomy":"product_brand","embeddable":true,"href":"https:\/\/beyondskin.nura-kibris.com\/fr\/wp-json\/wp\/v2\/product_brand?post=2196"},{"taxonomy":"product_cat","embeddable":true,"href":"https:\/\/beyondskin.nura-kibris.com\/fr\/wp-json\/wp\/v2\/product_cat?post=2196"},{"taxonomy":"product_tag","embeddable":true,"href":"https:\/\/beyondskin.nura-kibris.com\/fr\/wp-json\/wp\/v2\/product_tag?post=2196"}],"curies":[{"name":"wp","href":"https:\/\/api.w.org\/{rel}","templated":true}]}}