{"id":2184,"date":"2025-06-12T13:02:25","date_gmt":"2025-06-12T13:02:25","guid":{"rendered":"https:\/\/beyond-skin.ch\/?post_type=product&#038;p=2184"},"modified":"2026-02-27T16:49:05","modified_gmt":"2026-02-27T14:49:05","slug":"the-best-collection-variante-i","status":"publish","type":"product","link":"https:\/\/beyondskin.nura-kibris.com\/fr\/produkt\/the-best-collection-variante-i\/","title":{"rendered":"THE BEST Collection Variante I"},"content":{"rendered":"<p>THE BEST Collection ist die richtige Wahl f\u00fcr alle, die das Au\u00dfergew\u00f6hnliche lieben! Das MBR\u00ae Pflegeprinzip \u00d6FFNEN \u2013 VERSORGEN \u2013 SCHLIESSEN in vollendeter Perfektion. Schenken Sie sich und Ihrer Haut ein Pflegeerlebnis der Superlative! Erhalten Sie die komplette THE BEST Collection in einem luxuri\u00f6sen und praktischen Koffer.<\/p>\n<p><strong>Enzyme Cleansing Booster<\/strong><br \/>\n&#8211; Luxuri\u00f6se, sanfte und dennoch porentiefe Reinigung der Hautoberfl\u00e4che<br \/>\n&#8211; L\u00f6st effizient Verhornungen, Talg- und Lipidablagerungen<br \/>\n&#8211; Mindert Unreinheiten<br \/>\n&#8211; Aktiviert die Hauterneuerung<br \/>\n&#8211; Unterst\u00fctzt den Zellstoffwechsel und f\u00f6rdert Detox-Vorg\u00e4nge<br \/>\n&#8211; Optimiert die Aufnahmef\u00e4higkeit der Haut f\u00fcr nachfolgende Produkte<br \/>\n&#8211; Beruhigt und bewahrt den Feuchtigkeitshaushalt<br \/>\n&#8211; Reguliert den pH-Wert der Haut<br \/>\n&#8211; F\u00fcr ein mattiertes und ebenm\u00e4\u00dfiges Hautbild<\/p>\n<p><strong>THE BEST Concentrate<\/strong><br \/>\n&#8211; Revitalisiert die Fibroblastenaktivit\u00e4t mit dem Ergebnis einer gesteigerten Kollagen-\/Elastinproduktion in der Haut<br \/>\n&#8211; Polstert Falten von innen wieder auf<br \/>\n&#8211; Gl\u00e4ttet, gibt der Haut langfristig Volumen zur\u00fcck<br \/>\n&#8211; Gleicht den Mangel an Hautfestigung aus<br \/>\n&#8211; F\u00f6rdert die Verj\u00fcngung der Hautzellen<br \/>\n&#8211; Gleicht den Feuchtigkeitsgehalt der Haut aus<\/p>\n<p><strong>THE BEST Face<\/strong><br \/>\n&#8211; Revitalisiert die Aktivit\u00e4t der Fibroblasten mit dem Ergebnis einer gesteigerten Kollagen-\/Elastinproduktion in der Haut<br \/>\n&#8211; Gleicht den Mangel an Hautfestigung aus<br \/>\n&#8211; F\u00f6rdert die Verj\u00fcngung der Hautzellen<br \/>\n&#8211; Entspannt Mimikfalten und reduziert feine Linien und F\u00e4ltchen<br \/>\n&#8211; Die Haut erlangt Volumen und zeigt ein bemerkenswert frischeres, glatteres und j\u00fcngeres Aussehen<br \/>\n&#8211; F\u00fcr jeden Hauttyp geeignet und empfehlenswert ab 35 Jahren<\/p>\n<p><strong>THE BEST Eye<\/strong><br \/>\n&#8211; Revitalisiert die Aktivit\u00e4t der Fibroblasten mit dem Ergebnis einer gesteigerten Kollagen-\/Elastinproduktion in der Haut<br \/>\n&#8211; Reduziert Linien, F\u00e4ltchen und Ausdruckslinien rund um die Augen<br \/>\n&#8211; Verfeinert das Hautbild<br \/>\n&#8211; Verhindert das Austrocknen der zarten Augenpartie<br \/>\n&#8211; Sch\u00fctzt durch eine unsichtbare Schutzschicht die Haut vor sch\u00e4dlichen Umwelteinfl\u00fcssen<\/p>\n<p><strong>THE BEST Neck &amp; Bust<\/strong><br \/>\n&#8211; Revitalisiert die Aktivit\u00e4t der Fibroblasten mit dem Ergebnis einer gesteigerten Collagen-\/Elastinproduktion in der Haut<br \/>\n&#8211; Strafft und festigt sichtbar Hals, Dekollet\u00e9 und B\u00fcste<br \/>\n&#8211; Reduziert Linien und F\u00e4ltchen<br \/>\n&#8211; Aktiviert gezielt die hauteigenen Zellfunktionen<br \/>\n&#8211; Die Haut zeigt ein bemerkenswert glatteres und festeres Aussehen<br \/>\n&#8211; Lichtreflektierende Partikel lassen die Haut glatter erscheinen<\/p>\n","protected":false},"excerpt":{"rendered":"<p><strong>Das THE BEST Sch\u00f6nheitsritual<\/strong><\/p>\n<p>Enzyme Cleansing Booster &#8211; 80 g<\/p>\n<p>THE BEST Concentrate &#8211; 15 ml<\/p>\n<p>THE BEST Face &#8211; 50 ml<\/p>\n<p>THE BEST Eye &#8211; 30 ml<\/p>\n<p>THE BEST Neck &amp; Bust &#8211; 200 ml<\/p>\n","protected":false},"featured_media":2185,"comment_status":"open","ping_status":"closed","template":"","meta":[],"product_brand":[40],"product_cat":[126],"product_tag":[155,163],"class_list":{"0":"post-2184","1":"product","2":"type-product","3":"status-publish","4":"has-post-thumbnail","6":"product_brand-mbr","7":"product_cat-specials-sets","8":"product_tag-anti-aging","9":"product_tag-spezialthemen","11":"first","12":"instock","13":"taxable","14":"shipping-taxable","15":"purchasable","16":"product-type-simple"},"_links":{"self":[{"href":"https:\/\/beyondskin.nura-kibris.com\/fr\/wp-json\/wp\/v2\/product\/2184","targetHints":{"allow":["GET"]}}],"collection":[{"href":"https:\/\/beyondskin.nura-kibris.com\/fr\/wp-json\/wp\/v2\/product"}],"about":[{"href":"https:\/\/beyondskin.nura-kibris.com\/fr\/wp-json\/wp\/v2\/types\/product"}],"replies":[{"embeddable":true,"href":"https:\/\/beyondskin.nura-kibris.com\/fr\/wp-json\/wp\/v2\/comments?post=2184"}],"wp:featuredmedia":[{"embeddable":true,"href":"https:\/\/beyondskin.nura-kibris.com\/fr\/wp-json\/wp\/v2\/media\/2185"}],"wp:attachment":[{"href":"https:\/\/beyondskin.nura-kibris.com\/fr\/wp-json\/wp\/v2\/media?parent=2184"}],"wp:term":[{"taxonomy":"product_brand","embeddable":true,"href":"https:\/\/beyondskin.nura-kibris.com\/fr\/wp-json\/wp\/v2\/product_brand?post=2184"},{"taxonomy":"product_cat","embeddable":true,"href":"https:\/\/beyondskin.nura-kibris.com\/fr\/wp-json\/wp\/v2\/product_cat?post=2184"},{"taxonomy":"product_tag","embeddable":true,"href":"https:\/\/beyondskin.nura-kibris.com\/fr\/wp-json\/wp\/v2\/product_tag?post=2184"}],"curies":[{"name":"wp","href":"https:\/\/api.w.org\/{rel}","templated":true}]}}