{"id":2157,"date":"2025-06-12T11:52:13","date_gmt":"2025-06-12T11:52:13","guid":{"rendered":"https:\/\/beyond-skin.ch\/?post_type=product&#038;p=2157"},"modified":"2026-02-26T15:33:20","modified_gmt":"2026-02-26T13:33:20","slug":"mbr-elements-soap-set","status":"publish","type":"product","link":"https:\/\/beyondskin.nura-kibris.com\/fr\/produkt\/mbr-elements-soap-set\/","title":{"rendered":"MBR\u00ae Elements Soap Set"},"content":{"rendered":"<p>Mit dem Soap Set vereinen wir f\u00fcnf luxuri\u00f6se Seifen mit den verf\u00fchrerischen D\u00fcften unserer MBR\u00ae Elements Kollektion. Diese rein pflanzlichen Seifen sind eine wunderbare Geschenkidee die durch ihren verlockenden Duft und ihre pflegenden Eigenschaften begeistern.<\/p>\n<p>&#8211; Eine Kombination pflegender Pflanzen\u00f6le aus nachhaltigem, kontrolliertem Anbau<br \/>\n&#8211; Reinigt die Haut ohne sie auszutrocknen<br \/>\n&#8211; Frei von Mikroplastik, Silikonen und Parabenen<br \/>\n&#8211; Hautschonender ph-Wert (ca. 8)<br \/>\n&#8211; Vegan und ohne Tierversuche<br \/>\n&#8211; Sehr ergiebig und nachhaltig, auch auf Reisen<\/p>\n<p>Hauptwirkstoffe:<\/p>\n<p>NATURAL &amp; PURE Soap<br \/>\nTonkabohne, Roibusch, Moschus, Bl\u00e4ttern von wei\u00dfen Bl\u00fcten.<\/p>\n<p>HARMONY &amp; BALANCE Soap<br \/>\nPfirsich, Rose,Pfingstrose, wei\u00dfer Moschus, Amber.<\/p>\n<p>PERFECT &amp; BRILLANT<br \/>\nBergamotte, schwarze Johannisbeere, Tuberose, Veilchen, Weihrauch.<\/p>\n<p>PERFORMANCE &amp; ENERGY<br \/>\nZitrone, Grapefruit, Apfel, Patchouli, Sandelholz, Vetiver.<\/p>\n<p>FUN &amp; SUN<br \/>\nMandarine, Blutorange, Apfel, Aprikose, Freesie, Moschus.<\/p>\n<p>5 x 50 g<\/p>\n","protected":false},"excerpt":{"rendered":"<h3>Die Seifenkollektion der MBR\u00ae Liniend\u00fcfte<\/h3>\n","protected":false},"featured_media":2159,"comment_status":"open","ping_status":"closed","template":"","meta":[],"product_brand":[40],"product_cat":[127,114,126],"product_tag":[171],"class_list":{"0":"post-2157","1":"product","2":"type-product","3":"status-publish","4":"has-post-thumbnail","6":"product_brand-mbr","7":"product_cat-duefte-seifen","8":"product_cat-reinigungen","9":"product_cat-specials-sets","10":"product_tag-duefte-aromen-seifen","12":"first","13":"instock","14":"taxable","15":"shipping-taxable","16":"purchasable","17":"product-type-simple"},"_links":{"self":[{"href":"https:\/\/beyondskin.nura-kibris.com\/fr\/wp-json\/wp\/v2\/product\/2157","targetHints":{"allow":["GET"]}}],"collection":[{"href":"https:\/\/beyondskin.nura-kibris.com\/fr\/wp-json\/wp\/v2\/product"}],"about":[{"href":"https:\/\/beyondskin.nura-kibris.com\/fr\/wp-json\/wp\/v2\/types\/product"}],"replies":[{"embeddable":true,"href":"https:\/\/beyondskin.nura-kibris.com\/fr\/wp-json\/wp\/v2\/comments?post=2157"}],"wp:featuredmedia":[{"embeddable":true,"href":"https:\/\/beyondskin.nura-kibris.com\/fr\/wp-json\/wp\/v2\/media\/2159"}],"wp:attachment":[{"href":"https:\/\/beyondskin.nura-kibris.com\/fr\/wp-json\/wp\/v2\/media?parent=2157"}],"wp:term":[{"taxonomy":"product_brand","embeddable":true,"href":"https:\/\/beyondskin.nura-kibris.com\/fr\/wp-json\/wp\/v2\/product_brand?post=2157"},{"taxonomy":"product_cat","embeddable":true,"href":"https:\/\/beyondskin.nura-kibris.com\/fr\/wp-json\/wp\/v2\/product_cat?post=2157"},{"taxonomy":"product_tag","embeddable":true,"href":"https:\/\/beyondskin.nura-kibris.com\/fr\/wp-json\/wp\/v2\/product_tag?post=2157"}],"curies":[{"name":"wp","href":"https:\/\/api.w.org\/{rel}","templated":true}]}}