{"id":2154,"date":"2025-06-12T11:38:36","date_gmt":"2025-06-12T11:38:36","guid":{"rendered":"https:\/\/beyond-skin.ch\/?post_type=product&#038;p=2154"},"modified":"2026-02-26T15:33:14","modified_gmt":"2026-02-26T13:33:14","slug":"lor-pure-gold-edp","status":"publish","type":"product","link":"https:\/\/beyondskin.nura-kibris.com\/fr\/produkt\/lor-pure-gold-edp\/","title":{"rendered":"l\u00b4OR PURE GOLD EdP"},"content":{"rendered":"<p>Die Komposition<br \/>\n\u00dcberraschend pr\u00e4sentieren sich die belebenden Nuancen von Zitrusfr\u00fcchten, Apfel und Pfirsich in der Kopfnote. Berauschend sinnlich verlocken wertvolle florale Akkorde aus Jasmin, Lavendel, Lavandin und gr\u00fcnen Noten das Herz. Ein Hauch von Amber, Zedernholz, Moschus, Patchouli und Vanille geben Bestand und Pers\u00f6nlichkeit. Unvergleichlich ist der Eindruck, den dieser Duft auf der Haut und in der Nase zur\u00fcckl\u00e4sst: Das reine, ehrliche Gef\u00fchl von purem Begehren, purem Luxus, purem Gold.<\/p>\n<p>Duftnote<br \/>\n&#8211; Kopfnote: Zitrusfr\u00fcchte, Apfel, Pfirsich<br \/>\n&#8211; Herznote: Jasmin, Lavendel, gr\u00fcne Noten<br \/>\n&#8211; Basisnote: Amber, Zedernholz, Patchouli, Vanille<\/p>\n<p>100 ml<\/p>\n","protected":false},"excerpt":{"rendered":"<p><strong>Schenkt exotisches Ferienfeeling und Sonne im Herzen<\/strong><\/p>\n","protected":false},"featured_media":2156,"comment_status":"open","ping_status":"closed","template":"","meta":[],"product_brand":[40],"product_cat":[127],"product_tag":[171],"class_list":{"0":"post-2154","1":"product","2":"type-product","3":"status-publish","4":"has-post-thumbnail","6":"product_brand-mbr","7":"product_cat-duefte-seifen","8":"product_tag-duefte-aromen-seifen","10":"first","11":"instock","12":"taxable","13":"shipping-taxable","14":"purchasable","15":"product-type-simple"},"_links":{"self":[{"href":"https:\/\/beyondskin.nura-kibris.com\/fr\/wp-json\/wp\/v2\/product\/2154","targetHints":{"allow":["GET"]}}],"collection":[{"href":"https:\/\/beyondskin.nura-kibris.com\/fr\/wp-json\/wp\/v2\/product"}],"about":[{"href":"https:\/\/beyondskin.nura-kibris.com\/fr\/wp-json\/wp\/v2\/types\/product"}],"replies":[{"embeddable":true,"href":"https:\/\/beyondskin.nura-kibris.com\/fr\/wp-json\/wp\/v2\/comments?post=2154"}],"wp:featuredmedia":[{"embeddable":true,"href":"https:\/\/beyondskin.nura-kibris.com\/fr\/wp-json\/wp\/v2\/media\/2156"}],"wp:attachment":[{"href":"https:\/\/beyondskin.nura-kibris.com\/fr\/wp-json\/wp\/v2\/media?parent=2154"}],"wp:term":[{"taxonomy":"product_brand","embeddable":true,"href":"https:\/\/beyondskin.nura-kibris.com\/fr\/wp-json\/wp\/v2\/product_brand?post=2154"},{"taxonomy":"product_cat","embeddable":true,"href":"https:\/\/beyondskin.nura-kibris.com\/fr\/wp-json\/wp\/v2\/product_cat?post=2154"},{"taxonomy":"product_tag","embeddable":true,"href":"https:\/\/beyondskin.nura-kibris.com\/fr\/wp-json\/wp\/v2\/product_tag?post=2154"}],"curies":[{"name":"wp","href":"https:\/\/api.w.org\/{rel}","templated":true}]}}