{"id":2147,"date":"2025-06-12T11:23:51","date_gmt":"2025-06-12T11:23:51","guid":{"rendered":"https:\/\/beyond-skin.ch\/?post_type=product&#038;p=2147"},"modified":"2026-02-26T15:32:54","modified_gmt":"2026-02-26T13:32:54","slug":"performance-energy-edp","status":"publish","type":"product","link":"https:\/\/beyondskin.nura-kibris.com\/fr\/produkt\/performance-energy-edp\/","title":{"rendered":"PERFORMANCE &#038; ENERGY EdP"},"content":{"rendered":"<p>Die Komposition<br \/>\nFrisch und fr\u00f6hlich begleitet das Entr\u00e9e des Duftes den Tr\u00e4ger mit Noten aus Zitrone, Grapefruit und einem gr\u00fcnen Akkord. Die ultimative Kombination aus Apfel und Lavendel im Herzen des Duftes verfehlen ihre Wirkung gemeinsam mit der starken Basis aus Patchouli, Sandelholz und Vetiver nicht \u2013 dieser Duft verk\u00f6rpert Gradlinigkeit und Ehrgeiz und strebt kompromisslos ein klares Ziel an: exzellente Leistung und neue Energie \u2013 Performance &amp; Energy.<\/p>\n<p>Duftnote<br \/>\n&#8211; Kopfnote: Zitrone, Grapefruit, gr\u00fcner Akkord<br \/>\n&#8211; Herznote: Apfel, Lavendel<br \/>\n&#8211; Basisnote: Patchouli, Sandelholz, Vetiver<\/p>\n<p>50 ml<\/p>\n","protected":false},"excerpt":{"rendered":"<p><strong>Maskulin, unwiderstehlich verf\u00fchrerisch.<\/strong><\/p>\n","protected":false},"featured_media":2148,"comment_status":"open","ping_status":"closed","template":"","meta":[],"product_brand":[40],"product_cat":[127,124],"product_tag":[171],"class_list":{"0":"post-2147","1":"product","2":"type-product","3":"status-publish","4":"has-post-thumbnail","6":"product_brand-mbr","7":"product_cat-duefte-seifen","8":"product_cat-maennerpflege","9":"product_tag-duefte-aromen-seifen","11":"first","12":"instock","13":"taxable","14":"shipping-taxable","15":"purchasable","16":"product-type-simple"},"_links":{"self":[{"href":"https:\/\/beyondskin.nura-kibris.com\/fr\/wp-json\/wp\/v2\/product\/2147","targetHints":{"allow":["GET"]}}],"collection":[{"href":"https:\/\/beyondskin.nura-kibris.com\/fr\/wp-json\/wp\/v2\/product"}],"about":[{"href":"https:\/\/beyondskin.nura-kibris.com\/fr\/wp-json\/wp\/v2\/types\/product"}],"replies":[{"embeddable":true,"href":"https:\/\/beyondskin.nura-kibris.com\/fr\/wp-json\/wp\/v2\/comments?post=2147"}],"wp:featuredmedia":[{"embeddable":true,"href":"https:\/\/beyondskin.nura-kibris.com\/fr\/wp-json\/wp\/v2\/media\/2148"}],"wp:attachment":[{"href":"https:\/\/beyondskin.nura-kibris.com\/fr\/wp-json\/wp\/v2\/media?parent=2147"}],"wp:term":[{"taxonomy":"product_brand","embeddable":true,"href":"https:\/\/beyondskin.nura-kibris.com\/fr\/wp-json\/wp\/v2\/product_brand?post=2147"},{"taxonomy":"product_cat","embeddable":true,"href":"https:\/\/beyondskin.nura-kibris.com\/fr\/wp-json\/wp\/v2\/product_cat?post=2147"},{"taxonomy":"product_tag","embeddable":true,"href":"https:\/\/beyondskin.nura-kibris.com\/fr\/wp-json\/wp\/v2\/product_tag?post=2147"}],"curies":[{"name":"wp","href":"https:\/\/api.w.org\/{rel}","templated":true}]}}